{"id":40247,"date":"2026-03-22T12:39:11","date_gmt":"2026-03-22T09:39:11","guid":{"rendered":"https:\/\/www.gasia.com.tr\/?post_type=product&#038;p=40247"},"modified":"2026-04-13T12:52:35","modified_gmt":"2026-04-13T09:52:35","slug":"inci-yakut-ve-sari-pirlanta-tasli-cicek-yuzuk","status":"publish","type":"product","link":"https:\/\/www.gasia.com.tr\/en\/collections\/inci-yakut-ve-sari-pirlanta-tasli-cicek-yuzuk\/","title":{"rendered":"\u0130nci, Yakut ve Sar\u0131 P\u0131rlanta Ta\u015fl\u0131 \u00c7i\u00e7ek Y\u00fcz\u00fck"},"content":{"rendered":"<p>Merkezde yer alan do\u011fal inci, \u00e7evresindeki \u00e7i\u00e7ek formundaki ta\u015flarla birle\u015ferek dikkat \u00e7ekici bir kompozisyon olu\u015fturur. K\u0131rm\u0131z\u0131 yakut ta\u015flar ve sar\u0131 p\u0131rlanta detaylar, tasar\u0131ma renk ve derinlik kazand\u0131r\u0131rken, ince i\u015f\u00e7ilikli alt\u0131n form y\u00fcz\u00fc\u011fe zarif bir hareket katar. Do\u011fadan ilham alan bu \u00f6zel tasar\u0131m, g\u00fc\u00e7l\u00fc ve \u00f6zg\u00fcn bir stil sunar.<\/p>","protected":false},"excerpt":{"rendered":"<ul>\n<li>18 Ayar Alt\u0131n<\/li>\n<li>0,28 ct P\u0131rlanta<\/li>\n<li>0,0,62 ct\u00a0 Sar\u0131 P\u0131rlanta<\/li>\n<li>1,78 ct Damla Kesim Safir<\/li>\n<\/ul>","protected":false},"featured_media":40248,"comment_status":"open","ping_status":"closed","template":"","meta":[],"product_brand":[77],"product_cat":[76],"product_tag":[289,336,565,2162,2165,566,577,2160,520,2163,961,2164,651,450,340,562,1872,1021,2161,655],"class_list":{"0":"post-40247","1":"product","2":"type-product","3":"status-publish","4":"has-post-thumbnail","6":"product_brand-gasia","7":"product_cat-yuzuk-modelleri","8":"product_tag-altin-yuzuk","9":"product_tag-cicek-yuzuk","10":"product_tag-designer-ring","11":"product_tag-dogal-inci-yuzuk","12":"product_tag-flower-ring","13":"product_tag-gemstone-ring","14":"product_tag-gold-ring","15":"product_tag-inci-yuzuk","16":"product_tag-kadin-yuzuk","17":"product_tag-pearl-ring","18":"product_tag-renkli-tasli-yuzuk","19":"product_tag-ruby-ring","20":"product_tag-sari-pirlanta-yuzuk","21":"product_tag-statement-ring","22":"product_tag-tasarim-yuzuk","23":"product_tag-tasli-yuzuk","24":"product_tag-unique-ring","25":"product_tag-women-ring","26":"product_tag-yakut-yuzuk","27":"product_tag-yellow-diamond-ring","28":"pa_cinsiyet-kadin","30":"first","31":"instock","32":"shipping-taxable","33":"purchasable","34":"product-type-simple"},"_links":{"self":[{"href":"https:\/\/www.gasia.com.tr\/en\/wp-json\/wp\/v2\/product\/40247","targetHints":{"allow":["GET"]}}],"collection":[{"href":"https:\/\/www.gasia.com.tr\/en\/wp-json\/wp\/v2\/product"}],"about":[{"href":"https:\/\/www.gasia.com.tr\/en\/wp-json\/wp\/v2\/types\/product"}],"replies":[{"embeddable":true,"href":"https:\/\/www.gasia.com.tr\/en\/wp-json\/wp\/v2\/comments?post=40247"}],"version-history":[{"count":3,"href":"https:\/\/www.gasia.com.tr\/en\/wp-json\/wp\/v2\/product\/40247\/revisions"}],"predecessor-version":[{"id":41983,"href":"https:\/\/www.gasia.com.tr\/en\/wp-json\/wp\/v2\/product\/40247\/revisions\/41983"}],"wp:featuredmedia":[{"embeddable":true,"href":"https:\/\/www.gasia.com.tr\/en\/wp-json\/wp\/v2\/media\/40248"}],"wp:attachment":[{"href":"https:\/\/www.gasia.com.tr\/en\/wp-json\/wp\/v2\/media?parent=40247"}],"wp:term":[{"taxonomy":"product_brand","embeddable":true,"href":"https:\/\/www.gasia.com.tr\/en\/wp-json\/wp\/v2\/product_brand?post=40247"},{"taxonomy":"product_cat","embeddable":true,"href":"https:\/\/www.gasia.com.tr\/en\/wp-json\/wp\/v2\/product_cat?post=40247"},{"taxonomy":"product_tag","embeddable":true,"href":"https:\/\/www.gasia.com.tr\/en\/wp-json\/wp\/v2\/product_tag?post=40247"}],"curies":[{"name":"wp","href":"https:\/\/api.w.org\/{rel}","templated":true}]}}