{"id":40252,"date":"2026-02-27T00:00:00","date_gmt":"2026-02-26T21:00:00","guid":{"rendered":"https:\/\/www.gasia.com.tr\/?post_type=product&#038;p=40252"},"modified":"2026-03-30T22:46:03","modified_gmt":"2026-03-30T19:46:03","slug":"zumrut-ve-pirlanta-tasli-altin-kolye","status":"publish","type":"product","link":"https:\/\/www.gasia.com.tr\/en\/collections\/zumrut-ve-pirlanta-tasli-altin-kolye\/","title":{"rendered":"Z\u00fcmr\u00fct ve P\u0131rlanta Ta\u015fl\u0131 Alt\u0131n Kolye"},"content":{"rendered":"<p>Canl\u0131 ye\u015fil tonuyla \u00f6ne \u00e7\u0131kan z\u00fcmr\u00fct ta\u015f\u0131, yan\u0131nda yer alan p\u0131rlanta detay ile dengeli ve zarif bir g\u00f6r\u00fcn\u00fcm sunar. Minimal formu sayesinde sade ama dikkat \u00e7ekici bir etki yarat\u0131r. \u0130nce alt\u0131n zinciriyle tamamlanan bu tasar\u0131m, g\u00fc\u00e7l\u00fc renk kontrast\u0131n\u0131 modern bir \u00e7izgiyle bulu\u015fturur.<\/p>","protected":false},"excerpt":{"rendered":"<p>Canl\u0131 ye\u015fil tonuyla \u00f6ne \u00e7\u0131kan z\u00fcmr\u00fct ta\u015f\u0131, yan\u0131nda yer alan p\u0131rlanta detay ile dengeli ve zarif bir g\u00f6r\u00fcn\u00fcm sunar. Minimal<\/p>","protected":false},"featured_media":40253,"comment_status":"open","ping_status":"closed","template":"","meta":[],"product_brand":[],"product_cat":[75],"product_tag":[278,2168,633,294,1637,1408,811,322,1764,2167,473,273,323,276,274,329,1632,2166,476,1401],"class_list":{"0":"post-40252","1":"product","2":"type-product","3":"status-publish","4":"has-post-thumbnail","6":"product_cat-kolye","7":"product_tag-altin-kolye","8":"product_tag-delicate-necklace","9":"product_tag-designer-necklace","10":"product_tag-diamond-necklace","11":"product_tag-elegant-necklace","12":"product_tag-emerald-necklace","13":"product_tag-gemstone-necklace","14":"product_tag-gold-necklace","15":"product_tag-green-stone-necklace","16":"product_tag-ince-kolye","17":"product_tag-kadin-kolye","18":"product_tag-minimal-kolye","19":"product_tag-minimal-necklace","20":"product_tag-pirlanta-kolye","21":"product_tag-tasarim-kolye","22":"product_tag-tasli-kolye","23":"product_tag-women-necklace","24":"product_tag-yesil-tas-kolye","25":"product_tag-zarif-kolye","26":"product_tag-zumrut-kolye","27":"pa_cinsiyet-kadin","29":"first","30":"instock","31":"sale","32":"shipping-taxable","33":"purchasable","34":"product-type-simple"},"_links":{"self":[{"href":"https:\/\/www.gasia.com.tr\/en\/wp-json\/wp\/v2\/product\/40252","targetHints":{"allow":["GET"]}}],"collection":[{"href":"https:\/\/www.gasia.com.tr\/en\/wp-json\/wp\/v2\/product"}],"about":[{"href":"https:\/\/www.gasia.com.tr\/en\/wp-json\/wp\/v2\/types\/product"}],"replies":[{"embeddable":true,"href":"https:\/\/www.gasia.com.tr\/en\/wp-json\/wp\/v2\/comments?post=40252"}],"version-history":[{"count":2,"href":"https:\/\/www.gasia.com.tr\/en\/wp-json\/wp\/v2\/product\/40252\/revisions"}],"predecessor-version":[{"id":40255,"href":"https:\/\/www.gasia.com.tr\/en\/wp-json\/wp\/v2\/product\/40252\/revisions\/40255"}],"wp:featuredmedia":[{"embeddable":true,"href":"https:\/\/www.gasia.com.tr\/en\/wp-json\/wp\/v2\/media\/40253"}],"wp:attachment":[{"href":"https:\/\/www.gasia.com.tr\/en\/wp-json\/wp\/v2\/media?parent=40252"}],"wp:term":[{"taxonomy":"product_brand","embeddable":true,"href":"https:\/\/www.gasia.com.tr\/en\/wp-json\/wp\/v2\/product_brand?post=40252"},{"taxonomy":"product_cat","embeddable":true,"href":"https:\/\/www.gasia.com.tr\/en\/wp-json\/wp\/v2\/product_cat?post=40252"},{"taxonomy":"product_tag","embeddable":true,"href":"https:\/\/www.gasia.com.tr\/en\/wp-json\/wp\/v2\/product_tag?post=40252"}],"curies":[{"name":"wp","href":"https:\/\/api.w.org\/{rel}","templated":true}]}}