{"id":40260,"date":"2026-02-02T00:00:00","date_gmt":"2026-02-01T21:00:00","guid":{"rendered":"https:\/\/www.gasia.com.tr\/?post_type=product&#038;p=40260"},"modified":"2026-03-30T16:25:58","modified_gmt":"2026-03-30T13:25:58","slug":"baget-pirlanta-detayli-altin-zincir-halka-kupe","status":"publish","type":"product","link":"https:\/\/www.gasia.com.tr\/en\/collections\/baget-pirlanta-detayli-altin-zincir-halka-kupe\/","title":{"rendered":"Baget P\u0131rlanta Detayl\u0131 Alt\u0131n Zincir Halka K\u00fcpe"},"content":{"rendered":"<p>Zincir formundaki alt\u0131n halka \u00fczerine yerle\u015ftirilen baget kesim p\u0131rlanta, tasar\u0131ma net ve modern bir \u0131\u015f\u0131lt\u0131 kazand\u0131r\u0131r. Geometrik ta\u015f dizilimi ve g\u00fc\u00e7l\u00fc formu sayesinde sade ama dikkat \u00e7ekici bir g\u00f6r\u00fcn\u00fcm sunar. Alt\u0131n\u0131n parlak y\u00fczeyi ile birle\u015fen bu detay, k\u00fcpeye karakterli ve dengeli bir ifade katar.<\/p>","protected":false},"excerpt":{"rendered":"<p>Zincir formundaki alt\u0131n halka \u00fczerine yerle\u015ftirilen baget kesim p\u0131rlanta, tasar\u0131ma net ve modern bir \u0131\u015f\u0131lt\u0131 kazand\u0131r\u0131r. Geometrik ta\u015f dizilimi ve<\/p>","protected":false},"featured_media":40261,"comment_status":"open","ping_status":"closed","template":"","meta":[],"product_brand":[],"product_cat":[74],"product_tag":[1519,2169,2170,2025,1752,1750,2173,2128,2171,1768,1831,395,2172,392,374,375,815,813,1753,2155],"class_list":{"0":"post-40260","1":"product","2":"type-product","3":"status-publish","4":"has-post-thumbnail","6":"product_cat-kupe-modelleri","7":"product_tag-altin-halka-kupe","8":"product_tag-baget-pirlanta-kupe","9":"product_tag-baguette-diamond-earring","10":"product_tag-chain-earring","11":"product_tag-designer-earring","12":"product_tag-diamond-earring","13":"product_tag-elegant-earring","14":"product_tag-gemstone-earring","15":"product_tag-gold-hoop-earring","16":"product_tag-halka-kupe","17":"product_tag-hoop-earring","18":"product_tag-kadin-kupe","19":"product_tag-modern-earring","20":"product_tag-modern-kupe","21":"product_tag-pirlanta-kupe","22":"product_tag-sik-kupe","23":"product_tag-tasarim-kupe","24":"product_tag-tasli-kupe","25":"product_tag-women-earring","26":"product_tag-zincir-kupe","27":"pa_cinsiyet-kadin","29":"first","30":"instock","31":"shipping-taxable","32":"product-type-simple"},"_links":{"self":[{"href":"https:\/\/www.gasia.com.tr\/en\/wp-json\/wp\/v2\/product\/40260","targetHints":{"allow":["GET"]}}],"collection":[{"href":"https:\/\/www.gasia.com.tr\/en\/wp-json\/wp\/v2\/product"}],"about":[{"href":"https:\/\/www.gasia.com.tr\/en\/wp-json\/wp\/v2\/types\/product"}],"replies":[{"embeddable":true,"href":"https:\/\/www.gasia.com.tr\/en\/wp-json\/wp\/v2\/comments?post=40260"}],"version-history":[{"count":2,"href":"https:\/\/www.gasia.com.tr\/en\/wp-json\/wp\/v2\/product\/40260\/revisions"}],"predecessor-version":[{"id":40263,"href":"https:\/\/www.gasia.com.tr\/en\/wp-json\/wp\/v2\/product\/40260\/revisions\/40263"}],"wp:featuredmedia":[{"embeddable":true,"href":"https:\/\/www.gasia.com.tr\/en\/wp-json\/wp\/v2\/media\/40261"}],"wp:attachment":[{"href":"https:\/\/www.gasia.com.tr\/en\/wp-json\/wp\/v2\/media?parent=40260"}],"wp:term":[{"taxonomy":"product_brand","embeddable":true,"href":"https:\/\/www.gasia.com.tr\/en\/wp-json\/wp\/v2\/product_brand?post=40260"},{"taxonomy":"product_cat","embeddable":true,"href":"https:\/\/www.gasia.com.tr\/en\/wp-json\/wp\/v2\/product_cat?post=40260"},{"taxonomy":"product_tag","embeddable":true,"href":"https:\/\/www.gasia.com.tr\/en\/wp-json\/wp\/v2\/product_tag?post=40260"}],"curies":[{"name":"wp","href":"https:\/\/api.w.org\/{rel}","templated":true}]}}