{"id":40264,"date":"2026-03-22T13:04:47","date_gmt":"2026-03-22T10:04:47","guid":{"rendered":"https:\/\/www.gasia.com.tr\/?post_type=product&#038;p=40264"},"modified":"2026-04-13T12:49:35","modified_gmt":"2026-04-13T09:49:35","slug":"turkuaz-tasli-pirlanta-detayli-altin-yuzuk","status":"publish","type":"product","link":"https:\/\/www.gasia.com.tr\/en\/collections\/turkuaz-tasli-pirlanta-detayli-altin-yuzuk\/","title":{"rendered":"Turkuaz Ta\u015fl\u0131 P\u0131rlanta Detayl\u0131 Alt\u0131n Y\u00fcz\u00fck"},"content":{"rendered":"<p>Canl\u0131 turkuaz ta\u015f, koyu tonlu y\u00fczey \u00fczerine yerle\u015fen p\u0131rlanta detaylarla g\u00fc\u00e7l\u00fc bir kontrast olu\u015fturur. Yan b\u00f6l\u00fcmdeki \u00e7i\u00e7ek formu, tasar\u0131ma zarif bir hareket katarken y\u00fcz\u00fc\u011f\u00fcn karakterini belirginle\u015ftirir. Alt\u0131n g\u00f6vde ile tamamlanan bu \u00f6zel tasar\u0131m, renk ve form uyumuyla dikkat \u00e7eken \u00f6zg\u00fcn bir par\u00e7ad\u0131r.<\/p>","protected":false},"excerpt":{"rendered":"<ul>\n<li>18 Ayar Alt\u0131n<\/li>\n<li>925 Ayar Okside G\u00fcm\u00fc\u015f<\/li>\n<li>0,24 ct P\u0131rlanta<\/li>\n<li>4,10 ct Firuze<\/li>\n<\/ul>","protected":false},"featured_media":40265,"comment_status":"open","ping_status":"closed","template":"","meta":[],"product_brand":[],"product_cat":[76],"product_tag":[289,336,2176,565,654,1274,2136,2165,566,577,520,335,2175,340,562,2174,1284,1872,1021],"class_list":{"0":"post-40264","1":"product","2":"type-product","3":"status-publish","4":"has-post-thumbnail","6":"product_cat-yuzuk-modelleri","7":"product_tag-altin-yuzuk","8":"product_tag-cicek-yuzuk","9":"product_tag-colored-stone-ring","10":"product_tag-designer-ring","11":"product_tag-diamond-ring","12":"product_tag-dogal-tas-yuzuk","13":"product_tag-farkli-yuzuk","14":"product_tag-flower-ring","15":"product_tag-gemstone-ring","16":"product_tag-gold-ring","17":"product_tag-kadin-yuzuk","18":"product_tag-pirlanta-yuzuk","19":"product_tag-renkli-tas-yuzuk","20":"product_tag-tasarim-yuzuk","21":"product_tag-tasli-yuzuk","22":"product_tag-turkuaz-yuzuk","23":"product_tag-turquoise-ring","24":"product_tag-unique-ring","25":"product_tag-women-ring","26":"pa_cinsiyet-kadin","28":"first","29":"instock","30":"shipping-taxable","31":"purchasable","32":"product-type-simple"},"_links":{"self":[{"href":"https:\/\/www.gasia.com.tr\/en\/wp-json\/wp\/v2\/product\/40264","targetHints":{"allow":["GET"]}}],"collection":[{"href":"https:\/\/www.gasia.com.tr\/en\/wp-json\/wp\/v2\/product"}],"about":[{"href":"https:\/\/www.gasia.com.tr\/en\/wp-json\/wp\/v2\/types\/product"}],"replies":[{"embeddable":true,"href":"https:\/\/www.gasia.com.tr\/en\/wp-json\/wp\/v2\/comments?post=40264"}],"version-history":[{"count":4,"href":"https:\/\/www.gasia.com.tr\/en\/wp-json\/wp\/v2\/product\/40264\/revisions"}],"predecessor-version":[{"id":41981,"href":"https:\/\/www.gasia.com.tr\/en\/wp-json\/wp\/v2\/product\/40264\/revisions\/41981"}],"wp:featuredmedia":[{"embeddable":true,"href":"https:\/\/www.gasia.com.tr\/en\/wp-json\/wp\/v2\/media\/40265"}],"wp:attachment":[{"href":"https:\/\/www.gasia.com.tr\/en\/wp-json\/wp\/v2\/media?parent=40264"}],"wp:term":[{"taxonomy":"product_brand","embeddable":true,"href":"https:\/\/www.gasia.com.tr\/en\/wp-json\/wp\/v2\/product_brand?post=40264"},{"taxonomy":"product_cat","embeddable":true,"href":"https:\/\/www.gasia.com.tr\/en\/wp-json\/wp\/v2\/product_cat?post=40264"},{"taxonomy":"product_tag","embeddable":true,"href":"https:\/\/www.gasia.com.tr\/en\/wp-json\/wp\/v2\/product_tag?post=40264"}],"curies":[{"name":"wp","href":"https:\/\/api.w.org\/{rel}","templated":true}]}}