{"id":40268,"date":"2026-03-05T00:00:00","date_gmt":"2026-03-04T21:00:00","guid":{"rendered":"https:\/\/www.gasia.com.tr\/?post_type=product&#038;p=40268"},"modified":"2026-03-30T22:40:47","modified_gmt":"2026-03-30T19:40:47","slug":"mavi-ve-beyaz-pirlanta-tasli-fatma-ana-eli-altin-kolye","status":"publish","type":"product","link":"https:\/\/www.gasia.com.tr\/en\/collections\/mavi-ve-beyaz-pirlanta-tasli-fatma-ana-eli-altin-kolye\/","title":{"rendered":"Mavi ve Beyaz P\u0131rlanta Ta\u015fl\u0131 Fatima Ana Eli Alt\u0131n Kolye"},"content":{"rendered":"<p>Geleneksel sembolizmi modern tasar\u0131m anlay\u0131\u015f\u0131yla bulu\u015fturan bu \u00f6zel kolye, mavi ve beyaz p\u0131rlantalar\u0131n \u0131\u015f\u0131lt\u0131s\u0131yla dikkat \u00e7eker. Fatma Ana Eli formu, zarif detaylarla i\u015flenmi\u015f alt\u0131n y\u00fczey \u00fczerinde g\u00fc\u00e7l\u00fc bir koruma ve \u015fans sembol\u00fc olarak \u00f6ne \u00e7\u0131kar. Ortadaki g\u00f6z formunda yer alan mavi p\u0131rlanta, beyaz p\u0131rlantalarla \u00e7evrelenerek derinlik ve anlam katarken, tasar\u0131m\u0131n tamam\u0131na sofistike bir denge kazand\u0131r\u0131r. G\u00fcnl\u00fck kullan\u0131mdan \u00f6zel davetlere kadar stilinize anlam ve zarafet ekleyen zamans\u0131z bir par\u00e7ad\u0131r.<\/p>\n<p>&nbsp;<\/p>\n<ul>\n<li>Fat\u0131ma&#8217;n\u0131n Eli (Fatma Ana Eli) kolye , \u0130slam k\u00fclt\u00fcr\u00fcnde \u00e7ok yayg\u0131n bir sembold\u00fcr ve genellikle nazar, k\u00f6t\u00fc enerjilerden korunma, bereket, \u015fans ve sab\u0131r ile ili\u015fkilendirilir. Arap\u00e7a&#8217;da Hamsa (be\u015f anlam\u0131na gelir) olarak da bilinir ve a\u00e7\u0131k bir el \u015feklinde tasvir edilir.<\/li>\n<\/ul>","protected":false},"excerpt":{"rendered":"<ul>\n<li>18 Ayar Kolye<\/li>\n<li>0,68ct Damla Kesim P\u0131rlanta<\/li>\n<li>0,84ct Markiz Kesim P\u0131rlanta<\/li>\n<li>0,80ct Mavi Yuvarlak Kesim P\u0131rlanta<\/li>\n<li>3,36ct Beyaz Yuvarlak Kesim P\u0131rlanta<\/li>\n<\/ul>","protected":false},"featured_media":40269,"comment_status":"open","ping_status":"closed","template":"","meta":[],"product_brand":[],"product_cat":[75,198],"product_tag":[278,2098,2072,726,747,811,322,749,744,473,2177,1675,2068,1087,2178,284,329,1452,1632],"class_list":{"0":"post-40268","1":"product","2":"type-product","3":"status-publish","4":"has-post-thumbnail","6":"product_cat-kolye","7":"product_cat-eye-collection","8":"product_tag-altin-kolye","9":"product_tag-beyaz-pirlanta-kolye","10":"product_tag-blue-diamond-necklace","11":"product_tag-evil-eye-necklace","12":"product_tag-fatma-ana-eli-kolye","13":"product_tag-gemstone-necklace","14":"product_tag-gold-necklace","15":"product_tag-hamsa-kolye","16":"product_tag-hamsa-necklace","17":"product_tag-kadin-kolye","18":"product_tag-koruma-sembolu","19":"product_tag-lucky-necklace","20":"product_tag-mavi-pirlanta-kolye","21":"product_tag-nazar-kolyesi","22":"product_tag-protection-symbol","23":"product_tag-sans-kolyesi","24":"product_tag-tasli-kolye","25":"product_tag-white-diamond-necklace","26":"product_tag-women-necklace","27":"pa_cinsiyet-kadin","29":"first","30":"instock","31":"shipping-taxable","32":"product-type-simple"},"_links":{"self":[{"href":"https:\/\/www.gasia.com.tr\/en\/wp-json\/wp\/v2\/product\/40268","targetHints":{"allow":["GET"]}}],"collection":[{"href":"https:\/\/www.gasia.com.tr\/en\/wp-json\/wp\/v2\/product"}],"about":[{"href":"https:\/\/www.gasia.com.tr\/en\/wp-json\/wp\/v2\/types\/product"}],"replies":[{"embeddable":true,"href":"https:\/\/www.gasia.com.tr\/en\/wp-json\/wp\/v2\/comments?post=40268"}],"version-history":[{"count":3,"href":"https:\/\/www.gasia.com.tr\/en\/wp-json\/wp\/v2\/product\/40268\/revisions"}],"predecessor-version":[{"id":40966,"href":"https:\/\/www.gasia.com.tr\/en\/wp-json\/wp\/v2\/product\/40268\/revisions\/40966"}],"wp:featuredmedia":[{"embeddable":true,"href":"https:\/\/www.gasia.com.tr\/en\/wp-json\/wp\/v2\/media\/40269"}],"wp:attachment":[{"href":"https:\/\/www.gasia.com.tr\/en\/wp-json\/wp\/v2\/media?parent=40268"}],"wp:term":[{"taxonomy":"product_brand","embeddable":true,"href":"https:\/\/www.gasia.com.tr\/en\/wp-json\/wp\/v2\/product_brand?post=40268"},{"taxonomy":"product_cat","embeddable":true,"href":"https:\/\/www.gasia.com.tr\/en\/wp-json\/wp\/v2\/product_cat?post=40268"},{"taxonomy":"product_tag","embeddable":true,"href":"https:\/\/www.gasia.com.tr\/en\/wp-json\/wp\/v2\/product_tag?post=40268"}],"curies":[{"name":"wp","href":"https:\/\/api.w.org\/{rel}","templated":true}]}}