{"id":40271,"date":"2026-02-02T00:00:00","date_gmt":"2026-02-01T21:00:00","guid":{"rendered":"https:\/\/www.gasia.com.tr\/?post_type=product&#038;p=40271"},"modified":"2026-03-30T16:25:58","modified_gmt":"2026-03-30T13:25:58","slug":"buyuk-boy-altin-halka-kupe","status":"publish","type":"product","link":"https:\/\/www.gasia.com.tr\/en\/collections\/buyuk-boy-altin-halka-kupe\/","title":{"rendered":"B\u00fcy\u00fck Boy Alt\u0131n Halka K\u00fcpe"},"content":{"rendered":"<p>Dikkat \u00e7ekici boyutu ve g\u00fc\u00e7l\u00fc duru\u015fuyla \u00f6ne \u00e7\u0131kan bu alt\u0131n halka k\u00fcpe, klasik formu daha iddial\u0131 bir yorumla sunar. Parlak y\u00fczeyi ve kenarlardaki ince dokulu detaylar, tasar\u0131ma zenginlik katarken, b\u00fcy\u00fck formu sayesinde tek ba\u015f\u0131na stilin ana par\u00e7as\u0131 olur. G\u00fcnl\u00fck kombinlerden \u00f6zel g\u00f6r\u00fcn\u00fcmlere kadar geni\u015f bir kullan\u0131m alan\u0131 sunan bu model, sade ama etkileyici bir stil arayanlar i\u00e7in ideal bir se\u00e7imdir.<\/p>","protected":false},"excerpt":{"rendered":"<p>Dikkat \u00e7ekici boyutu ve g\u00fc\u00e7l\u00fc duru\u015fuyla \u00f6ne \u00e7\u0131kan bu alt\u0131n halka k\u00fcpe, klasik formu daha iddial\u0131 bir yorumla sunar. Parlak<\/p>","protected":false},"featured_media":40272,"comment_status":"open","ping_status":"closed","template":"","meta":[],"product_brand":[],"product_cat":[74],"product_tag":[1519,2181,2179,2093,1526,2180,395,2094,375,403,1596],"class_list":{"0":"post-40271","1":"product","2":"type-product","3":"status-publish","4":"has-post-thumbnail","6":"product_cat-kupe-modelleri","7":"product_tag-altin-halka-kupe","8":"product_tag-bold-earrings","9":"product_tag-buyuk-boy-kupe","10":"product_tag-buyuk-halka-kupe","11":"product_tag-gold-hoop-earrings","12":"product_tag-iddiali-kupe","13":"product_tag-kadin-kupe","14":"product_tag-large-hoop-earrings","15":"product_tag-sik-kupe","16":"product_tag-statement-earrings","17":"product_tag-women-earrings","18":"pa_cinsiyet-kadin","20":"first","21":"instock","22":"shipping-taxable","23":"product-type-simple"},"_links":{"self":[{"href":"https:\/\/www.gasia.com.tr\/en\/wp-json\/wp\/v2\/product\/40271","targetHints":{"allow":["GET"]}}],"collection":[{"href":"https:\/\/www.gasia.com.tr\/en\/wp-json\/wp\/v2\/product"}],"about":[{"href":"https:\/\/www.gasia.com.tr\/en\/wp-json\/wp\/v2\/types\/product"}],"replies":[{"embeddable":true,"href":"https:\/\/www.gasia.com.tr\/en\/wp-json\/wp\/v2\/comments?post=40271"}],"version-history":[{"count":2,"href":"https:\/\/www.gasia.com.tr\/en\/wp-json\/wp\/v2\/product\/40271\/revisions"}],"predecessor-version":[{"id":40274,"href":"https:\/\/www.gasia.com.tr\/en\/wp-json\/wp\/v2\/product\/40271\/revisions\/40274"}],"wp:featuredmedia":[{"embeddable":true,"href":"https:\/\/www.gasia.com.tr\/en\/wp-json\/wp\/v2\/media\/40272"}],"wp:attachment":[{"href":"https:\/\/www.gasia.com.tr\/en\/wp-json\/wp\/v2\/media?parent=40271"}],"wp:term":[{"taxonomy":"product_brand","embeddable":true,"href":"https:\/\/www.gasia.com.tr\/en\/wp-json\/wp\/v2\/product_brand?post=40271"},{"taxonomy":"product_cat","embeddable":true,"href":"https:\/\/www.gasia.com.tr\/en\/wp-json\/wp\/v2\/product_cat?post=40271"},{"taxonomy":"product_tag","embeddable":true,"href":"https:\/\/www.gasia.com.tr\/en\/wp-json\/wp\/v2\/product_tag?post=40271"}],"curies":[{"name":"wp","href":"https:\/\/api.w.org\/{rel}","templated":true}]}}