{"id":40325,"date":"2025-11-03T00:00:00","date_gmt":"2025-11-02T21:00:00","guid":{"rendered":"https:\/\/www.gasia.com.tr\/?post_type=product&#038;p=40325"},"modified":"2026-03-23T16:01:21","modified_gmt":"2026-03-23T13:01:21","slug":"rose-altin-bileklik-swiss-blue-topaz-ve-pirlanta-detayli-minimal-tasarim","status":"publish","type":"product","link":"https:\/\/www.gasia.com.tr\/en\/collections\/rose-altin-bileklik-swiss-blue-topaz-ve-pirlanta-detayli-minimal-tasarim\/","title":{"rendered":"Rose Alt\u0131n Bileklik Swiss Blue Topaz ve P\u0131rlanta Detayl\u0131 Minimal Tasar\u0131m"},"content":{"rendered":"<p>Rose alt\u0131n zincir \u00fczerinde yer alan Swiss Blue Topaz ta\u015f, canl\u0131 ve parlak mavi tonu ile dikkat \u00e7ekerken etraf\u0131n\u0131 saran p\u0131rlantalar \u0131\u015f\u0131lt\u0131l\u0131 bir \u00e7er\u00e7eve olu\u015fturur. \u0130nce ve dengeli tasar\u0131m\u0131 sayesinde hem g\u00fcnl\u00fck hem \u00f6zel kullan\u0131ma uyum sa\u011flar. Modern ve zarif g\u00f6r\u00fcn\u00fcm\u00fcyle stilinizi tamamlayan \u015f\u0131k bir bileklik modelidir.<\/p>","protected":false},"excerpt":{"rendered":"<ul>\n<li>14 Ayar Alt\u0131n<\/li>\n<li>0,11 ct P\u0131rlanta<\/li>\n<li>Swiss Blue Topaz<\/li>\n<li>16-17,5 cm Ayarlanabilir uzunluk<\/li>\n<\/ul>","protected":false},"featured_media":40338,"comment_status":"open","ping_status":"closed","template":"","meta":[],"product_brand":[],"product_cat":[73],"product_tag":[504,2240,507,2215,365,1081,361,426,358,362,2252,366,2263,2262,2254,1083],"class_list":{"0":"post-40325","1":"product","2":"type-product","3":"status-publish","4":"has-post-thumbnail","6":"product_cat-altin-pirlanta-bileklik","7":"product_tag-altin-bileklik","8":"product_tag-delicate-bracelet","9":"product_tag-diamond-bracelet","10":"product_tag-ince-bileklik","11":"product_tag-kadin-bileklik","12":"product_tag-mavi-tasli-bileklik","13":"product_tag-minimal-bileklik","14":"product_tag-minimalist-bracelet","15":"product_tag-pirlanta-bileklik","16":"product_tag-pirlanta-detayli-bileklik","17":"product_tag-rose-altin-bileklik","18":"product_tag-sik-bileklik","19":"product_tag-swiss-blue-bracelet","20":"product_tag-swiss-blue-topaz-bileklik","21":"product_tag-topaz-bileklik","22":"product_tag-zarif-bileklik","23":"pa_cinsiyet-kadin","25":"first","26":"instock","27":"sale","28":"shipping-taxable","29":"purchasable","30":"product-type-simple"},"_links":{"self":[{"href":"https:\/\/www.gasia.com.tr\/en\/wp-json\/wp\/v2\/product\/40325","targetHints":{"allow":["GET"]}}],"collection":[{"href":"https:\/\/www.gasia.com.tr\/en\/wp-json\/wp\/v2\/product"}],"about":[{"href":"https:\/\/www.gasia.com.tr\/en\/wp-json\/wp\/v2\/types\/product"}],"replies":[{"embeddable":true,"href":"https:\/\/www.gasia.com.tr\/en\/wp-json\/wp\/v2\/comments?post=40325"}],"version-history":[{"count":2,"href":"https:\/\/www.gasia.com.tr\/en\/wp-json\/wp\/v2\/product\/40325\/revisions"}],"predecessor-version":[{"id":40340,"href":"https:\/\/www.gasia.com.tr\/en\/wp-json\/wp\/v2\/product\/40325\/revisions\/40340"}],"wp:featuredmedia":[{"embeddable":true,"href":"https:\/\/www.gasia.com.tr\/en\/wp-json\/wp\/v2\/media\/40338"}],"wp:attachment":[{"href":"https:\/\/www.gasia.com.tr\/en\/wp-json\/wp\/v2\/media?parent=40325"}],"wp:term":[{"taxonomy":"product_brand","embeddable":true,"href":"https:\/\/www.gasia.com.tr\/en\/wp-json\/wp\/v2\/product_brand?post=40325"},{"taxonomy":"product_cat","embeddable":true,"href":"https:\/\/www.gasia.com.tr\/en\/wp-json\/wp\/v2\/product_cat?post=40325"},{"taxonomy":"product_tag","embeddable":true,"href":"https:\/\/www.gasia.com.tr\/en\/wp-json\/wp\/v2\/product_tag?post=40325"}],"curies":[{"name":"wp","href":"https:\/\/api.w.org\/{rel}","templated":true}]}}