{"id":40326,"date":"2025-11-03T00:00:00","date_gmt":"2025-11-02T21:00:00","guid":{"rendered":"https:\/\/www.gasia.com.tr\/?post_type=product&#038;p=40326"},"modified":"2026-03-23T16:01:21","modified_gmt":"2026-03-23T13:01:21","slug":"rose-altin-bileklik-beyaz-topaz-ve-pirlanta-detayli-minimal-tasarim-copy-2","status":"publish","type":"product","link":"https:\/\/www.gasia.com.tr\/en\/collections\/rose-altin-bileklik-beyaz-topaz-ve-pirlanta-detayli-minimal-tasarim-copy-2\/","title":{"rendered":"Rose Alt\u0131n Bileklik Citrine ve P\u0131rlanta Detayl\u0131 Minimal Tasar\u0131m"},"content":{"rendered":"<p>Rose alt\u0131n zincir \u00fczerinde yer alan citrine ta\u015f\u0131, s\u0131cak sar\u0131 tonlar\u0131yla enerjik ve dikkat \u00e7ekici bir g\u00f6r\u00fcn\u00fcm sunar. Etraf\u0131n\u0131 saran p\u0131rlanta detaylar \u0131\u015f\u0131lt\u0131l\u0131 bir \u00e7er\u00e7eve olu\u015fturarak tasar\u0131ma zarif bir parlakl\u0131k kazand\u0131r\u0131r. \u0130nce ve dengeli yap\u0131s\u0131 sayesinde hem g\u00fcnl\u00fck hem \u00f6zel kullan\u0131mlarda rahatl\u0131kla tercih edilebilecek \u015f\u0131k bir bilekliktir.<\/p>","protected":false},"excerpt":{"rendered":"<ul>\n<li>14 Ayar Alt\u0131n<\/li>\n<li>0,11 ct P\u0131rlanta<\/li>\n<li>Citrine<\/li>\n<li>16-17,5 cm Ayarlanabilir uzunluk<\/li>\n<\/ul>","protected":false},"featured_media":40334,"comment_status":"open","ping_status":"closed","template":"","meta":[],"product_brand":[],"product_cat":[73],"product_tag":[504,2258,2260,2240,507,2215,365,361,426,358,362,2252,2259,366,2261,1083],"class_list":{"0":"post-40326","1":"product","2":"type-product","3":"status-publish","4":"has-post-thumbnail","6":"product_cat-altin-pirlanta-bileklik","7":"product_tag-altin-bileklik","8":"product_tag-citrine-bileklik","9":"product_tag-citrine-bracelet","10":"product_tag-delicate-bracelet","11":"product_tag-diamond-bracelet","12":"product_tag-ince-bileklik","13":"product_tag-kadin-bileklik","14":"product_tag-minimal-bileklik","15":"product_tag-minimalist-bracelet","16":"product_tag-pirlanta-bileklik","17":"product_tag-pirlanta-detayli-bileklik","18":"product_tag-rose-altin-bileklik","19":"product_tag-sari-tasli-bileklik","20":"product_tag-sik-bileklik","21":"product_tag-yellow-stone-bracelet","22":"product_tag-zarif-bileklik","23":"pa_cinsiyet-kadin","25":"first","26":"instock","27":"sale","28":"shipping-taxable","29":"purchasable","30":"product-type-simple"},"_links":{"self":[{"href":"https:\/\/www.gasia.com.tr\/en\/wp-json\/wp\/v2\/product\/40326","targetHints":{"allow":["GET"]}}],"collection":[{"href":"https:\/\/www.gasia.com.tr\/en\/wp-json\/wp\/v2\/product"}],"about":[{"href":"https:\/\/www.gasia.com.tr\/en\/wp-json\/wp\/v2\/types\/product"}],"replies":[{"embeddable":true,"href":"https:\/\/www.gasia.com.tr\/en\/wp-json\/wp\/v2\/comments?post=40326"}],"version-history":[{"count":2,"href":"https:\/\/www.gasia.com.tr\/en\/wp-json\/wp\/v2\/product\/40326\/revisions"}],"predecessor-version":[{"id":40336,"href":"https:\/\/www.gasia.com.tr\/en\/wp-json\/wp\/v2\/product\/40326\/revisions\/40336"}],"wp:featuredmedia":[{"embeddable":true,"href":"https:\/\/www.gasia.com.tr\/en\/wp-json\/wp\/v2\/media\/40334"}],"wp:attachment":[{"href":"https:\/\/www.gasia.com.tr\/en\/wp-json\/wp\/v2\/media?parent=40326"}],"wp:term":[{"taxonomy":"product_brand","embeddable":true,"href":"https:\/\/www.gasia.com.tr\/en\/wp-json\/wp\/v2\/product_brand?post=40326"},{"taxonomy":"product_cat","embeddable":true,"href":"https:\/\/www.gasia.com.tr\/en\/wp-json\/wp\/v2\/product_cat?post=40326"},{"taxonomy":"product_tag","embeddable":true,"href":"https:\/\/www.gasia.com.tr\/en\/wp-json\/wp\/v2\/product_tag?post=40326"}],"curies":[{"name":"wp","href":"https:\/\/api.w.org\/{rel}","templated":true}]}}