{"id":40327,"date":"2025-11-03T00:00:00","date_gmt":"2025-11-02T21:00:00","guid":{"rendered":"https:\/\/www.gasia.com.tr\/?post_type=product&#038;p=40327"},"modified":"2026-03-23T16:01:20","modified_gmt":"2026-03-23T13:01:20","slug":"rose-altin-bileklik-london-blue-topaz-ve-pirlanta-detayli-minimal-tasarim","status":"publish","type":"product","link":"https:\/\/www.gasia.com.tr\/en\/collections\/rose-altin-bileklik-london-blue-topaz-ve-pirlanta-detayli-minimal-tasarim\/","title":{"rendered":"Rose Alt\u0131n Bileklik London Blue Topaz ve P\u0131rlanta Detayl\u0131 Minimal Tasar\u0131m"},"content":{"rendered":"<p>Rose alt\u0131n zincir \u00fczerine yerle\u015ftirilen London Blue Topaz ta\u015f, derin ve sofistike mavi tonuyla dikkat \u00e7ekerken \u00e7evresini saran p\u0131rlantalar \u0131\u015f\u0131lt\u0131l\u0131 bir \u00e7er\u00e7eve olu\u015fturur. \u0130nce ve dengeli tasar\u0131m\u0131 sayesinde hem g\u00fcnl\u00fck kullan\u0131ma hem \u00f6zel anlara uyum sa\u011flar. Modern \u00e7izgileri ve zarif detaylar\u0131yla \u00f6ne \u00e7\u0131kan bu bileklik, sade \u015f\u0131kl\u0131\u011f\u0131 g\u00fc\u00e7l\u00fc bir \u015fekilde yans\u0131t\u0131r.<\/p>","protected":false},"excerpt":{"rendered":"<ul>\n<li>14 Ayar Alt\u0131n<\/li>\n<li>0,11 ct P\u0131rlanta<\/li>\n<li>London Blue Topaz<\/li>\n<li>16-17,5 cm Ayarlanabilir uzunluk<\/li>\n<\/ul>","protected":false},"featured_media":40331,"comment_status":"open","ping_status":"closed","template":"","meta":[],"product_brand":[],"product_cat":[73],"product_tag":[504,2257,2240,507,2215,365,2256,1081,361,426,358,362,2252,366,2254,1083],"class_list":{"0":"post-40327","1":"product","2":"type-product","3":"status-publish","4":"has-post-thumbnail","6":"product_cat-altin-pirlanta-bileklik","7":"product_tag-altin-bileklik","8":"product_tag-blue-topaz-bracelet","9":"product_tag-delicate-bracelet","10":"product_tag-diamond-bracelet","11":"product_tag-ince-bileklik","12":"product_tag-kadin-bileklik","13":"product_tag-london-blue-topaz-bileklik","14":"product_tag-mavi-tasli-bileklik","15":"product_tag-minimal-bileklik","16":"product_tag-minimalist-bracelet","17":"product_tag-pirlanta-bileklik","18":"product_tag-pirlanta-detayli-bileklik","19":"product_tag-rose-altin-bileklik","20":"product_tag-sik-bileklik","21":"product_tag-topaz-bileklik","22":"product_tag-zarif-bileklik","23":"pa_cinsiyet-kadin","25":"first","26":"instock","27":"sale","28":"shipping-taxable","29":"purchasable","30":"product-type-simple"},"_links":{"self":[{"href":"https:\/\/www.gasia.com.tr\/en\/wp-json\/wp\/v2\/product\/40327","targetHints":{"allow":["GET"]}}],"collection":[{"href":"https:\/\/www.gasia.com.tr\/en\/wp-json\/wp\/v2\/product"}],"about":[{"href":"https:\/\/www.gasia.com.tr\/en\/wp-json\/wp\/v2\/types\/product"}],"replies":[{"embeddable":true,"href":"https:\/\/www.gasia.com.tr\/en\/wp-json\/wp\/v2\/comments?post=40327"}],"version-history":[{"count":3,"href":"https:\/\/www.gasia.com.tr\/en\/wp-json\/wp\/v2\/product\/40327\/revisions"}],"predecessor-version":[{"id":40337,"href":"https:\/\/www.gasia.com.tr\/en\/wp-json\/wp\/v2\/product\/40327\/revisions\/40337"}],"wp:featuredmedia":[{"embeddable":true,"href":"https:\/\/www.gasia.com.tr\/en\/wp-json\/wp\/v2\/media\/40331"}],"wp:attachment":[{"href":"https:\/\/www.gasia.com.tr\/en\/wp-json\/wp\/v2\/media?parent=40327"}],"wp:term":[{"taxonomy":"product_brand","embeddable":true,"href":"https:\/\/www.gasia.com.tr\/en\/wp-json\/wp\/v2\/product_brand?post=40327"},{"taxonomy":"product_cat","embeddable":true,"href":"https:\/\/www.gasia.com.tr\/en\/wp-json\/wp\/v2\/product_cat?post=40327"},{"taxonomy":"product_tag","embeddable":true,"href":"https:\/\/www.gasia.com.tr\/en\/wp-json\/wp\/v2\/product_tag?post=40327"}],"curies":[{"name":"wp","href":"https:\/\/api.w.org\/{rel}","templated":true}]}}