{"id":40344,"date":"2026-03-22T21:52:31","date_gmt":"2026-03-22T18:52:31","guid":{"rendered":"https:\/\/www.gasia.com.tr\/?post_type=product&#038;p=40344"},"modified":"2026-03-24T22:32:58","modified_gmt":"2026-03-24T19:32:58","slug":"siyah-deri-bileklik-pirlanta-kalp-detayli-turkuaz-boncuklu-tasarim","status":"publish","type":"product","link":"https:\/\/www.gasia.com.tr\/en\/collections\/siyah-deri-bileklik-pirlanta-kalp-detayli-turkuaz-boncuklu-tasarim\/","title":{"rendered":"Kalp Detayl\u0131 P\u0131rlanta Ta\u015fl\u0131 Siyah Deri Bileklik ile Modern ve \u015e\u0131k Kombin"},"content":{"rendered":"<p>Siyah deri ile alt\u0131n tonlar\u0131n\u0131n uyumunu bir araya getiren bu bileklik, kalp formundaki p\u0131rlanta ta\u015fl\u0131 detay\u0131yla dikkat \u00e7eker. Minimal tasar\u0131m\u0131na ra\u011fmen g\u00fc\u00e7l\u00fc bir stil sunan bu par\u00e7a, ayarlanabilir yap\u0131s\u0131 sayesinde konforlu kullan\u0131m sa\u011flar. G\u00fcnl\u00fck kombinlere modern bir dokunu\u015f katarken, \u00f6zel anlarda da zarif bir tamamlay\u0131c\u0131 olarak \u00f6ne \u00e7\u0131kar.<\/p>","protected":false},"excerpt":{"rendered":"<ul>\n<li>18 Ayar Alt\u0131n<\/li>\n<li>0.15 ct P\u0131rlanta<\/li>\n<li>4,5 mm deri geni\u015flik<\/li>\n<\/ul>","protected":false},"featured_media":40709,"comment_status":"open","ping_status":"closed","template":"","meta":[],"product_brand":[],"product_cat":[73,209],"product_tag":[2187,1028,2270,2267,2266,507,2223,2269,2268,363,358,362,2264,2271,364,2265,415],"class_list":{"0":"post-40344","1":"product","2":"type-product","3":"status-publish","4":"has-post-thumbnail","6":"product_cat-altin-pirlanta-bileklik","7":"product_cat-deri-orgu-bileklik","8":"product_tag-adjustable-bracelet","9":"product_tag-ayarlanabilir-bileklik","10":"product_tag-beaded-bracelet","11":"product_tag-deri-bileklik-erkek","12":"product_tag-deri-bileklik-kadin","13":"product_tag-diamond-bracelet","14":"product_tag-gunluk-bileklik","15":"product_tag-heart-diamond-bracelet","16":"product_tag-kalp-bileklik","17":"product_tag-modern-bileklik","18":"product_tag-pirlanta-bileklik","19":"product_tag-pirlanta-detayli-bileklik","20":"product_tag-pirlanta-kalp-bileklik","21":"product_tag-siyah-deri-bileklik","22":"product_tag-tasarim-bileklik","23":"product_tag-turkuaz-boncuklu-bileklik","24":"product_tag-turquoise-bracelet","25":"pa_cinsiyet-kadin","27":"first","28":"instock","29":"sale","30":"shipping-taxable","31":"purchasable","32":"product-type-simple"},"_links":{"self":[{"href":"https:\/\/www.gasia.com.tr\/en\/wp-json\/wp\/v2\/product\/40344","targetHints":{"allow":["GET"]}}],"collection":[{"href":"https:\/\/www.gasia.com.tr\/en\/wp-json\/wp\/v2\/product"}],"about":[{"href":"https:\/\/www.gasia.com.tr\/en\/wp-json\/wp\/v2\/types\/product"}],"replies":[{"embeddable":true,"href":"https:\/\/www.gasia.com.tr\/en\/wp-json\/wp\/v2\/comments?post=40344"}],"version-history":[{"count":2,"href":"https:\/\/www.gasia.com.tr\/en\/wp-json\/wp\/v2\/product\/40344\/revisions"}],"predecessor-version":[{"id":40710,"href":"https:\/\/www.gasia.com.tr\/en\/wp-json\/wp\/v2\/product\/40344\/revisions\/40710"}],"wp:featuredmedia":[{"embeddable":true,"href":"https:\/\/www.gasia.com.tr\/en\/wp-json\/wp\/v2\/media\/40709"}],"wp:attachment":[{"href":"https:\/\/www.gasia.com.tr\/en\/wp-json\/wp\/v2\/media?parent=40344"}],"wp:term":[{"taxonomy":"product_brand","embeddable":true,"href":"https:\/\/www.gasia.com.tr\/en\/wp-json\/wp\/v2\/product_brand?post=40344"},{"taxonomy":"product_cat","embeddable":true,"href":"https:\/\/www.gasia.com.tr\/en\/wp-json\/wp\/v2\/product_cat?post=40344"},{"taxonomy":"product_tag","embeddable":true,"href":"https:\/\/www.gasia.com.tr\/en\/wp-json\/wp\/v2\/product_tag?post=40344"}],"curies":[{"name":"wp","href":"https:\/\/api.w.org\/{rel}","templated":true}]}}