{"id":40355,"date":"2025-12-17T00:00:00","date_gmt":"2025-12-16T21:00:00","guid":{"rendered":"https:\/\/www.gasia.com.tr\/?post_type=product&#038;p=40355"},"modified":"2026-03-22T22:30:19","modified_gmt":"2026-03-22T19:30:19","slug":"siyah-deri-bileklik-sari-altin-ve-okside-altin-detayli-tasarim","status":"publish","type":"product","link":"https:\/\/www.gasia.com.tr\/en\/collections\/siyah-deri-bileklik-sari-altin-ve-okside-altin-detayli-tasarim\/","title":{"rendered":"Siyah Deri Bileklik Sar\u0131 Alt\u0131n ve Okside Alt\u0131n Detayl\u0131 Tasar\u0131m"},"content":{"rendered":"<p>Siyah deri zemin \u00fczerine yerle\u015ftirilen sar\u0131 alt\u0131n ve okside alt\u0131n plakalar, bilekli\u011fe g\u00fc\u00e7l\u00fc ve modern bir karakter kazand\u0131r\u0131r. \u00c7oklu deri katman yap\u0131s\u0131 ve dengeli metal detaylar\u0131yla dikkat \u00e7eken tasar\u0131m, g\u00fcnl\u00fck stilin tamamlay\u0131c\u0131 par\u00e7as\u0131 olarak \u00f6ne \u00e7\u0131kar. Ayarlanabilir ipli kapan\u0131\u015f\u0131 sayesinde rahat ve pratik kullan\u0131m sunar.<\/p>","protected":false},"excerpt":{"rendered":"<p>Siyah deri zemin \u00fczerine yerle\u015ftirilen sar\u0131 alt\u0131n ve okside alt\u0131n plakalar, bilekli\u011fe g\u00fc\u00e7l\u00fc ve modern bir karakter kazand\u0131r\u0131r. \u00c7oklu deri<\/p>","protected":false},"featured_media":40357,"comment_status":"open","ping_status":"closed","template":"","meta":[],"product_brand":[77],"product_cat":[73,209,247],"product_tag":[2187,1027,2279,2278,2267,2266,794,2223,2185,2277,2275,2241,2271,364],"class_list":{"0":"post-40355","1":"product","2":"type-product","3":"status-publish","4":"has-post-thumbnail","6":"product_brand-gasia","7":"product_cat-altin-pirlanta-bileklik","8":"product_cat-deri-orgu-bileklik","9":"product_cat-hediyelik","10":"product_tag-adjustable-bracelet","11":"product_tag-altin-detayli-bileklik","12":"product_tag-black-leather-bracelet","13":"product_tag-cok-katli-deri-bileklik","14":"product_tag-deri-bileklik-erkek","15":"product_tag-deri-bileklik-kadin","16":"product_tag-gold-bracelet","17":"product_tag-gunluk-bileklik","18":"product_tag-leather-bracelet","19":"product_tag-modern-deri-bileklik","20":"product_tag-okside-altin-bileklik","21":"product_tag-sari-altin-bileklik","22":"product_tag-siyah-deri-bileklik","23":"product_tag-tasarim-bileklik","24":"pa_cinsiyet-kadin","26":"first","27":"instock","28":"sale","29":"shipping-taxable","30":"purchasable","31":"product-type-simple"},"_links":{"self":[{"href":"https:\/\/www.gasia.com.tr\/en\/wp-json\/wp\/v2\/product\/40355","targetHints":{"allow":["GET"]}}],"collection":[{"href":"https:\/\/www.gasia.com.tr\/en\/wp-json\/wp\/v2\/product"}],"about":[{"href":"https:\/\/www.gasia.com.tr\/en\/wp-json\/wp\/v2\/types\/product"}],"replies":[{"embeddable":true,"href":"https:\/\/www.gasia.com.tr\/en\/wp-json\/wp\/v2\/comments?post=40355"}],"version-history":[{"count":2,"href":"https:\/\/www.gasia.com.tr\/en\/wp-json\/wp\/v2\/product\/40355\/revisions"}],"predecessor-version":[{"id":40359,"href":"https:\/\/www.gasia.com.tr\/en\/wp-json\/wp\/v2\/product\/40355\/revisions\/40359"}],"wp:featuredmedia":[{"embeddable":true,"href":"https:\/\/www.gasia.com.tr\/en\/wp-json\/wp\/v2\/media\/40357"}],"wp:attachment":[{"href":"https:\/\/www.gasia.com.tr\/en\/wp-json\/wp\/v2\/media?parent=40355"}],"wp:term":[{"taxonomy":"product_brand","embeddable":true,"href":"https:\/\/www.gasia.com.tr\/en\/wp-json\/wp\/v2\/product_brand?post=40355"},{"taxonomy":"product_cat","embeddable":true,"href":"https:\/\/www.gasia.com.tr\/en\/wp-json\/wp\/v2\/product_cat?post=40355"},{"taxonomy":"product_tag","embeddable":true,"href":"https:\/\/www.gasia.com.tr\/en\/wp-json\/wp\/v2\/product_tag?post=40355"}],"curies":[{"name":"wp","href":"https:\/\/api.w.org\/{rel}","templated":true}]}}