{"id":40362,"date":"2025-12-19T00:00:00","date_gmt":"2025-12-18T21:00:00","guid":{"rendered":"https:\/\/www.gasia.com.tr\/?post_type=product&#038;p=40362"},"modified":"2026-03-22T22:28:12","modified_gmt":"2026-03-22T19:28:12","slug":"siyah-deri-bileklik-pirlanta-kalp-detayli-turkuaz-boncuklu-tasarim-2","status":"publish","type":"product","link":"https:\/\/www.gasia.com.tr\/en\/collections\/siyah-deri-bileklik-pirlanta-kalp-detayli-turkuaz-boncuklu-tasarim-2\/","title":{"rendered":"Siyah Deri Bileklik P\u0131rlanta Kalp Detayl\u0131 Turkuaz Boncuklu Tasar\u0131m"},"content":{"rendered":"<p>Siyah deri \u00fczerine yerle\u015ftirilen p\u0131rlanta ta\u015fl\u0131 kalp formu, bu bilekli\u011fe g\u00fc\u00e7l\u00fc ve zarif bir karakter kazand\u0131r\u0131r. Turkuaz boncuklar tasar\u0131ma canl\u0131 bir kontrast katarken, ayarlanabilir yap\u0131s\u0131 konforlu kullan\u0131m sunar. G\u00fcnl\u00fck stilinizi tamamlayan modern ve dikkat \u00e7ekici bir aksesuard\u0131r.<\/p>","protected":false},"excerpt":{"rendered":"<ul>\n<li>18 Ayar Alt\u0131n<\/li>\n<li>0.13 ct P\u0131rlanta<\/li>\n<li>3,5 mm firuze<\/li>\n<li>5 mm Deri Geni\u015flik<\/li>\n<\/ul>","protected":false},"featured_media":40365,"comment_status":"open","ping_status":"closed","template":"","meta":[],"product_brand":[77],"product_cat":[73,209],"product_tag":[2187,1028,2270,2267,2266,507,2223,2269,2268,363,358,362,2264,2271,364,2265,415],"class_list":{"0":"post-40362","1":"product","2":"type-product","3":"status-publish","4":"has-post-thumbnail","6":"product_brand-gasia","7":"product_cat-altin-pirlanta-bileklik","8":"product_cat-deri-orgu-bileklik","9":"product_tag-adjustable-bracelet","10":"product_tag-ayarlanabilir-bileklik","11":"product_tag-beaded-bracelet","12":"product_tag-deri-bileklik-erkek","13":"product_tag-deri-bileklik-kadin","14":"product_tag-diamond-bracelet","15":"product_tag-gunluk-bileklik","16":"product_tag-heart-diamond-bracelet","17":"product_tag-kalp-bileklik","18":"product_tag-modern-bileklik","19":"product_tag-pirlanta-bileklik","20":"product_tag-pirlanta-detayli-bileklik","21":"product_tag-pirlanta-kalp-bileklik","22":"product_tag-siyah-deri-bileklik","23":"product_tag-tasarim-bileklik","24":"product_tag-turkuaz-boncuklu-bileklik","25":"product_tag-turquoise-bracelet","26":"pa_cinsiyet-kadin","28":"first","29":"instock","30":"shipping-taxable","31":"purchasable","32":"product-type-simple"},"_links":{"self":[{"href":"https:\/\/www.gasia.com.tr\/en\/wp-json\/wp\/v2\/product\/40362","targetHints":{"allow":["GET"]}}],"collection":[{"href":"https:\/\/www.gasia.com.tr\/en\/wp-json\/wp\/v2\/product"}],"about":[{"href":"https:\/\/www.gasia.com.tr\/en\/wp-json\/wp\/v2\/types\/product"}],"replies":[{"embeddable":true,"href":"https:\/\/www.gasia.com.tr\/en\/wp-json\/wp\/v2\/comments?post=40362"}],"version-history":[{"count":2,"href":"https:\/\/www.gasia.com.tr\/en\/wp-json\/wp\/v2\/product\/40362\/revisions"}],"predecessor-version":[{"id":40366,"href":"https:\/\/www.gasia.com.tr\/en\/wp-json\/wp\/v2\/product\/40362\/revisions\/40366"}],"wp:featuredmedia":[{"embeddable":true,"href":"https:\/\/www.gasia.com.tr\/en\/wp-json\/wp\/v2\/media\/40365"}],"wp:attachment":[{"href":"https:\/\/www.gasia.com.tr\/en\/wp-json\/wp\/v2\/media?parent=40362"}],"wp:term":[{"taxonomy":"product_brand","embeddable":true,"href":"https:\/\/www.gasia.com.tr\/en\/wp-json\/wp\/v2\/product_brand?post=40362"},{"taxonomy":"product_cat","embeddable":true,"href":"https:\/\/www.gasia.com.tr\/en\/wp-json\/wp\/v2\/product_cat?post=40362"},{"taxonomy":"product_tag","embeddable":true,"href":"https:\/\/www.gasia.com.tr\/en\/wp-json\/wp\/v2\/product_tag?post=40362"}],"curies":[{"name":"wp","href":"https:\/\/api.w.org\/{rel}","templated":true}]}}