{"id":40391,"date":"2025-11-26T00:00:00","date_gmt":"2025-11-25T21:00:00","guid":{"rendered":"https:\/\/www.gasia.com.tr\/?post_type=product&#038;p=40391"},"modified":"2026-03-22T23:32:02","modified_gmt":"2026-03-22T20:32:02","slug":"siyah-deri-bileklik-siyah-pirlanta-cubuk-detayli","status":"publish","type":"product","link":"https:\/\/www.gasia.com.tr\/en\/collections\/siyah-deri-bileklik-siyah-pirlanta-cubuk-detayli\/","title":{"rendered":"Siyah Deri Bileklik Siyah P\u0131rlanta \u00c7ubuk Detayl\u0131"},"content":{"rendered":"<p>Siyah deri \u00fczerine yerle\u015ftirilen siyah p\u0131rlanta \u00e7ubuk detay\u0131, g\u00fc\u00e7l\u00fc ve modern bir g\u00f6r\u00fcn\u00fcm sunar. Alt\u0131n tonlu k\u00fc\u00e7\u00fck detaylarla zenginle\u015fen tasar\u0131m, sade ama dikkat \u00e7ekici bir stil yarat\u0131r. G\u00fcnl\u00fck kullan\u0131mda tek ba\u015f\u0131na ya da kombinlenerek rahatl\u0131kla tercih edilebilir.<\/p>\n<ul>\n<li><span style=\"color: black\">%100 hakiki \u0130talyan derisi <\/span><\/li>\n<li><span style=\"color: black\">Ayarlanabilir makrome d\u00fc\u011f\u00fcm ile her bile\u011fe m\u00fckemmel uyum<\/span><\/li>\n<\/ul>\n<p>&nbsp;<\/p>","protected":false},"excerpt":{"rendered":"<ul>\n<li>14 Ayar Alt\u0131n<\/li>\n<li>0,09 ct Siyah P\u0131rlanta<\/li>\n<li>5 mm Deri Kal\u0131nl\u0131\u011f\u0131<\/li>\n<li>Ayarlanabilir kilit sistemi<\/li>\n<\/ul>","protected":false},"featured_media":40395,"comment_status":"open","ping_status":"closed","template":"","meta":[],"product_brand":[],"product_cat":[209,247],"product_tag":[1027,2310,2314,2223,2215,365,361,2311,2277,2313,2271,2238,366,2312],"class_list":{"0":"post-40391","1":"product","2":"type-product","3":"status-publish","4":"has-post-thumbnail","6":"product_cat-deri-orgu-bileklik","7":"product_cat-hediyelik","8":"product_tag-altin-detayli-bileklik","9":"product_tag-black-leather-bracelet-with-black-diamond-bar-detail","10":"product_tag-elegant-everyday-black-leather-bracelet-with-subtle-luxury-diamond-detail","11":"product_tag-gunluk-bileklik","12":"product_tag-ince-bileklik","13":"product_tag-kadin-bileklik","14":"product_tag-minimal-bileklik","15":"product_tag-minimalist-black-leather-bracelet-with-gold-accents-and-black-diamonds","16":"product_tag-modern-deri-bileklik","17":"product_tag-modern-women-leather-bracelet-with-black-diamond-line-and-gold-studs","18":"product_tag-siyah-deri-bileklik","19":"product_tag-siyah-pirlanta-bileklik","20":"product_tag-sik-bileklik","21":"product_tag-slim-adjustable-leather-bracelet-with-dark-diamond-centerpiece","22":"pa_cinsiyet-kadin","24":"first","25":"instock","26":"shipping-taxable","27":"purchasable","28":"product-type-simple"},"_links":{"self":[{"href":"https:\/\/www.gasia.com.tr\/en\/wp-json\/wp\/v2\/product\/40391","targetHints":{"allow":["GET"]}}],"collection":[{"href":"https:\/\/www.gasia.com.tr\/en\/wp-json\/wp\/v2\/product"}],"about":[{"href":"https:\/\/www.gasia.com.tr\/en\/wp-json\/wp\/v2\/types\/product"}],"replies":[{"embeddable":true,"href":"https:\/\/www.gasia.com.tr\/en\/wp-json\/wp\/v2\/comments?post=40391"}],"version-history":[{"count":2,"href":"https:\/\/www.gasia.com.tr\/en\/wp-json\/wp\/v2\/product\/40391\/revisions"}],"predecessor-version":[{"id":40396,"href":"https:\/\/www.gasia.com.tr\/en\/wp-json\/wp\/v2\/product\/40391\/revisions\/40396"}],"wp:featuredmedia":[{"embeddable":true,"href":"https:\/\/www.gasia.com.tr\/en\/wp-json\/wp\/v2\/media\/40395"}],"wp:attachment":[{"href":"https:\/\/www.gasia.com.tr\/en\/wp-json\/wp\/v2\/media?parent=40391"}],"wp:term":[{"taxonomy":"product_brand","embeddable":true,"href":"https:\/\/www.gasia.com.tr\/en\/wp-json\/wp\/v2\/product_brand?post=40391"},{"taxonomy":"product_cat","embeddable":true,"href":"https:\/\/www.gasia.com.tr\/en\/wp-json\/wp\/v2\/product_cat?post=40391"},{"taxonomy":"product_tag","embeddable":true,"href":"https:\/\/www.gasia.com.tr\/en\/wp-json\/wp\/v2\/product_tag?post=40391"}],"curies":[{"name":"wp","href":"https:\/\/api.w.org\/{rel}","templated":true}]}}