{"id":40405,"date":"2025-09-30T00:00:00","date_gmt":"2025-09-29T21:00:00","guid":{"rendered":"https:\/\/www.gasia.com.tr\/?post_type=product&#038;p=40405"},"modified":"2026-03-24T22:25:37","modified_gmt":"2026-03-24T19:25:37","slug":"cift-kalp-motifli-pirlanta-detayli-altin-kupe","status":"publish","type":"product","link":"https:\/\/www.gasia.com.tr\/en\/collections\/cift-kalp-motifli-pirlanta-detayli-altin-kupe\/","title":{"rendered":"\u00c7ift Kalp Motifli P\u0131rlanta Detayl\u0131 Alt\u0131n K\u00fcpe"},"content":{"rendered":"<p>Romantik \u00e7izgileri modern bir yorumla bulu\u015fturan bu k\u00fcpe, i\u00e7 i\u00e7e ge\u00e7en \u00e7ift kalp formuyla zarif bir anlam ta\u015f\u0131r. Siyah zemin \u00fczerine i\u015flenen p\u0131rlanta detaylar \u0131\u015f\u0131lt\u0131y\u0131 derinle\u015ftirirken, alt\u0131n halka formu tasar\u0131ma dengeli bir \u015f\u0131kl\u0131k katar. G\u00fcnl\u00fck kullan\u0131mda da \u00f6zel anlarda da stilinizi tamamlayan etkileyici bir par\u00e7ad\u0131r.<\/p>","protected":false},"excerpt":{"rendered":"<p>Romantik \u00e7izgileri modern bir yorumla bulu\u015fturan bu k\u00fcpe, i\u00e7 i\u00e7e ge\u00e7en \u00e7ift kalp formuyla zarif bir anlam ta\u015f\u0131r. Siyah zemin<\/p>","protected":false},"featured_media":40406,"comment_status":"open","ping_status":"closed","template":"","meta":[],"product_brand":[],"product_cat":[74,210],"product_tag":[1713,2335,1574,1715,833,1714,948,942,374,952,945,814,2334,815],"class_list":{"0":"post-40405","1":"product","2":"type-product","3":"status-publish","4":"has-post-thumbnail","6":"product_cat-kupe-modelleri","7":"product_cat-love-you-koleksiyonu","8":"product_tag-altin-kupe","9":"product_tag-black-detail-earrings","10":"product_tag-designer-earrings","11":"product_tag-diamond-earrings","12":"product_tag-drop-earrings","13":"product_tag-gold-earrings","14":"product_tag-heart-earrings","15":"product_tag-kalp-kupe","16":"product_tag-pirlanta-kupe","17":"product_tag-romantic-earrings","18":"product_tag-romantik-kupe","19":"product_tag-sallantili-kupe","20":"product_tag-siyah-detayli-kupe","21":"product_tag-tasarim-kupe","22":"pa_cinsiyet-kadin","24":"first","25":"instock","26":"shipping-taxable","27":"product-type-simple"},"_links":{"self":[{"href":"https:\/\/www.gasia.com.tr\/en\/wp-json\/wp\/v2\/product\/40405","targetHints":{"allow":["GET"]}}],"collection":[{"href":"https:\/\/www.gasia.com.tr\/en\/wp-json\/wp\/v2\/product"}],"about":[{"href":"https:\/\/www.gasia.com.tr\/en\/wp-json\/wp\/v2\/types\/product"}],"replies":[{"embeddable":true,"href":"https:\/\/www.gasia.com.tr\/en\/wp-json\/wp\/v2\/comments?post=40405"}],"version-history":[{"count":1,"href":"https:\/\/www.gasia.com.tr\/en\/wp-json\/wp\/v2\/product\/40405\/revisions"}],"predecessor-version":[{"id":40407,"href":"https:\/\/www.gasia.com.tr\/en\/wp-json\/wp\/v2\/product\/40405\/revisions\/40407"}],"wp:featuredmedia":[{"embeddable":true,"href":"https:\/\/www.gasia.com.tr\/en\/wp-json\/wp\/v2\/media\/40406"}],"wp:attachment":[{"href":"https:\/\/www.gasia.com.tr\/en\/wp-json\/wp\/v2\/media?parent=40405"}],"wp:term":[{"taxonomy":"product_brand","embeddable":true,"href":"https:\/\/www.gasia.com.tr\/en\/wp-json\/wp\/v2\/product_brand?post=40405"},{"taxonomy":"product_cat","embeddable":true,"href":"https:\/\/www.gasia.com.tr\/en\/wp-json\/wp\/v2\/product_cat?post=40405"},{"taxonomy":"product_tag","embeddable":true,"href":"https:\/\/www.gasia.com.tr\/en\/wp-json\/wp\/v2\/product_tag?post=40405"}],"curies":[{"name":"wp","href":"https:\/\/api.w.org\/{rel}","templated":true}]}}