{"id":40408,"date":"2026-02-03T00:00:00","date_gmt":"2026-02-02T21:00:00","guid":{"rendered":"https:\/\/www.gasia.com.tr\/?post_type=product&#038;p=40408"},"modified":"2026-04-13T17:16:38","modified_gmt":"2026-04-13T14:16:38","slug":"yildiz-formlu-pirlanta-tasli-kupe-sari-altin-minimal-tasarim","status":"publish","type":"product","link":"https:\/\/www.gasia.com.tr\/en\/collections\/yildiz-formlu-pirlanta-tasli-kupe-sari-altin-minimal-tasarim\/","title":{"rendered":"Y\u0131ld\u0131z Formlu P\u0131rlanta Ta\u015fl\u0131 K\u00fcpe Sar\u0131 Alt\u0131n Minimal Tasar\u0131m"},"content":{"rendered":"<p>Y\u0131ld\u0131z formunun enerjisini yans\u0131tan bu k\u00fcpe, p\u0131rlanta ta\u015flar\u0131n \u0131\u015f\u0131lt\u0131s\u0131yla \u00f6ne \u00e7\u0131kar. Sar\u0131 alt\u0131n detaylarla tamamlanan tasar\u0131m, minimal ve zarif bir stil sunar. G\u00fcnl\u00fck kullan\u0131mda sade bir \u015f\u0131kl\u0131k arayanlar i\u00e7in ideal bir par\u00e7ad\u0131r.<\/p>","protected":false},"excerpt":{"rendered":"<ul>\n<li>14 Ayar Alt\u0131n<\/li>\n<li>0,15 ct P\u0131rlanta<\/li>\n<\/ul>","protected":false},"featured_media":40419,"comment_status":"open","ping_status":"closed","template":"","meta":[],"product_brand":[77],"product_cat":[74,208],"product_tag":[2341,2343,1543,395,2338,1537,2342,2336,2337,375,2340,2339,1987],"class_list":{"0":"post-40408","1":"product","2":"type-product","3":"status-publish","4":"has-post-thumbnail","6":"product_brand-gasia","7":"product_cat-kupe-modelleri","8":"product_cat-yildiz-mucevher-modelleri","9":"product_tag-delicate-star-earrings-with-fine-diamond-details-and-gold-finish","10":"product_tag-elegant-tiny-star-earrings-with-diamond-accents-for-daily-style","11":"product_tag-gunluk-kupe","12":"product_tag-kadin-kupe","13":"product_tag-kucuk-kupe","14":"product_tag-minimal-kupe","15":"product_tag-minimalist-yellow-gold-stud-earrings-with-star-motif-and-sparkling-diamonds","16":"product_tag-pirlanta-tasli-kupe","17":"product_tag-sari-altin-kupe","18":"product_tag-sik-kupe","19":"product_tag-small-gold-star-earrings-with-diamond-stones-for-everyday-wear","20":"product_tag-star-shaped-diamond-stud-earrings-in-yellow-gold-minimalist-design","21":"product_tag-yildiz-kupe","22":"pa_cinsiyet-kadin","24":"first","25":"instock","26":"shipping-taxable","27":"purchasable","28":"product-type-simple"},"_links":{"self":[{"href":"https:\/\/www.gasia.com.tr\/en\/wp-json\/wp\/v2\/product\/40408","targetHints":{"allow":["GET"]}}],"collection":[{"href":"https:\/\/www.gasia.com.tr\/en\/wp-json\/wp\/v2\/product"}],"about":[{"href":"https:\/\/www.gasia.com.tr\/en\/wp-json\/wp\/v2\/types\/product"}],"replies":[{"embeddable":true,"href":"https:\/\/www.gasia.com.tr\/en\/wp-json\/wp\/v2\/comments?post=40408"}],"version-history":[{"count":3,"href":"https:\/\/www.gasia.com.tr\/en\/wp-json\/wp\/v2\/product\/40408\/revisions"}],"predecessor-version":[{"id":42077,"href":"https:\/\/www.gasia.com.tr\/en\/wp-json\/wp\/v2\/product\/40408\/revisions\/42077"}],"wp:featuredmedia":[{"embeddable":true,"href":"https:\/\/www.gasia.com.tr\/en\/wp-json\/wp\/v2\/media\/40419"}],"wp:attachment":[{"href":"https:\/\/www.gasia.com.tr\/en\/wp-json\/wp\/v2\/media?parent=40408"}],"wp:term":[{"taxonomy":"product_brand","embeddable":true,"href":"https:\/\/www.gasia.com.tr\/en\/wp-json\/wp\/v2\/product_brand?post=40408"},{"taxonomy":"product_cat","embeddable":true,"href":"https:\/\/www.gasia.com.tr\/en\/wp-json\/wp\/v2\/product_cat?post=40408"},{"taxonomy":"product_tag","embeddable":true,"href":"https:\/\/www.gasia.com.tr\/en\/wp-json\/wp\/v2\/product_tag?post=40408"}],"curies":[{"name":"wp","href":"https:\/\/api.w.org\/{rel}","templated":true}]}}