{"id":40420,"date":"2026-02-05T00:00:00","date_gmt":"2026-02-04T21:00:00","guid":{"rendered":"https:\/\/www.gasia.com.tr\/?post_type=product&#038;p=40420"},"modified":"2026-04-13T16:10:22","modified_gmt":"2026-04-13T13:10:22","slug":"turkuaz-detayli-uzun-sallantili-pirlanta-tasli-altin-kupe","status":"publish","type":"product","link":"https:\/\/www.gasia.com.tr\/en\/collections\/turkuaz-detayli-uzun-sallantili-pirlanta-tasli-altin-kupe\/","title":{"rendered":"Turkuaz Detayl\u0131 Uzun Sallant\u0131l\u0131 P\u0131rlanta Ta\u015fl\u0131 Alt\u0131n K\u00fcpe"},"content":{"rendered":"<p>Alt\u0131n zincir formuna yerle\u015ftirilmi\u015f p\u0131rlanta ta\u015f detaylar\u0131 ve \u00f6rg\u00fc dokulu turkuaz u\u00e7 tasar\u0131m\u0131yla dikkat \u00e7eken bu k\u00fcpe, hareketli yap\u0131s\u0131yla g\u00f6z al\u0131c\u0131 bir etki yarat\u0131r. Renk ve \u0131\u015f\u0131lt\u0131n\u0131n dengeli birle\u015fimi, tasar\u0131ma \u00f6zg\u00fcn ve karakterli bir duru\u015f kazand\u0131r\u0131r.<\/p>","protected":false},"excerpt":{"rendered":"<ul>\n<li>18 Ayar Alt\u0131n<\/li>\n<li>0,68 ct P\u0131rlanta<\/li>\n<li>11,70 ct Firuze<\/li>\n<\/ul>","protected":false},"featured_media":40421,"comment_status":"open","ping_status":"closed","template":"","meta":[],"product_brand":[],"product_cat":[74],"product_tag":[1713,1856,1959,1574,1715,833,1553,1594,1714,1577,395,2059,379,1564,2359,374,1958,814,375,815,813,2360,842,847,2058,1596],"class_list":{"0":"post-40420","1":"product","2":"type-product","3":"status-publish","4":"has-post-thumbnail","6":"product_cat-kupe-modelleri","7":"product_tag-altin-kupe","8":"product_tag-chic-earrings","9":"product_tag-colorful-earrings","10":"product_tag-designer-earrings","11":"product_tag-diamond-earrings","12":"product_tag-drop-earrings","13":"product_tag-el-isciligi-kupe","14":"product_tag-gemstone-earrings","15":"product_tag-gold-earrings","16":"product_tag-handcrafted-earrings","17":"product_tag-kadin-kupe","18":"product_tag-long-earrings","19":"product_tag-luks-kupe","20":"product_tag-luxury-earrings","21":"product_tag-orgu-detayli-kupe","22":"product_tag-pirlanta-kupe","23":"product_tag-renkli-kupe","24":"product_tag-sallantili-kupe","25":"product_tag-sik-kupe","26":"product_tag-tasarim-kupe","27":"product_tag-tasli-kupe","28":"product_tag-textured-earrings","29":"product_tag-turkuaz-kupe","30":"product_tag-turquoise-earrings","31":"product_tag-uzun-kupe","32":"product_tag-women-earrings","33":"pa_cinsiyet-kadin","35":"first","36":"instock","37":"shipping-taxable","38":"purchasable","39":"product-type-simple"},"_links":{"self":[{"href":"https:\/\/www.gasia.com.tr\/en\/wp-json\/wp\/v2\/product\/40420","targetHints":{"allow":["GET"]}}],"collection":[{"href":"https:\/\/www.gasia.com.tr\/en\/wp-json\/wp\/v2\/product"}],"about":[{"href":"https:\/\/www.gasia.com.tr\/en\/wp-json\/wp\/v2\/types\/product"}],"replies":[{"embeddable":true,"href":"https:\/\/www.gasia.com.tr\/en\/wp-json\/wp\/v2\/comments?post=40420"}],"version-history":[{"count":3,"href":"https:\/\/www.gasia.com.tr\/en\/wp-json\/wp\/v2\/product\/40420\/revisions"}],"predecessor-version":[{"id":42036,"href":"https:\/\/www.gasia.com.tr\/en\/wp-json\/wp\/v2\/product\/40420\/revisions\/42036"}],"wp:featuredmedia":[{"embeddable":true,"href":"https:\/\/www.gasia.com.tr\/en\/wp-json\/wp\/v2\/media\/40421"}],"wp:attachment":[{"href":"https:\/\/www.gasia.com.tr\/en\/wp-json\/wp\/v2\/media?parent=40420"}],"wp:term":[{"taxonomy":"product_brand","embeddable":true,"href":"https:\/\/www.gasia.com.tr\/en\/wp-json\/wp\/v2\/product_brand?post=40420"},{"taxonomy":"product_cat","embeddable":true,"href":"https:\/\/www.gasia.com.tr\/en\/wp-json\/wp\/v2\/product_cat?post=40420"},{"taxonomy":"product_tag","embeddable":true,"href":"https:\/\/www.gasia.com.tr\/en\/wp-json\/wp\/v2\/product_tag?post=40420"}],"curies":[{"name":"wp","href":"https:\/\/api.w.org\/{rel}","templated":true}]}}