{"id":40423,"date":"2026-02-17T17:00:26","date_gmt":"2026-02-17T14:00:26","guid":{"rendered":"https:\/\/www.gasia.com.tr\/?post_type=product&#038;p=40423"},"modified":"2026-04-13T21:36:06","modified_gmt":"2026-04-13T18:36:06","slug":"smoky-topaz-tasli-pirlanta-detayli-rose-gold-kupe","status":"publish","type":"product","link":"https:\/\/www.gasia.com.tr\/en\/collections\/smoky-topaz-tasli-pirlanta-detayli-rose-gold-kupe\/","title":{"rendered":"Smoky Topaz Ta\u015fl\u0131 P\u0131rlanta Detayl\u0131 Rose Gold K\u00fcpe"},"content":{"rendered":"<p>Derin kahverengi tonlar\u0131yla dikkat \u00e7eken smoky topaz ta\u015f\u0131, zarif p\u0131rlanta detayl\u0131 \u00fcst form ile bulu\u015farak etkileyici bir kontrast olu\u015fturur. Damla kesim ta\u015f\u0131n ak\u0131c\u0131 silueti ve rose gold dokunu\u015flar, tasar\u0131ma g\u00fc\u00e7l\u00fc ve rafine bir g\u00f6r\u00fcn\u00fcm kazand\u0131r\u0131r.<\/p>","protected":false},"excerpt":{"rendered":"<ul>\n<li>18 Ayar Alt\u0131n<\/li>\n<li>0,29ct P\u0131rlanta<\/li>\n<li>12,31ct Smoky Topaz<\/li>\n<li><\/li>\n<\/ul>","protected":false},"featured_media":40424,"comment_status":"open","ping_status":"closed","template":"","meta":[],"product_brand":[],"product_cat":[74],"product_tag":[1713,2364,1856,1978,1574,1715,833,2365,2363,1594,1714,395,2059,379,1564,374,2366,1535,814,375,2362,2361,815,813,2058,1596],"class_list":{"0":"post-40423","1":"product","2":"type-product","3":"status-publish","4":"has-post-thumbnail","6":"product_cat-kupe-modelleri","7":"product_tag-altin-kupe","8":"product_tag-brown-gemstone-earrings","9":"product_tag-chic-earrings","10":"product_tag-damla-tas-kupe","11":"product_tag-designer-earrings","12":"product_tag-diamond-earrings","13":"product_tag-drop-earrings","14":"product_tag-drop-stone-earrings","15":"product_tag-dumanli-topaz-kupe","16":"product_tag-gemstone-earrings","17":"product_tag-gold-earrings","18":"product_tag-kadin-kupe","19":"product_tag-long-earrings","20":"product_tag-luks-kupe","21":"product_tag-luxury-earrings","22":"product_tag-pirlanta-kupe","23":"product_tag-rose-gold-earrings","24":"product_tag-rose-gold-kupe","25":"product_tag-sallantili-kupe","26":"product_tag-sik-kupe","27":"product_tag-smoky-topaz-earrings","28":"product_tag-smoky-topaz-kupe","29":"product_tag-tasarim-kupe","30":"product_tag-tasli-kupe","31":"product_tag-uzun-kupe","32":"product_tag-women-earrings","33":"pa_cinsiyet-kadin","35":"first","36":"instock","37":"sale","38":"shipping-taxable","39":"purchasable","40":"product-type-simple"},"_links":{"self":[{"href":"https:\/\/www.gasia.com.tr\/en\/wp-json\/wp\/v2\/product\/40423","targetHints":{"allow":["GET"]}}],"collection":[{"href":"https:\/\/www.gasia.com.tr\/en\/wp-json\/wp\/v2\/product"}],"about":[{"href":"https:\/\/www.gasia.com.tr\/en\/wp-json\/wp\/v2\/types\/product"}],"replies":[{"embeddable":true,"href":"https:\/\/www.gasia.com.tr\/en\/wp-json\/wp\/v2\/comments?post=40423"}],"version-history":[{"count":2,"href":"https:\/\/www.gasia.com.tr\/en\/wp-json\/wp\/v2\/product\/40423\/revisions"}],"predecessor-version":[{"id":40687,"href":"https:\/\/www.gasia.com.tr\/en\/wp-json\/wp\/v2\/product\/40423\/revisions\/40687"}],"wp:featuredmedia":[{"embeddable":true,"href":"https:\/\/www.gasia.com.tr\/en\/wp-json\/wp\/v2\/media\/40424"}],"wp:attachment":[{"href":"https:\/\/www.gasia.com.tr\/en\/wp-json\/wp\/v2\/media?parent=40423"}],"wp:term":[{"taxonomy":"product_brand","embeddable":true,"href":"https:\/\/www.gasia.com.tr\/en\/wp-json\/wp\/v2\/product_brand?post=40423"},{"taxonomy":"product_cat","embeddable":true,"href":"https:\/\/www.gasia.com.tr\/en\/wp-json\/wp\/v2\/product_cat?post=40423"},{"taxonomy":"product_tag","embeddable":true,"href":"https:\/\/www.gasia.com.tr\/en\/wp-json\/wp\/v2\/product_tag?post=40423"}],"curies":[{"name":"wp","href":"https:\/\/api.w.org\/{rel}","templated":true}]}}