{"id":40426,"date":"2026-02-17T17:00:00","date_gmt":"2026-02-17T14:00:00","guid":{"rendered":"https:\/\/www.gasia.com.tr\/?post_type=product&#038;p=40426"},"modified":"2026-04-13T21:37:07","modified_gmt":"2026-04-13T18:37:07","slug":"turkuaz-tasli-pirlanta-detayli-rose-gold-uzun-kupe","status":"publish","type":"product","link":"https:\/\/www.gasia.com.tr\/en\/collections\/turkuaz-tasli-pirlanta-detayli-rose-gold-uzun-kupe\/","title":{"rendered":"Turkuaz Ta\u015fl\u0131 P\u0131rlanta Detayl\u0131 Rose Gold Uzun K\u00fcpe"},"content":{"rendered":"<p>Canl\u0131 turkuaz tonlar\u0131yla \u00f6ne \u00e7\u0131kan damla form ta\u015f, p\u0131rlanta detayl\u0131 \u00fcst tasar\u0131mla birle\u015ferek g\u00fc\u00e7l\u00fc bir kontrast sunar. Uzun ve ak\u0131c\u0131 siluetiyle dikkat \u00e7eken bu k\u00fcpe, renk ve \u0131\u015f\u0131lt\u0131y\u0131 dengeli bir \u015fekilde bir araya getirir.<\/p>","protected":false},"excerpt":{"rendered":"<ul>\n<li>18 Ayar Alt\u0131n<\/li>\n<li>0,29ct P\u0131rlanta<\/li>\n<\/ul>","protected":false},"featured_media":40434,"comment_status":"open","ping_status":"closed","template":"","meta":[],"product_brand":[],"product_cat":[74],"product_tag":[1713,1856,1959,1978,1574,1715,833,2365,1594,1714,395,2059,379,1564,374,1958,2366,1535,814,375,815,813,842,2367,847,2008,2058,1596],"class_list":{"0":"post-40426","1":"product","2":"type-product","3":"status-publish","4":"has-post-thumbnail","6":"product_cat-kupe-modelleri","7":"product_tag-altin-kupe","8":"product_tag-chic-earrings","9":"product_tag-colorful-earrings","10":"product_tag-damla-tas-kupe","11":"product_tag-designer-earrings","12":"product_tag-diamond-earrings","13":"product_tag-drop-earrings","14":"product_tag-drop-stone-earrings","15":"product_tag-gemstone-earrings","16":"product_tag-gold-earrings","17":"product_tag-kadin-kupe","18":"product_tag-long-earrings","19":"product_tag-luks-kupe","20":"product_tag-luxury-earrings","21":"product_tag-pirlanta-kupe","22":"product_tag-renkli-kupe","23":"product_tag-rose-gold-earrings","24":"product_tag-rose-gold-kupe","25":"product_tag-sallantili-kupe","26":"product_tag-sik-kupe","27":"product_tag-tasarim-kupe","28":"product_tag-tasli-kupe","29":"product_tag-turkuaz-kupe","30":"product_tag-turkuaz-tas-kupe","31":"product_tag-turquoise-earrings","32":"product_tag-turquoise-stone-earrings","33":"product_tag-uzun-kupe","34":"product_tag-women-earrings","35":"pa_cinsiyet-kadin","37":"first","38":"instock","39":"sale","40":"shipping-taxable","41":"purchasable","42":"product-type-simple"},"_links":{"self":[{"href":"https:\/\/www.gasia.com.tr\/en\/wp-json\/wp\/v2\/product\/40426","targetHints":{"allow":["GET"]}}],"collection":[{"href":"https:\/\/www.gasia.com.tr\/en\/wp-json\/wp\/v2\/product"}],"about":[{"href":"https:\/\/www.gasia.com.tr\/en\/wp-json\/wp\/v2\/types\/product"}],"replies":[{"embeddable":true,"href":"https:\/\/www.gasia.com.tr\/en\/wp-json\/wp\/v2\/comments?post=40426"}],"version-history":[{"count":2,"href":"https:\/\/www.gasia.com.tr\/en\/wp-json\/wp\/v2\/product\/40426\/revisions"}],"predecessor-version":[{"id":40689,"href":"https:\/\/www.gasia.com.tr\/en\/wp-json\/wp\/v2\/product\/40426\/revisions\/40689"}],"wp:featuredmedia":[{"embeddable":true,"href":"https:\/\/www.gasia.com.tr\/en\/wp-json\/wp\/v2\/media\/40434"}],"wp:attachment":[{"href":"https:\/\/www.gasia.com.tr\/en\/wp-json\/wp\/v2\/media?parent=40426"}],"wp:term":[{"taxonomy":"product_brand","embeddable":true,"href":"https:\/\/www.gasia.com.tr\/en\/wp-json\/wp\/v2\/product_brand?post=40426"},{"taxonomy":"product_cat","embeddable":true,"href":"https:\/\/www.gasia.com.tr\/en\/wp-json\/wp\/v2\/product_cat?post=40426"},{"taxonomy":"product_tag","embeddable":true,"href":"https:\/\/www.gasia.com.tr\/en\/wp-json\/wp\/v2\/product_tag?post=40426"}],"curies":[{"name":"wp","href":"https:\/\/api.w.org\/{rel}","templated":true}]}}