{"id":40430,"date":"2026-02-17T17:00:44","date_gmt":"2026-02-17T14:00:44","guid":{"rendered":"https:\/\/www.gasia.com.tr\/?post_type=product&#038;p=40430"},"modified":"2026-04-13T21:35:34","modified_gmt":"2026-04-13T18:35:34","slug":"lapis-lazuli-tasli-pirlanta-detayli-rose-gold-uzun-kupe","status":"publish","type":"product","link":"https:\/\/www.gasia.com.tr\/en\/collections\/lapis-lazuli-tasli-pirlanta-detayli-rose-gold-uzun-kupe\/","title":{"rendered":"Lapis Lazuli Ta\u015fl\u0131 P\u0131rlanta Detayl\u0131 Rose Gold Uzun K\u00fcpe"},"content":{"rendered":"<p>Derin lacivert tonlar\u0131 ve do\u011fal damar yap\u0131s\u0131yla \u00f6ne \u00e7\u0131kan lapis lazuli ta\u015f\u0131, p\u0131rlanta detayl\u0131 \u00fcst form ile birle\u015ferek \u00e7arp\u0131c\u0131 bir kontrast yarat\u0131r. Uzun damla formu ve parlak rose gold \u00e7er\u00e7evesi, tasar\u0131ma g\u00fc\u00e7l\u00fc ve dikkat \u00e7ekici bir ifade kazand\u0131r\u0131r.<\/p>","protected":false},"excerpt":{"rendered":"<ul>\n<li>18 Ayar Alt\u0131n<\/li>\n<li>0,29ct P\u0131rlanta<\/li>\n<\/ul>","protected":false},"featured_media":40432,"comment_status":"open","ping_status":"closed","template":"","meta":[],"product_brand":[],"product_cat":[74],"product_tag":[1713,2371,1856,1978,1574,1715,1587,833,2365,1594,1714,395,2370,2369,2368,2059,379,1564,1685,374,2366,1535,814,375,815,813,2058,1596],"class_list":{"0":"post-40430","1":"product","2":"type-product","3":"status-publish","4":"has-post-thumbnail","6":"product_cat-kupe-modelleri","7":"product_tag-altin-kupe","8":"product_tag-blue-stone-earrings","9":"product_tag-chic-earrings","10":"product_tag-damla-tas-kupe","11":"product_tag-designer-earrings","12":"product_tag-diamond-earrings","13":"product_tag-dogal-tas-kupe","14":"product_tag-drop-earrings","15":"product_tag-drop-stone-earrings","16":"product_tag-gemstone-earrings","17":"product_tag-gold-earrings","18":"product_tag-kadin-kupe","19":"product_tag-lacivert-tas-kupe","20":"product_tag-lapis-lazuli-earrings","21":"product_tag-lapis-lazuli-kupe","22":"product_tag-long-earrings","23":"product_tag-luks-kupe","24":"product_tag-luxury-earrings","25":"product_tag-natural-stone-earrings","26":"product_tag-pirlanta-kupe","27":"product_tag-rose-gold-earrings","28":"product_tag-rose-gold-kupe","29":"product_tag-sallantili-kupe","30":"product_tag-sik-kupe","31":"product_tag-tasarim-kupe","32":"product_tag-tasli-kupe","33":"product_tag-uzun-kupe","34":"product_tag-women-earrings","35":"pa_cinsiyet-kadin","37":"first","38":"instock","39":"sale","40":"shipping-taxable","41":"purchasable","42":"product-type-simple"},"_links":{"self":[{"href":"https:\/\/www.gasia.com.tr\/en\/wp-json\/wp\/v2\/product\/40430","targetHints":{"allow":["GET"]}}],"collection":[{"href":"https:\/\/www.gasia.com.tr\/en\/wp-json\/wp\/v2\/product"}],"about":[{"href":"https:\/\/www.gasia.com.tr\/en\/wp-json\/wp\/v2\/types\/product"}],"replies":[{"embeddable":true,"href":"https:\/\/www.gasia.com.tr\/en\/wp-json\/wp\/v2\/comments?post=40430"}],"version-history":[{"count":2,"href":"https:\/\/www.gasia.com.tr\/en\/wp-json\/wp\/v2\/product\/40430\/revisions"}],"predecessor-version":[{"id":40688,"href":"https:\/\/www.gasia.com.tr\/en\/wp-json\/wp\/v2\/product\/40430\/revisions\/40688"}],"wp:featuredmedia":[{"embeddable":true,"href":"https:\/\/www.gasia.com.tr\/en\/wp-json\/wp\/v2\/media\/40432"}],"wp:attachment":[{"href":"https:\/\/www.gasia.com.tr\/en\/wp-json\/wp\/v2\/media?parent=40430"}],"wp:term":[{"taxonomy":"product_brand","embeddable":true,"href":"https:\/\/www.gasia.com.tr\/en\/wp-json\/wp\/v2\/product_brand?post=40430"},{"taxonomy":"product_cat","embeddable":true,"href":"https:\/\/www.gasia.com.tr\/en\/wp-json\/wp\/v2\/product_cat?post=40430"},{"taxonomy":"product_tag","embeddable":true,"href":"https:\/\/www.gasia.com.tr\/en\/wp-json\/wp\/v2\/product_tag?post=40430"}],"curies":[{"name":"wp","href":"https:\/\/api.w.org\/{rel}","templated":true}]}}