{"id":40435,"date":"2026-03-23T15:23:07","date_gmt":"2026-03-23T12:23:07","guid":{"rendered":"https:\/\/www.gasia.com.tr\/?post_type=product&#038;p=40435"},"modified":"2026-04-10T19:54:23","modified_gmt":"2026-04-10T16:54:23","slug":"yesil-mine-tasli-kus-figurlu-pirlanta-detayli-kupe","status":"publish","type":"product","link":"https:\/\/www.gasia.com.tr\/en\/collections\/yesil-mine-tasli-kus-figurlu-pirlanta-detayli-kupe\/","title":{"rendered":"Ye\u015fil Mine Ta\u015fl\u0131 Ku\u015f Fig\u00fcrl\u00fc P\u0131rlanta Detayl\u0131 K\u00fcpe"},"content":{"rendered":"<p>Ku\u015f formundan ilham alan bu \u00f6zel tasar\u0131m, ye\u015fil mine detaylar\u0131 ve p\u0131rlanta \u0131\u015f\u0131lt\u0131lar\u0131yla hareket kazan\u0131yor. Siyah rodaj y\u00fczey ile kontrast olu\u015fturan alt\u0131n ton dokunu\u015flar, tasar\u0131ma karakteristik ve \u00e7arp\u0131c\u0131 bir g\u00f6r\u00fcn\u00fcm kazand\u0131r\u0131r.<\/p>","protected":false},"excerpt":{"rendered":"<ul>\n<li>14 Ayar Alt\u0131n<\/li>\n<li>925 Ayar Okside G\u00fcm\u00fc\u015f<\/li>\n<li>0,13 ct P\u0131rlanta<\/li>\n<li>0,04 ct Z\u00fcmr\u00fct<\/li>\n<li>Ye\u015fil mineli g\u00f6vde<\/li>\n<\/ul>","protected":false},"featured_media":40436,"comment_status":"open","ping_status":"closed","template":"","meta":[],"product_brand":[],"product_cat":[74],"product_tag":[393,927,2378,1574,1573,2376,1594,1686,2373,395,2374,2375,1583,392,1420,1567,2377,403,2380,815,813,2379,1596,2372],"class_list":{"0":"post-40435","1":"product","2":"type-product","3":"status-publish","4":"has-post-thumbnail","6":"product_cat-kupe-modelleri","7":"product_tag-altin-detayli-kupe","8":"product_tag-bird-earrings","9":"product_tag-black-rhodium-earrings","10":"product_tag-designer-earrings","11":"product_tag-diamond-detail-earrings","12":"product_tag-enamel-earrings","13":"product_tag-gemstone-earrings","14":"product_tag-gold-detail-earrings","15":"product_tag-green-enamel-earrings","16":"product_tag-kadin-kupe","17":"product_tag-kus-figurlu-kupe","18":"product_tag-mine-kupe","19":"product_tag-modern-earrings","20":"product_tag-modern-kupe","21":"product_tag-ozgun-taki","22":"product_tag-pirlanta-detayli-kupe","23":"product_tag-siyah-rodaj-kupe","24":"product_tag-statement-earrings","25":"product_tag-stil-kupe","26":"product_tag-tasarim-kupe","27":"product_tag-tasli-kupe","28":"product_tag-unique-jewelry","29":"product_tag-women-earrings","30":"product_tag-yesil-mine-kupe","31":"pa_cinsiyet-kadin","33":"first","34":"instock","35":"shipping-taxable","36":"purchasable","37":"product-type-simple"},"_links":{"self":[{"href":"https:\/\/www.gasia.com.tr\/en\/wp-json\/wp\/v2\/product\/40435","targetHints":{"allow":["GET"]}}],"collection":[{"href":"https:\/\/www.gasia.com.tr\/en\/wp-json\/wp\/v2\/product"}],"about":[{"href":"https:\/\/www.gasia.com.tr\/en\/wp-json\/wp\/v2\/types\/product"}],"replies":[{"embeddable":true,"href":"https:\/\/www.gasia.com.tr\/en\/wp-json\/wp\/v2\/comments?post=40435"}],"version-history":[{"count":3,"href":"https:\/\/www.gasia.com.tr\/en\/wp-json\/wp\/v2\/product\/40435\/revisions"}],"predecessor-version":[{"id":41817,"href":"https:\/\/www.gasia.com.tr\/en\/wp-json\/wp\/v2\/product\/40435\/revisions\/41817"}],"wp:featuredmedia":[{"embeddable":true,"href":"https:\/\/www.gasia.com.tr\/en\/wp-json\/wp\/v2\/media\/40436"}],"wp:attachment":[{"href":"https:\/\/www.gasia.com.tr\/en\/wp-json\/wp\/v2\/media?parent=40435"}],"wp:term":[{"taxonomy":"product_brand","embeddable":true,"href":"https:\/\/www.gasia.com.tr\/en\/wp-json\/wp\/v2\/product_brand?post=40435"},{"taxonomy":"product_cat","embeddable":true,"href":"https:\/\/www.gasia.com.tr\/en\/wp-json\/wp\/v2\/product_cat?post=40435"},{"taxonomy":"product_tag","embeddable":true,"href":"https:\/\/www.gasia.com.tr\/en\/wp-json\/wp\/v2\/product_tag?post=40435"}],"curies":[{"name":"wp","href":"https:\/\/api.w.org\/{rel}","templated":true}]}}