{"id":40439,"date":"2026-02-03T15:27:19","date_gmt":"2026-02-03T12:27:19","guid":{"rendered":"https:\/\/www.gasia.com.tr\/?post_type=product&#038;p=40439"},"modified":"2026-04-13T15:49:32","modified_gmt":"2026-04-13T12:49:32","slug":"siyah-pirlanta-merkezli-beyaz-pirlanta-cerceveli-altin-kupe","status":"publish","type":"product","link":"https:\/\/www.gasia.com.tr\/en\/collections\/siyah-pirlanta-merkezli-beyaz-pirlanta-cerceveli-altin-kupe\/","title":{"rendered":"Siyah P\u0131rlanta Merkezli Beyaz P\u0131rlanta \u00c7er\u00e7eveli Alt\u0131n K\u00fcpe"},"content":{"rendered":"<p>Merkezde yer alan siyah p\u0131rlanta, g\u00fc\u00e7l\u00fc ve derin bir etki yarat\u0131rken \u00e7evresini saran beyaz p\u0131rlantalar \u0131\u015f\u0131\u011f\u0131 zarif bir \u015fekilde yans\u0131t\u0131r. Alt\u0131n detaylarla tamamlanan bu tasar\u0131m, kontrast\u0131n en \u00e7arp\u0131c\u0131 halini sunar.<\/p>","protected":false},"excerpt":{"rendered":"<ul>\n<li>18 Ayar Alt\u0131n<\/li>\n<li>925 Ayar Okside G\u00fcm\u00fc\u015f<\/li>\n<li>0,48 ct P\u0131rlanta<\/li>\n<li>6,65 ct Elmsd Kesim Siyah P\u0131rlanta<\/li>\n<\/ul>","protected":false},"featured_media":40440,"comment_status":"open","ping_status":"closed","template":"","meta":[],"product_brand":[],"product_cat":[74],"product_tag":[1713,2384,2382,1712,2387,1722,837,389,1594,1714,395,1721,379,1564,2383,2386,1711,2381,813,2385,1596],"class_list":{"0":"post-40439","1":"product","2":"type-product","3":"status-publish","4":"has-post-thumbnail","6":"product_cat-kupe-modelleri","7":"product_tag-altin-kupe","8":"product_tag-beyaz-pirlanta-kupe","9":"product_tag-black-diamond-center-earrings","10":"product_tag-black-diamond-earrings","11":"product_tag-black-white-contrast-earrings","12":"product_tag-classic-earrings","13":"product_tag-diamond-halo-earrings","14":"product_tag-fine-jewelry-earrings","15":"product_tag-gemstone-earrings","16":"product_tag-gold-earrings","17":"product_tag-kadin-kupe","18":"product_tag-klasik-kupe","19":"product_tag-luks-kupe","20":"product_tag-luxury-earrings","21":"product_tag-pirlanta-halo-kupe","22":"product_tag-siyah-beyaz-kontrast-kupe","23":"product_tag-siyah-pirlanta-kupe","24":"product_tag-siyah-pirlanta-merkezli-kupe","25":"product_tag-tasli-kupe","26":"product_tag-white-diamond-earrings","27":"product_tag-women-earrings","28":"pa_cinsiyet-erkek","29":"pa_cinsiyet-kadin","31":"first","32":"instock","33":"shipping-taxable","34":"purchasable","35":"product-type-simple"},"_links":{"self":[{"href":"https:\/\/www.gasia.com.tr\/en\/wp-json\/wp\/v2\/product\/40439","targetHints":{"allow":["GET"]}}],"collection":[{"href":"https:\/\/www.gasia.com.tr\/en\/wp-json\/wp\/v2\/product"}],"about":[{"href":"https:\/\/www.gasia.com.tr\/en\/wp-json\/wp\/v2\/types\/product"}],"replies":[{"embeddable":true,"href":"https:\/\/www.gasia.com.tr\/en\/wp-json\/wp\/v2\/comments?post=40439"}],"version-history":[{"count":3,"href":"https:\/\/www.gasia.com.tr\/en\/wp-json\/wp\/v2\/product\/40439\/revisions"}],"predecessor-version":[{"id":42024,"href":"https:\/\/www.gasia.com.tr\/en\/wp-json\/wp\/v2\/product\/40439\/revisions\/42024"}],"wp:featuredmedia":[{"embeddable":true,"href":"https:\/\/www.gasia.com.tr\/en\/wp-json\/wp\/v2\/media\/40440"}],"wp:attachment":[{"href":"https:\/\/www.gasia.com.tr\/en\/wp-json\/wp\/v2\/media?parent=40439"}],"wp:term":[{"taxonomy":"product_brand","embeddable":true,"href":"https:\/\/www.gasia.com.tr\/en\/wp-json\/wp\/v2\/product_brand?post=40439"},{"taxonomy":"product_cat","embeddable":true,"href":"https:\/\/www.gasia.com.tr\/en\/wp-json\/wp\/v2\/product_cat?post=40439"},{"taxonomy":"product_tag","embeddable":true,"href":"https:\/\/www.gasia.com.tr\/en\/wp-json\/wp\/v2\/product_tag?post=40439"}],"curies":[{"name":"wp","href":"https:\/\/api.w.org\/{rel}","templated":true}]}}