{"id":40443,"date":"2026-02-03T11:00:00","date_gmt":"2026-02-03T08:00:00","guid":{"rendered":"https:\/\/www.gasia.com.tr\/?post_type=product&#038;p=40443"},"modified":"2026-04-13T15:40:46","modified_gmt":"2026-04-13T12:40:46","slug":"mavi-nazar-boncuklu-minimal-altin-kupe","status":"publish","type":"product","link":"https:\/\/www.gasia.com.tr\/en\/collections\/mavi-nazar-boncuklu-minimal-altin-kupe\/","title":{"rendered":"Mavi Nazar Boncuklu Minimal Alt\u0131n K\u00fcpe"},"content":{"rendered":"<p>Nazar boncu\u011funun ikonik formu, sade ve net bir yorumla k\u00fcpe tasar\u0131m\u0131na ta\u015f\u0131n\u0131yor. Mavi, beyaz ve siyah\u0131n dengeli uyumu; k\u00fc\u00e7\u00fck \u00f6l\u00e7ekte g\u00fc\u00e7l\u00fc bir ifade sunar.<\/p>","protected":false},"excerpt":{"rendered":"<ul>\n<li>14 Ayar Alt\u0131n<\/li>\n<\/ul>","protected":false},"featured_media":40444,"comment_status":"open","ping_status":"closed","template":"","meta":[],"product_brand":[],"product_cat":[74,198],"product_tag":[1713,2391,1791,2389,735,1714,1543,395,2395,2338,2390,2392,1537,1583,392,2388,2393,2396,1789,1790,2394,1596],"class_list":{"0":"post-40443","1":"product","2":"type-product","3":"status-publish","4":"has-post-thumbnail","6":"product_cat-kupe-modelleri","7":"product_cat-eye-collection","8":"product_tag-altin-kupe","9":"product_tag-blue-earrings","10":"product_tag-everyday-earrings","11":"product_tag-evil-eye-earrings","12":"product_tag-evil-eye-jewelry","13":"product_tag-gold-earrings","14":"product_tag-gunluk-kupe","15":"product_tag-kadin-kupe","16":"product_tag-koruyucu-sembol-taki","17":"product_tag-kucuk-kupe","18":"product_tag-mavi-kupe","19":"product_tag-minimal-earrings","20":"product_tag-minimal-kupe","21":"product_tag-modern-earrings","22":"product_tag-modern-kupe","23":"product_tag-nazar-boncuklu-kupe","24":"product_tag-nazar-kupe","25":"product_tag-protection-jewelry","26":"product_tag-sade-kupe","27":"product_tag-simple-earrings","28":"product_tag-tiny-earrings","29":"product_tag-women-earrings","30":"pa_cinsiyet-kadin","32":"first","33":"instock","34":"shipping-taxable","35":"purchasable","36":"product-type-simple"},"_links":{"self":[{"href":"https:\/\/www.gasia.com.tr\/en\/wp-json\/wp\/v2\/product\/40443","targetHints":{"allow":["GET"]}}],"collection":[{"href":"https:\/\/www.gasia.com.tr\/en\/wp-json\/wp\/v2\/product"}],"about":[{"href":"https:\/\/www.gasia.com.tr\/en\/wp-json\/wp\/v2\/types\/product"}],"replies":[{"embeddable":true,"href":"https:\/\/www.gasia.com.tr\/en\/wp-json\/wp\/v2\/comments?post=40443"}],"version-history":[{"count":2,"href":"https:\/\/www.gasia.com.tr\/en\/wp-json\/wp\/v2\/product\/40443\/revisions"}],"predecessor-version":[{"id":42018,"href":"https:\/\/www.gasia.com.tr\/en\/wp-json\/wp\/v2\/product\/40443\/revisions\/42018"}],"wp:featuredmedia":[{"embeddable":true,"href":"https:\/\/www.gasia.com.tr\/en\/wp-json\/wp\/v2\/media\/40444"}],"wp:attachment":[{"href":"https:\/\/www.gasia.com.tr\/en\/wp-json\/wp\/v2\/media?parent=40443"}],"wp:term":[{"taxonomy":"product_brand","embeddable":true,"href":"https:\/\/www.gasia.com.tr\/en\/wp-json\/wp\/v2\/product_brand?post=40443"},{"taxonomy":"product_cat","embeddable":true,"href":"https:\/\/www.gasia.com.tr\/en\/wp-json\/wp\/v2\/product_cat?post=40443"},{"taxonomy":"product_tag","embeddable":true,"href":"https:\/\/www.gasia.com.tr\/en\/wp-json\/wp\/v2\/product_tag?post=40443"}],"curies":[{"name":"wp","href":"https:\/\/api.w.org\/{rel}","templated":true}]}}