{"id":40446,"date":"2026-02-04T23:02:40","date_gmt":"2026-02-04T20:02:40","guid":{"rendered":"https:\/\/www.gasia.com.tr\/?post_type=product&#038;p=40446"},"modified":"2026-04-13T21:44:29","modified_gmt":"2026-04-13T18:44:29","slug":"arizona-firuze-tasli-pirlanta-detayli-altin-kupe","status":"publish","type":"product","link":"https:\/\/www.gasia.com.tr\/en\/collections\/arizona-firuze-tasli-pirlanta-detayli-altin-kupe\/","title":{"rendered":"Arizona Firuze Ta\u015fl\u0131 P\u0131rlanta Detayl\u0131 Alt\u0131n K\u00fcpe"},"content":{"rendered":"<p>Arizona firuzenin canl\u0131 mavi tonu, \u00fcst b\u00f6l\u00fcmde yer alan p\u0131rlanta detay\u0131yla \u0131\u015f\u0131k kazan\u0131r. Alt\u0131n zincir ge\u00e7i\u015fiyle tamamlanan tasar\u0131m, renk ve \u0131\u015f\u0131lt\u0131y\u0131 dengeli bir \u015fekilde bir araya getirir.<\/p>","protected":false},"excerpt":{"rendered":"<p>Arizona firuzenin canl\u0131 mavi tonu, \u00fcst b\u00f6l\u00fcmde yer alan p\u0131rlanta detay\u0131yla \u0131\u015f\u0131k kazan\u0131r. Alt\u0131n zincir ge\u00e7i\u015fiyle tamamlanan tasar\u0131m, renk ve<\/p>","protected":false},"featured_media":40447,"comment_status":"open","ping_status":"closed","template":"","meta":[],"product_brand":[],"product_cat":[74],"product_tag":[1713,2397,2398,841,1959,352,1573,1587,833,2399,1594,1714,395,1820,1792,1685,1567,1958,814,813,847,1596],"class_list":{"0":"post-40446","1":"product","2":"type-product","3":"status-publish","4":"has-post-thumbnail","6":"product_cat-kupe-modelleri","7":"product_tag-altin-kupe","8":"product_tag-arizona-firuze-kupe","9":"product_tag-arizona-turquoise-earrings","10":"product_tag-blue-gemstone-earrings","11":"product_tag-colorful-earrings","12":"product_tag-contemporary-jewelry","13":"product_tag-diamond-detail-earrings","14":"product_tag-dogal-tas-kupe","15":"product_tag-drop-earrings","16":"product_tag-firuze-tasli-kupe","17":"product_tag-gemstone-earrings","18":"product_tag-gold-earrings","19":"product_tag-kadin-kupe","20":"product_tag-mavi-tasli-kupe","21":"product_tag-modern-taki","22":"product_tag-natural-stone-earrings","23":"product_tag-pirlanta-detayli-kupe","24":"product_tag-renkli-kupe","25":"product_tag-sallantili-kupe","26":"product_tag-tasli-kupe","27":"product_tag-turquoise-earrings","28":"product_tag-women-earrings","29":"pa_cinsiyet-kadin","31":"first","32":"instock","33":"shipping-taxable","34":"product-type-simple"},"_links":{"self":[{"href":"https:\/\/www.gasia.com.tr\/en\/wp-json\/wp\/v2\/product\/40446","targetHints":{"allow":["GET"]}}],"collection":[{"href":"https:\/\/www.gasia.com.tr\/en\/wp-json\/wp\/v2\/product"}],"about":[{"href":"https:\/\/www.gasia.com.tr\/en\/wp-json\/wp\/v2\/types\/product"}],"replies":[{"embeddable":true,"href":"https:\/\/www.gasia.com.tr\/en\/wp-json\/wp\/v2\/comments?post=40446"}],"version-history":[{"count":2,"href":"https:\/\/www.gasia.com.tr\/en\/wp-json\/wp\/v2\/product\/40446\/revisions"}],"predecessor-version":[{"id":42191,"href":"https:\/\/www.gasia.com.tr\/en\/wp-json\/wp\/v2\/product\/40446\/revisions\/42191"}],"wp:featuredmedia":[{"embeddable":true,"href":"https:\/\/www.gasia.com.tr\/en\/wp-json\/wp\/v2\/media\/40447"}],"wp:attachment":[{"href":"https:\/\/www.gasia.com.tr\/en\/wp-json\/wp\/v2\/media?parent=40446"}],"wp:term":[{"taxonomy":"product_brand","embeddable":true,"href":"https:\/\/www.gasia.com.tr\/en\/wp-json\/wp\/v2\/product_brand?post=40446"},{"taxonomy":"product_cat","embeddable":true,"href":"https:\/\/www.gasia.com.tr\/en\/wp-json\/wp\/v2\/product_cat?post=40446"},{"taxonomy":"product_tag","embeddable":true,"href":"https:\/\/www.gasia.com.tr\/en\/wp-json\/wp\/v2\/product_tag?post=40446"}],"curies":[{"name":"wp","href":"https:\/\/api.w.org\/{rel}","templated":true}]}}