{"id":40449,"date":"2026-03-23T15:35:21","date_gmt":"2026-03-23T12:35:21","guid":{"rendered":"https:\/\/www.gasia.com.tr\/?post_type=product&#038;p=40449"},"modified":"2026-03-28T21:42:15","modified_gmt":"2026-03-28T18:42:15","slug":"kurukafa-detayli-oksit-gumuslu-tek-kupe","status":"publish","type":"product","link":"https:\/\/www.gasia.com.tr\/en\/collections\/kurukafa-detayli-oksit-gumuslu-tek-kupe\/","title":{"rendered":"Kurukafa  Detayl\u0131 G\u00fcm\u00fc\u015fl\u00fc Tek K\u00fcpe"},"content":{"rendered":"<p>Detayl\u0131 kurukafa formu ve oksit y\u00fczeyiyle g\u00fc\u00e7l\u00fc bir karakter sunan tek k\u00fcpe tasar\u0131m\u0131. Y\u00fczeydeki i\u015fleme detaylar\u0131, par\u00e7aya derinlik ve dikkat \u00e7ekici bir duru\u015f kazand\u0131r\u0131r.<\/p>","protected":false},"excerpt":{"rendered":"<ul>\n<li>14 Ayar Alt\u0131n<\/li>\n<li>925 Ayar Okside G\u00fcm\u00fc\u015f<\/li>\n<li>0.08 ct P\u0131rlanta<\/li>\n<li>K\u00fcpemiz tek olarak sat\u0131lmaktad\u0131r<\/li>\n<\/ul>","protected":false},"featured_media":40450,"comment_status":"open","ping_status":"closed","template":"","meta":[],"product_brand":[],"product_cat":[74],"product_tag":[1997,2408,2412,2411,2404,2403,2402,2400,2405,390,398,2414,2410,2409,1747,2401,403,2413,1746,2415,2407,2406],"class_list":{"0":"post-40449","1":"product","2":"type-product","3":"status-publish","4":"has-post-thumbnail","6":"product_cat-kupe-modelleri","7":"product_tag-alternatif-taki","8":"product_tag-alternative-jewelry","9":"product_tag-detailed-earrings","10":"product_tag-detayli-kupe","11":"product_tag-erkek-kupe","12":"product_tag-gothic-earrings","13":"product_tag-gotik-kupe","14":"product_tag-kafatasi-kupe","15":"product_tag-men-earrings","16":"product_tag-oksit-gumus-kupe","17":"product_tag-oxidized-silver-earrings","18":"product_tag-ozgun-tasarim-kupe","19":"product_tag-rock-style-earrings","20":"product_tag-rock-tarzi-kupe","21":"product_tag-single-earring","22":"product_tag-skull-earring","23":"product_tag-statement-earrings","24":"product_tag-statement-kupe","25":"product_tag-tek-kupe","26":"product_tag-unique-design-earrings","27":"product_tag-unisex-earrings","28":"product_tag-unisex-kupe","29":"pa_cinsiyet-erkek","31":"first","32":"instock","33":"sale","34":"shipping-taxable","35":"purchasable","36":"product-type-simple"},"_links":{"self":[{"href":"https:\/\/www.gasia.com.tr\/en\/wp-json\/wp\/v2\/product\/40449","targetHints":{"allow":["GET"]}}],"collection":[{"href":"https:\/\/www.gasia.com.tr\/en\/wp-json\/wp\/v2\/product"}],"about":[{"href":"https:\/\/www.gasia.com.tr\/en\/wp-json\/wp\/v2\/types\/product"}],"replies":[{"embeddable":true,"href":"https:\/\/www.gasia.com.tr\/en\/wp-json\/wp\/v2\/comments?post=40449"}],"version-history":[{"count":2,"href":"https:\/\/www.gasia.com.tr\/en\/wp-json\/wp\/v2\/product\/40449\/revisions"}],"predecessor-version":[{"id":40608,"href":"https:\/\/www.gasia.com.tr\/en\/wp-json\/wp\/v2\/product\/40449\/revisions\/40608"}],"wp:featuredmedia":[{"embeddable":true,"href":"https:\/\/www.gasia.com.tr\/en\/wp-json\/wp\/v2\/media\/40450"}],"wp:attachment":[{"href":"https:\/\/www.gasia.com.tr\/en\/wp-json\/wp\/v2\/media?parent=40449"}],"wp:term":[{"taxonomy":"product_brand","embeddable":true,"href":"https:\/\/www.gasia.com.tr\/en\/wp-json\/wp\/v2\/product_brand?post=40449"},{"taxonomy":"product_cat","embeddable":true,"href":"https:\/\/www.gasia.com.tr\/en\/wp-json\/wp\/v2\/product_cat?post=40449"},{"taxonomy":"product_tag","embeddable":true,"href":"https:\/\/www.gasia.com.tr\/en\/wp-json\/wp\/v2\/product_tag?post=40449"}],"curies":[{"name":"wp","href":"https:\/\/api.w.org\/{rel}","templated":true}]}}