{"id":40471,"date":"2026-02-03T15:27:00","date_gmt":"2026-02-03T12:27:00","guid":{"rendered":"https:\/\/www.gasia.com.tr\/?post_type=product&#038;p=40471"},"modified":"2026-04-13T15:43:14","modified_gmt":"2026-04-13T12:43:14","slug":"damla-kesim-siyah-pirlanta-altin-kupe","status":"publish","type":"product","link":"https:\/\/www.gasia.com.tr\/en\/collections\/damla-kesim-siyah-pirlanta-altin-kupe\/","title":{"rendered":"Damla Kesim Siyah P\u0131rlanta Alt\u0131n K\u00fcpe"},"content":{"rendered":"<p>Damla kesim siyah p\u0131rlantan\u0131n derin parlakl\u0131\u011f\u0131, sade formuyla \u00f6n plana \u00e7\u0131kar. Koyu tonlu y\u00fczey ve net hatlar, tasar\u0131ma g\u00fc\u00e7l\u00fc ve modern bir ifade kazand\u0131r\u0131r.<\/p>","protected":false},"excerpt":{"rendered":"<ul>\n<li>18 Ayar Alt\u0131n<\/li>\n<li>0,54 ct Damla Kesim Siyah P\u0131rlanta<\/li>\n<\/ul>","protected":false},"featured_media":40472,"comment_status":"open","ping_status":"closed","template":"","meta":[],"product_brand":[],"product_cat":[74],"product_tag":[1713,1712,2443,1818,2441,389,1714,395,2338,2392,1537,1583,392,1819,2442,1789,1790,1711,1716,2444,1596],"class_list":{"0":"post-40471","1":"product","2":"type-product","3":"status-publish","4":"has-post-thumbnail","6":"product_cat-kupe-modelleri","7":"product_tag-altin-kupe","8":"product_tag-black-diamond-earrings","9":"product_tag-black-gemstone-earrings","10":"product_tag-damla-kesim-kupe","11":"product_tag-damla-siyah-pirlanta","12":"product_tag-fine-jewelry-earrings","13":"product_tag-gold-earrings","14":"product_tag-kadin-kupe","15":"product_tag-kucuk-kupe","16":"product_tag-minimal-earrings","17":"product_tag-minimal-kupe","18":"product_tag-modern-earrings","19":"product_tag-modern-kupe","20":"product_tag-pear-cut-earrings","21":"product_tag-pear-shape-black-diamond","22":"product_tag-sade-kupe","23":"product_tag-simple-earrings","24":"product_tag-siyah-pirlanta-kupe","25":"product_tag-siyah-tasli-kupe","26":"product_tag-stud-earrings","27":"product_tag-women-earrings","28":"pa_cinsiyet-erkek","29":"pa_cinsiyet-kadin","31":"first","32":"instock","33":"shipping-taxable","34":"purchasable","35":"product-type-simple"},"_links":{"self":[{"href":"https:\/\/www.gasia.com.tr\/en\/wp-json\/wp\/v2\/product\/40471","targetHints":{"allow":["GET"]}}],"collection":[{"href":"https:\/\/www.gasia.com.tr\/en\/wp-json\/wp\/v2\/product"}],"about":[{"href":"https:\/\/www.gasia.com.tr\/en\/wp-json\/wp\/v2\/types\/product"}],"replies":[{"embeddable":true,"href":"https:\/\/www.gasia.com.tr\/en\/wp-json\/wp\/v2\/comments?post=40471"}],"version-history":[{"count":4,"href":"https:\/\/www.gasia.com.tr\/en\/wp-json\/wp\/v2\/product\/40471\/revisions"}],"predecessor-version":[{"id":42020,"href":"https:\/\/www.gasia.com.tr\/en\/wp-json\/wp\/v2\/product\/40471\/revisions\/42020"}],"wp:featuredmedia":[{"embeddable":true,"href":"https:\/\/www.gasia.com.tr\/en\/wp-json\/wp\/v2\/media\/40472"}],"wp:attachment":[{"href":"https:\/\/www.gasia.com.tr\/en\/wp-json\/wp\/v2\/media?parent=40471"}],"wp:term":[{"taxonomy":"product_brand","embeddable":true,"href":"https:\/\/www.gasia.com.tr\/en\/wp-json\/wp\/v2\/product_brand?post=40471"},{"taxonomy":"product_cat","embeddable":true,"href":"https:\/\/www.gasia.com.tr\/en\/wp-json\/wp\/v2\/product_cat?post=40471"},{"taxonomy":"product_tag","embeddable":true,"href":"https:\/\/www.gasia.com.tr\/en\/wp-json\/wp\/v2\/product_tag?post=40471"}],"curies":[{"name":"wp","href":"https:\/\/api.w.org\/{rel}","templated":true}]}}