{"id":40475,"date":"2026-02-04T23:05:00","date_gmt":"2026-02-04T20:05:00","guid":{"rendered":"https:\/\/www.gasia.com.tr\/?post_type=product&#038;p=40475"},"modified":"2026-04-13T21:43:56","modified_gmt":"2026-04-13T18:43:56","slug":"arizona-firuze-damla-kesim-pirlanta-cerceveli-altin-kupe","status":"publish","type":"product","link":"https:\/\/www.gasia.com.tr\/en\/collections\/arizona-firuze-damla-kesim-pirlanta-cerceveli-altin-kupe\/","title":{"rendered":"Arizona Firuze Damla Kesim P\u0131rlanta \u00c7er\u00e7eveli Alt\u0131n K\u00fcpe"},"content":{"rendered":"<p>Damla formundaki Arizona firuze, etraf\u0131n\u0131 saran p\u0131rlantalarla birlikte \u0131\u015f\u0131\u011f\u0131 g\u00fc\u00e7l\u00fc bir \u015fekilde yans\u0131t\u0131r. Canl\u0131 mavi ton ile alt\u0131n ve p\u0131rlanta detaylar\u0131n birle\u015fimi, dikkat \u00e7ekici bir kontrast olu\u015fturur.<\/p>","protected":false},"excerpt":{"rendered":"<p>Damla formundaki Arizona firuze, etraf\u0131n\u0131 saran p\u0131rlantalarla birlikte \u0131\u015f\u0131\u011f\u0131 g\u00fc\u00e7l\u00fc bir \u015fekilde yans\u0131t\u0131r. Canl\u0131 mavi ton ile alt\u0131n ve p\u0131rlanta<\/p>","protected":false},"featured_media":40476,"comment_status":"open","ping_status":"closed","template":"","meta":[],"product_brand":[77],"product_cat":[74],"product_tag":[1713,2397,2398,2371,1959,1818,837,389,2399,1594,1714,395,1820,1819,2445,1958,813,859,1596],"class_list":{"0":"post-40475","1":"product","2":"type-product","3":"status-publish","4":"has-post-thumbnail","6":"product_brand-gasia","7":"product_cat-kupe-modelleri","8":"product_tag-altin-kupe","9":"product_tag-arizona-firuze-kupe","10":"product_tag-arizona-turquoise-earrings","11":"product_tag-blue-stone-earrings","12":"product_tag-colorful-earrings","13":"product_tag-damla-kesim-kupe","14":"product_tag-diamond-halo-earrings","15":"product_tag-fine-jewelry-earrings","16":"product_tag-firuze-tasli-kupe","17":"product_tag-gemstone-earrings","18":"product_tag-gold-earrings","19":"product_tag-kadin-kupe","20":"product_tag-mavi-tasli-kupe","21":"product_tag-pear-cut-earrings","22":"product_tag-pirlanta-cerceveli-kupe","23":"product_tag-renkli-kupe","24":"product_tag-tasli-kupe","25":"product_tag-turquoise-gemstone-earrings","26":"product_tag-women-earrings","27":"pa_cinsiyet-kadin","29":"first","30":"instock","31":"sale","32":"shipping-taxable","33":"purchasable","34":"product-type-simple"},"_links":{"self":[{"href":"https:\/\/www.gasia.com.tr\/en\/wp-json\/wp\/v2\/product\/40475","targetHints":{"allow":["GET"]}}],"collection":[{"href":"https:\/\/www.gasia.com.tr\/en\/wp-json\/wp\/v2\/product"}],"about":[{"href":"https:\/\/www.gasia.com.tr\/en\/wp-json\/wp\/v2\/types\/product"}],"replies":[{"embeddable":true,"href":"https:\/\/www.gasia.com.tr\/en\/wp-json\/wp\/v2\/comments?post=40475"}],"version-history":[{"count":1,"href":"https:\/\/www.gasia.com.tr\/en\/wp-json\/wp\/v2\/product\/40475\/revisions"}],"predecessor-version":[{"id":40477,"href":"https:\/\/www.gasia.com.tr\/en\/wp-json\/wp\/v2\/product\/40475\/revisions\/40477"}],"wp:featuredmedia":[{"embeddable":true,"href":"https:\/\/www.gasia.com.tr\/en\/wp-json\/wp\/v2\/media\/40476"}],"wp:attachment":[{"href":"https:\/\/www.gasia.com.tr\/en\/wp-json\/wp\/v2\/media?parent=40475"}],"wp:term":[{"taxonomy":"product_brand","embeddable":true,"href":"https:\/\/www.gasia.com.tr\/en\/wp-json\/wp\/v2\/product_brand?post=40475"},{"taxonomy":"product_cat","embeddable":true,"href":"https:\/\/www.gasia.com.tr\/en\/wp-json\/wp\/v2\/product_cat?post=40475"},{"taxonomy":"product_tag","embeddable":true,"href":"https:\/\/www.gasia.com.tr\/en\/wp-json\/wp\/v2\/product_tag?post=40475"}],"curies":[{"name":"wp","href":"https:\/\/api.w.org\/{rel}","templated":true}]}}