{"id":40478,"date":"2026-02-05T00:00:00","date_gmt":"2026-02-04T21:00:00","guid":{"rendered":"https:\/\/www.gasia.com.tr\/?post_type=product&#038;p=40478"},"modified":"2026-04-13T21:42:41","modified_gmt":"2026-04-13T18:42:41","slug":"moonstone-tasli-coklu-damla-form-pirlanta-detayli-altin-kupe","status":"publish","type":"product","link":"https:\/\/www.gasia.com.tr\/en\/collections\/moonstone-tasli-coklu-damla-form-pirlanta-detayli-altin-kupe\/","title":{"rendered":"Moonstone Ta\u015fl\u0131 \u00c7oklu Damla Form P\u0131rlanta Detayl\u0131 Alt\u0131n K\u00fcpe"},"content":{"rendered":"<p>I\u015f\u0131\u011fa g\u00f6re de\u011fi\u015fen yumu\u015fak yans\u0131malar\u0131yla moonstone ta\u015flar, damla ve oval formlarla katmanl\u0131 bir g\u00f6r\u00fcn\u00fcm olu\u015fturur. Etraf\u0131n\u0131 saran p\u0131rlantalarla birlikte tasar\u0131m, hareketli ve dikkat \u00e7ekici bir etki sunar.<\/p>","protected":false},"excerpt":{"rendered":"<p>18 Ayar Alt\u0131n<br \/>\n1,04ct P\u0131rlanta<\/p>","protected":false},"featured_media":40479,"comment_status":"open","ping_status":"closed","template":"","meta":[],"product_brand":[77],"product_cat":[74],"product_tag":[1713,2448,2451,1818,1573,1587,833,389,1594,1714,395,2447,2449,2446,2452,2453,2450,1567,814,813,1596],"class_list":{"0":"post-40478","1":"product","2":"type-product","3":"status-publish","4":"has-post-thumbnail","6":"product_brand-gasia","7":"product_cat-kupe-modelleri","8":"product_tag-altin-kupe","9":"product_tag-ay-tasi-kupe","10":"product_tag-coklu-tasli-kupe","11":"product_tag-damla-kesim-kupe","12":"product_tag-diamond-detail-earrings","13":"product_tag-dogal-tas-kupe","14":"product_tag-drop-earrings","15":"product_tag-fine-jewelry-earrings","16":"product_tag-gemstone-earrings","17":"product_tag-gold-earrings","18":"product_tag-kadin-kupe","19":"product_tag-moonstone-earrings","20":"product_tag-moonstone-jewelry","21":"product_tag-moonstone-kupe","22":"product_tag-multi-stone-earrings","23":"product_tag-natural-gemstone-earrings","24":"product_tag-pear-shape-earrings","25":"product_tag-pirlanta-detayli-kupe","26":"product_tag-sallantili-kupe","27":"product_tag-tasli-kupe","28":"product_tag-women-earrings","29":"pa_cinsiyet-kadin","31":"first","32":"instock","33":"sale","34":"shipping-taxable","35":"purchasable","36":"product-type-simple"},"_links":{"self":[{"href":"https:\/\/www.gasia.com.tr\/en\/wp-json\/wp\/v2\/product\/40478","targetHints":{"allow":["GET"]}}],"collection":[{"href":"https:\/\/www.gasia.com.tr\/en\/wp-json\/wp\/v2\/product"}],"about":[{"href":"https:\/\/www.gasia.com.tr\/en\/wp-json\/wp\/v2\/types\/product"}],"replies":[{"embeddable":true,"href":"https:\/\/www.gasia.com.tr\/en\/wp-json\/wp\/v2\/comments?post=40478"}],"version-history":[{"count":2,"href":"https:\/\/www.gasia.com.tr\/en\/wp-json\/wp\/v2\/product\/40478\/revisions"}],"predecessor-version":[{"id":40918,"href":"https:\/\/www.gasia.com.tr\/en\/wp-json\/wp\/v2\/product\/40478\/revisions\/40918"}],"wp:featuredmedia":[{"embeddable":true,"href":"https:\/\/www.gasia.com.tr\/en\/wp-json\/wp\/v2\/media\/40479"}],"wp:attachment":[{"href":"https:\/\/www.gasia.com.tr\/en\/wp-json\/wp\/v2\/media?parent=40478"}],"wp:term":[{"taxonomy":"product_brand","embeddable":true,"href":"https:\/\/www.gasia.com.tr\/en\/wp-json\/wp\/v2\/product_brand?post=40478"},{"taxonomy":"product_cat","embeddable":true,"href":"https:\/\/www.gasia.com.tr\/en\/wp-json\/wp\/v2\/product_cat?post=40478"},{"taxonomy":"product_tag","embeddable":true,"href":"https:\/\/www.gasia.com.tr\/en\/wp-json\/wp\/v2\/product_tag?post=40478"}],"curies":[{"name":"wp","href":"https:\/\/api.w.org\/{rel}","templated":true}]}}