{"id":40482,"date":"2026-03-18T00:00:00","date_gmt":"2026-03-17T21:00:00","guid":{"rendered":"https:\/\/www.gasia.com.tr\/?post_type=product&#038;p=40482"},"modified":"2026-03-30T16:20:56","modified_gmt":"2026-03-30T13:20:56","slug":"inci-ve-pirlanta-detayli-minimal-altin-kupe","status":"publish","type":"product","link":"https:\/\/www.gasia.com.tr\/en\/collections\/inci-ve-pirlanta-detayli-minimal-altin-kupe\/","title":{"rendered":"\u0130nci ve P\u0131rlanta Detayl\u0131 Minimal Alt\u0131n K\u00fcpe"},"content":{"rendered":"<p>Do\u011fal inci formunun yumu\u015fak parlakl\u0131\u011f\u0131, \u00fcstte yer alan p\u0131rlanta detay\u0131yla dengelenerek sade ama dikkat \u00e7ekici bir g\u00f6r\u00fcn\u00fcm sunar. Temiz hatlar\u0131yla \u00f6ne \u00e7\u0131kan tasar\u0131m, klasik dokunu\u015fu modern bir yorumla bulu\u015fturur.<\/p>","protected":false},"excerpt":{"rendered":"<ul>\n<li>18 Ayar Alt\u0131n<\/li>\n<li>0,12ct P\u0131rlanta<\/li>\n<\/ul>","protected":false},"featured_media":40483,"comment_status":"open","ping_status":"closed","template":"","meta":[],"product_brand":[],"product_cat":[74],"product_tag":[1713,1722,1573,1595,389,1714,373,1847,1844,395,1721,1537,1788,1720,1718,2118,1567,1596,378],"class_list":{"0":"post-40482","1":"product","2":"type-product","3":"status-publish","4":"has-post-thumbnail","6":"product_cat-kupe-modelleri","7":"product_tag-altin-kupe","8":"product_tag-classic-earrings","9":"product_tag-diamond-detail-earrings","10":"product_tag-elegant-earrings","11":"product_tag-fine-jewelry-earrings","12":"product_tag-gold-earrings","13":"product_tag-inci-kupe","14":"product_tag-inci-taki","15":"product_tag-inci-ve-pirlanta-kupe","16":"product_tag-kadin-kupe","17":"product_tag-klasik-kupe","18":"product_tag-minimal-kupe","19":"product_tag-minimalist-earrings","20":"product_tag-pearl-diamond-earrings","21":"product_tag-pearl-earrings","22":"product_tag-pearl-jewelry","23":"product_tag-pirlanta-detayli-kupe","24":"product_tag-women-earrings","25":"product_tag-zarif-kupe","26":"pa_cinsiyet-kadin","28":"first","29":"instock","30":"sale","31":"shipping-taxable","32":"purchasable","33":"product-type-simple"},"_links":{"self":[{"href":"https:\/\/www.gasia.com.tr\/en\/wp-json\/wp\/v2\/product\/40482","targetHints":{"allow":["GET"]}}],"collection":[{"href":"https:\/\/www.gasia.com.tr\/en\/wp-json\/wp\/v2\/product"}],"about":[{"href":"https:\/\/www.gasia.com.tr\/en\/wp-json\/wp\/v2\/types\/product"}],"replies":[{"embeddable":true,"href":"https:\/\/www.gasia.com.tr\/en\/wp-json\/wp\/v2\/comments?post=40482"}],"version-history":[{"count":2,"href":"https:\/\/www.gasia.com.tr\/en\/wp-json\/wp\/v2\/product\/40482\/revisions"}],"predecessor-version":[{"id":40685,"href":"https:\/\/www.gasia.com.tr\/en\/wp-json\/wp\/v2\/product\/40482\/revisions\/40685"}],"wp:featuredmedia":[{"embeddable":true,"href":"https:\/\/www.gasia.com.tr\/en\/wp-json\/wp\/v2\/media\/40483"}],"wp:attachment":[{"href":"https:\/\/www.gasia.com.tr\/en\/wp-json\/wp\/v2\/media?parent=40482"}],"wp:term":[{"taxonomy":"product_brand","embeddable":true,"href":"https:\/\/www.gasia.com.tr\/en\/wp-json\/wp\/v2\/product_brand?post=40482"},{"taxonomy":"product_cat","embeddable":true,"href":"https:\/\/www.gasia.com.tr\/en\/wp-json\/wp\/v2\/product_cat?post=40482"},{"taxonomy":"product_tag","embeddable":true,"href":"https:\/\/www.gasia.com.tr\/en\/wp-json\/wp\/v2\/product_tag?post=40482"}],"curies":[{"name":"wp","href":"https:\/\/api.w.org\/{rel}","templated":true}]}}