{"id":40486,"date":"2025-10-09T00:00:00","date_gmt":"2025-10-08T21:00:00","guid":{"rendered":"https:\/\/www.gasia.com.tr\/?post_type=product&#038;p=40486"},"modified":"2026-03-30T13:47:17","modified_gmt":"2026-03-30T10:47:17","slug":"yildiz-formlu-pirlanta-tek-piercing-kupe","status":"publish","type":"product","link":"https:\/\/www.gasia.com.tr\/en\/collections\/yildiz-formlu-pirlanta-tek-piercing-kupe\/","title":{"rendered":"Y\u0131ld\u0131z Formlu P\u0131rlanta Tek Piercing K\u00fcpe"},"content":{"rendered":"<p>\u00dc\u00e7l\u00fc y\u0131ld\u0131z formunun \u0131\u015f\u0131lt\u0131l\u0131 p\u0131rlanta detaylar\u0131yla birle\u015fti\u011fi bu tek piercing k\u00fcpe, kulakta zarif bir hat olu\u015fturur. I\u015f\u0131\u011f\u0131 farkl\u0131 a\u00e7\u0131lardan yakalayan tasar\u0131m\u0131yla, k\u00fc\u00e7\u00fck \u00f6l\u00e7ekte g\u00fc\u00e7l\u00fc bir ifade sunar.<\/p>","protected":false},"excerpt":{"rendered":"<ul>\n<li>14 Ayar Alt\u0131n<\/li>\n<li>0,03ct P\u0131rlanta<\/li>\n<\/ul>","protected":false},"featured_media":40487,"comment_status":"open","ping_status":"closed","template":"","meta":[],"product_brand":[77],"product_cat":[74,208],"product_tag":[2458,2464,2461,2457,2468,2459,2463,2467,2460,2456,2455,2466,1988,2454,2462,2465,1987],"class_list":{"0":"post-40486","1":"product","2":"type-product","3":"status-publish","4":"has-post-thumbnail","6":"product_brand-gasia","7":"product_cat-kupe-modelleri","8":"product_cat-yildiz-mucevher-modelleri","9":"product_tag-altin-piercing-kupe","10":"product_tag-cartilage-earring","11":"product_tag-delicate-piercing-jewelry","12":"product_tag-diamond-piercing","13":"product_tag-fine-jewelry-piercing","14":"product_tag-gold-piercing-earring","15":"product_tag-helix-kupe","16":"product_tag-kadin-piercing-kupe","17":"product_tag-minimal-piercing","18":"product_tag-pirlanta-piercing","19":"product_tag-single-piercing-earring","20":"product_tag-star-design-jewelry","21":"product_tag-star-earrings","22":"product_tag-tek-piercing-kupe","23":"product_tag-tragus-kupe","24":"product_tag-yildiz-form-kupe","25":"product_tag-yildiz-kupe","26":"pa_cinsiyet-kadin","28":"first","29":"instock","30":"shipping-taxable","31":"purchasable","32":"product-type-simple"},"_links":{"self":[{"href":"https:\/\/www.gasia.com.tr\/en\/wp-json\/wp\/v2\/product\/40486","targetHints":{"allow":["GET"]}}],"collection":[{"href":"https:\/\/www.gasia.com.tr\/en\/wp-json\/wp\/v2\/product"}],"about":[{"href":"https:\/\/www.gasia.com.tr\/en\/wp-json\/wp\/v2\/types\/product"}],"replies":[{"embeddable":true,"href":"https:\/\/www.gasia.com.tr\/en\/wp-json\/wp\/v2\/comments?post=40486"}],"version-history":[{"count":2,"href":"https:\/\/www.gasia.com.tr\/en\/wp-json\/wp\/v2\/product\/40486\/revisions"}],"predecessor-version":[{"id":40684,"href":"https:\/\/www.gasia.com.tr\/en\/wp-json\/wp\/v2\/product\/40486\/revisions\/40684"}],"wp:featuredmedia":[{"embeddable":true,"href":"https:\/\/www.gasia.com.tr\/en\/wp-json\/wp\/v2\/media\/40487"}],"wp:attachment":[{"href":"https:\/\/www.gasia.com.tr\/en\/wp-json\/wp\/v2\/media?parent=40486"}],"wp:term":[{"taxonomy":"product_brand","embeddable":true,"href":"https:\/\/www.gasia.com.tr\/en\/wp-json\/wp\/v2\/product_brand?post=40486"},{"taxonomy":"product_cat","embeddable":true,"href":"https:\/\/www.gasia.com.tr\/en\/wp-json\/wp\/v2\/product_cat?post=40486"},{"taxonomy":"product_tag","embeddable":true,"href":"https:\/\/www.gasia.com.tr\/en\/wp-json\/wp\/v2\/product_tag?post=40486"}],"curies":[{"name":"wp","href":"https:\/\/api.w.org\/{rel}","templated":true}]}}