{"id":40491,"date":"2026-03-23T21:41:23","date_gmt":"2026-03-23T18:41:23","guid":{"rendered":"https:\/\/www.gasia.com.tr\/?post_type=product&#038;p=40491"},"modified":"2026-03-24T15:21:13","modified_gmt":"2026-03-24T12:21:13","slug":"kelebek-formlu-zincirli-amber-tasli-kupe","status":"publish","type":"product","link":"https:\/\/www.gasia.com.tr\/en\/collections\/kelebek-formlu-zincirli-amber-tasli-kupe\/","title":{"rendered":"Kelebek Formlu Zincirli Amber Ta\u015fl\u0131 K\u00fcpe"},"content":{"rendered":"<p>\u00dcstte yer alan kelebek formunun p\u0131rlanta \u0131\u015f\u0131lt\u0131s\u0131, ince zincir detay\u0131yla a\u015fa\u011f\u0131ya do\u011fru akarak amber\u00a0 ta\u015fla bulu\u015fur. Hareketli yap\u0131s\u0131 ve s\u0131cak renk ge\u00e7i\u015fleriyle, tasar\u0131ma dinamik ve dikkat \u00e7ekici bir karakter kazand\u0131r\u0131r.<\/p>","protected":false},"excerpt":{"rendered":"<ul>\n<li>18 Ayar Alt\u0131n<\/li>\n<li>24 Ayar Alt\u0131n<\/li>\n<li>0,11ct P\u0131rlanta<\/li>\n<li>2,80ct Amber<\/li>\n<\/ul>","protected":false},"featured_media":40492,"comment_status":"open","ping_status":"closed","template":"","meta":[],"product_brand":[],"product_cat":[74],"product_tag":[2474,2473,2472,2470,2476,2471,1684,1574,1573,1686,395,2475,2469,2059,1567,814,403,815,2058,2024],"class_list":{"0":"post-40491","1":"product","2":"type-product","3":"status-publish","4":"has-post-thumbnail","6":"product_cat-kupe-modelleri","7":"product_tag-altin-detay-kupe","8":"product_tag-amber-stone-earrings","9":"product_tag-amber-ton-tasli-kupe","10":"product_tag-butterfly-earrings","11":"product_tag-butterfly-jewelry","12":"product_tag-chain-drop-earrings","13":"product_tag-dangle-earrings","14":"product_tag-designer-earrings","15":"product_tag-diamond-detail-earrings","16":"product_tag-gold-detail-earrings","17":"product_tag-kadin-kupe","18":"product_tag-kelebek-figur-taki","19":"product_tag-kelebek-kupe","20":"product_tag-long-earrings","21":"product_tag-pirlanta-detayli-kupe","22":"product_tag-sallantili-kupe","23":"product_tag-statement-earrings","24":"product_tag-tasarim-kupe","25":"product_tag-uzun-kupe","26":"product_tag-zincirli-kupe","27":"pa_cinsiyet-kadin","29":"first","30":"instock","31":"shipping-taxable","32":"purchasable","33":"product-type-simple"},"_links":{"self":[{"href":"https:\/\/www.gasia.com.tr\/en\/wp-json\/wp\/v2\/product\/40491","targetHints":{"allow":["GET"]}}],"collection":[{"href":"https:\/\/www.gasia.com.tr\/en\/wp-json\/wp\/v2\/product"}],"about":[{"href":"https:\/\/www.gasia.com.tr\/en\/wp-json\/wp\/v2\/types\/product"}],"replies":[{"embeddable":true,"href":"https:\/\/www.gasia.com.tr\/en\/wp-json\/wp\/v2\/comments?post=40491"}],"version-history":[{"count":2,"href":"https:\/\/www.gasia.com.tr\/en\/wp-json\/wp\/v2\/product\/40491\/revisions"}],"predecessor-version":[{"id":40683,"href":"https:\/\/www.gasia.com.tr\/en\/wp-json\/wp\/v2\/product\/40491\/revisions\/40683"}],"wp:featuredmedia":[{"embeddable":true,"href":"https:\/\/www.gasia.com.tr\/en\/wp-json\/wp\/v2\/media\/40492"}],"wp:attachment":[{"href":"https:\/\/www.gasia.com.tr\/en\/wp-json\/wp\/v2\/media?parent=40491"}],"wp:term":[{"taxonomy":"product_brand","embeddable":true,"href":"https:\/\/www.gasia.com.tr\/en\/wp-json\/wp\/v2\/product_brand?post=40491"},{"taxonomy":"product_cat","embeddable":true,"href":"https:\/\/www.gasia.com.tr\/en\/wp-json\/wp\/v2\/product_cat?post=40491"},{"taxonomy":"product_tag","embeddable":true,"href":"https:\/\/www.gasia.com.tr\/en\/wp-json\/wp\/v2\/product_tag?post=40491"}],"curies":[{"name":"wp","href":"https:\/\/api.w.org\/{rel}","templated":true}]}}