{"id":40495,"date":"2025-10-09T00:00:00","date_gmt":"2025-10-08T21:00:00","guid":{"rendered":"https:\/\/www.gasia.com.tr\/?post_type=product&#038;p=40495"},"modified":"2026-03-30T18:04:59","modified_gmt":"2026-03-30T15:04:59","slug":"dalga-formlu-pirlanta-tek-kupe","status":"publish","type":"product","link":"https:\/\/www.gasia.com.tr\/en\/collections\/dalga-formlu-pirlanta-tek-kupe\/","title":{"rendered":"Dalga Formlu P\u0131rlanta Tek K\u00fcpe"},"content":{"rendered":"<p>Ak\u0131\u015fkan hatlardan ilham alan dalga formu, y\u00fczeye yay\u0131lan p\u0131rlanta dizilimiyle \u0131\u015f\u0131\u011f\u0131 zarif\u00e7e yans\u0131t\u0131r. Kavisli yap\u0131s\u0131 kula\u011fa do\u011fal bir hareket kazand\u0131r\u0131rken, sade \u00e7izgiler g\u00fc\u00e7l\u00fc bir stil ifadesi olu\u015fturur.<\/p>","protected":false},"excerpt":{"rendered":"<ul>\n<li>18 Ayar Alt\u0131n<\/li>\n<li>0,19ct P\u0131rlanta<\/li>\n<\/ul>","protected":false},"featured_media":41129,"comment_status":"open","ping_status":"closed","template":"","meta":[],"product_brand":[],"product_cat":[74],"product_tag":[2006,2479,1752,2478,2482,2483,1595,2484,2481,1639,1583,392,2477,1747,1746,2480,2007,378],"class_list":{"0":"post-40495","1":"product","2":"type-product","3":"status-publish","4":"has-post-thumbnail","6":"product_cat-kupe-modelleri","7":"product_tag-beyaz-altin-kupe","8":"product_tag-dalga-form-kupe","9":"product_tag-designer-earring","10":"product_tag-diamond-single-earring","11":"product_tag-ear-climber","12":"product_tag-ear-crawler-earring","13":"product_tag-elegant-earrings","14":"product_tag-fine-jewelry-earring","15":"product_tag-minimal-tasarim-kupe","16":"product_tag-minimalist-jewelry","17":"product_tag-modern-earrings","18":"product_tag-modern-kupe","19":"product_tag-pirlanta-tek-kupe","20":"product_tag-single-earring","21":"product_tag-tek-kupe","22":"product_tag-wave-design-earring","23":"product_tag-white-gold-earrings","24":"product_tag-zarif-kupe","25":"pa_cinsiyet-kadin","27":"first","28":"instock","29":"shipping-taxable","30":"purchasable","31":"product-type-simple"},"_links":{"self":[{"href":"https:\/\/www.gasia.com.tr\/en\/wp-json\/wp\/v2\/product\/40495","targetHints":{"allow":["GET"]}}],"collection":[{"href":"https:\/\/www.gasia.com.tr\/en\/wp-json\/wp\/v2\/product"}],"about":[{"href":"https:\/\/www.gasia.com.tr\/en\/wp-json\/wp\/v2\/types\/product"}],"replies":[{"embeddable":true,"href":"https:\/\/www.gasia.com.tr\/en\/wp-json\/wp\/v2\/comments?post=40495"}],"version-history":[{"count":2,"href":"https:\/\/www.gasia.com.tr\/en\/wp-json\/wp\/v2\/product\/40495\/revisions"}],"predecessor-version":[{"id":40681,"href":"https:\/\/www.gasia.com.tr\/en\/wp-json\/wp\/v2\/product\/40495\/revisions\/40681"}],"wp:featuredmedia":[{"embeddable":true,"href":"https:\/\/www.gasia.com.tr\/en\/wp-json\/wp\/v2\/media\/41129"}],"wp:attachment":[{"href":"https:\/\/www.gasia.com.tr\/en\/wp-json\/wp\/v2\/media?parent=40495"}],"wp:term":[{"taxonomy":"product_brand","embeddable":true,"href":"https:\/\/www.gasia.com.tr\/en\/wp-json\/wp\/v2\/product_brand?post=40495"},{"taxonomy":"product_cat","embeddable":true,"href":"https:\/\/www.gasia.com.tr\/en\/wp-json\/wp\/v2\/product_cat?post=40495"},{"taxonomy":"product_tag","embeddable":true,"href":"https:\/\/www.gasia.com.tr\/en\/wp-json\/wp\/v2\/product_tag?post=40495"}],"curies":[{"name":"wp","href":"https:\/\/api.w.org\/{rel}","templated":true}]}}