{"id":40501,"date":"2026-02-03T11:01:00","date_gmt":"2026-02-03T08:01:00","guid":{"rendered":"https:\/\/www.gasia.com.tr\/?post_type=product&#038;p=40501"},"modified":"2026-03-30T17:54:39","modified_gmt":"2026-03-30T14:54:39","slug":"opal-tasli-pirlanta-cerceveli-altin-kupe","status":"publish","type":"product","link":"https:\/\/www.gasia.com.tr\/en\/collections\/opal-tasli-pirlanta-cerceveli-altin-kupe\/","title":{"rendered":"Opal Ta\u015fl\u0131 P\u0131rlanta \u00c7er\u00e7eveli Alt\u0131n K\u00fcpe"},"content":{"rendered":"<p>Derin mavi-ye\u015fil ge\u00e7i\u015flere sahip opal ta\u015f, \u00e7evresini saran p\u0131rlanta dizilimiyle birlikte g\u00fc\u00e7l\u00fc bir \u0131\u015f\u0131k oyunu yarat\u0131r. Organik formu sayesinde klasik kal\u0131plar\u0131n d\u0131\u015f\u0131na \u00e7\u0131karak \u00f6zg\u00fcn bir g\u00f6r\u00fcn\u00fcm sunar.<\/p>","protected":false},"excerpt":{"rendered":"<ul>\n<li>18 Ayar Alt\u0131n<\/li>\n<li>0,19ct P\u0131rlanta<\/li>\n<li>1,75ct Opal<\/li>\n<\/ul>","protected":false},"featured_media":40502,"comment_status":"open","ping_status":"closed","template":"","meta":[],"product_brand":[],"product_cat":[74],"product_tag":[1713,873,2489,1574,837,389,1594,1714,2488,395,2486,870,867,2485,868,2445,403,2487],"class_list":{"0":"post-40501","1":"product","2":"type-product","3":"status-publish","4":"has-post-thumbnail","6":"product_cat-kupe-modelleri","7":"product_tag-altin-kupe","8":"product_tag-blue-opal-earrings","9":"product_tag-degerli-tas-kupe","10":"product_tag-designer-earrings","11":"product_tag-diamond-halo-earrings","12":"product_tag-fine-jewelry-earrings","13":"product_tag-gemstone-earrings","14":"product_tag-gold-earrings","15":"product_tag-green-opal-earrings","16":"product_tag-kadin-kupe","17":"product_tag-mavi-opal-kupe","18":"product_tag-opal-earrings","19":"product_tag-opal-kupe","20":"product_tag-opal-stone-earrings","21":"product_tag-opal-tasli-kupe","22":"product_tag-pirlanta-cerceveli-kupe","23":"product_tag-statement-earrings","24":"product_tag-yesil-opal-kupe","25":"pa_cinsiyet-kadin","27":"first","28":"instock","29":"shipping-taxable","30":"purchasable","31":"product-type-simple"},"_links":{"self":[{"href":"https:\/\/www.gasia.com.tr\/en\/wp-json\/wp\/v2\/product\/40501","targetHints":{"allow":["GET"]}}],"collection":[{"href":"https:\/\/www.gasia.com.tr\/en\/wp-json\/wp\/v2\/product"}],"about":[{"href":"https:\/\/www.gasia.com.tr\/en\/wp-json\/wp\/v2\/types\/product"}],"replies":[{"embeddable":true,"href":"https:\/\/www.gasia.com.tr\/en\/wp-json\/wp\/v2\/comments?post=40501"}],"version-history":[{"count":2,"href":"https:\/\/www.gasia.com.tr\/en\/wp-json\/wp\/v2\/product\/40501\/revisions"}],"predecessor-version":[{"id":40680,"href":"https:\/\/www.gasia.com.tr\/en\/wp-json\/wp\/v2\/product\/40501\/revisions\/40680"}],"wp:featuredmedia":[{"embeddable":true,"href":"https:\/\/www.gasia.com.tr\/en\/wp-json\/wp\/v2\/media\/40502"}],"wp:attachment":[{"href":"https:\/\/www.gasia.com.tr\/en\/wp-json\/wp\/v2\/media?parent=40501"}],"wp:term":[{"taxonomy":"product_brand","embeddable":true,"href":"https:\/\/www.gasia.com.tr\/en\/wp-json\/wp\/v2\/product_brand?post=40501"},{"taxonomy":"product_cat","embeddable":true,"href":"https:\/\/www.gasia.com.tr\/en\/wp-json\/wp\/v2\/product_cat?post=40501"},{"taxonomy":"product_tag","embeddable":true,"href":"https:\/\/www.gasia.com.tr\/en\/wp-json\/wp\/v2\/product_tag?post=40501"}],"curies":[{"name":"wp","href":"https:\/\/api.w.org\/{rel}","templated":true}]}}