{"id":40505,"date":"2026-03-23T21:46:47","date_gmt":"2026-03-23T18:46:47","guid":{"rendered":"https:\/\/www.gasia.com.tr\/?post_type=product&#038;p=40505"},"modified":"2026-03-24T22:13:32","modified_gmt":"2026-03-24T19:13:32","slug":"sari-kok-safir-ve-pirlanta-cerceveli-altin-kupe","status":"publish","type":"product","link":"https:\/\/www.gasia.com.tr\/en\/collections\/sari-kok-safir-ve-pirlanta-cerceveli-altin-kupe\/","title":{"rendered":"Sar\u0131 K\u00f6k Safir ve P\u0131rlanta \u00c7er\u00e7eveli Alt\u0131n K\u00fcpe"},"content":{"rendered":"<p>Do\u011fal dokulu sar\u0131 k\u00f6k safir ta\u015f, etraf\u0131n\u0131 saran ince p\u0131rlanta dizilimiyle birlikte yumu\u015fak ama dikkat \u00e7ekici bir \u0131\u015f\u0131lt\u0131 sunar. Oval form ve dengeli oranlar, tasar\u0131ma g\u00fc\u00e7l\u00fc bir karakter kazand\u0131r\u0131r.<\/p>","protected":false},"excerpt":{"rendered":"<ul>\n<li>18 Ayar Alt\u0131n<\/li>\n<li>0,28 ct P\u0131rlanta<\/li>\n<li>12.33 ct\u00a0 Sar\u0131 K\u00f6k Safir<\/li>\n<\/ul>","protected":false},"featured_media":40506,"comment_status":"open","ping_status":"closed","template":"","meta":[],"product_brand":[],"product_cat":[74],"product_tag":[1713,2489,1574,837,1587,389,1714,395,2492,1564,2498,2497,2496,2445,2493,2494,2495,2490,2491],"class_list":{"0":"post-40505","1":"product","2":"type-product","3":"status-publish","4":"has-post-thumbnail","6":"product_cat-kupe-modelleri","7":"product_tag-altin-kupe","8":"product_tag-degerli-tas-kupe","9":"product_tag-designer-earrings","10":"product_tag-diamond-halo-earrings","11":"product_tag-dogal-tas-kupe","12":"product_tag-fine-jewelry-earrings","13":"product_tag-gold-earrings","14":"product_tag-kadin-kupe","15":"product_tag-kok-safir-kupe","16":"product_tag-luxury-earrings","17":"product_tag-natural-gemstone-jewelry","18":"product_tag-oval-gemstone-earrings","19":"product_tag-oval-tas-kupe","20":"product_tag-pirlanta-cerceveli-kupe","21":"product_tag-raw-sapphire-earrings","22":"product_tag-safir-tasli-kupe","23":"product_tag-sapphire-stone-earrings","24":"product_tag-sari-safir-kupe","25":"product_tag-yellow-sapphire-earrings","26":"pa_cinsiyet-kadin","28":"first","29":"instock","30":"sale","31":"shipping-taxable","32":"purchasable","33":"product-type-simple"},"_links":{"self":[{"href":"https:\/\/www.gasia.com.tr\/en\/wp-json\/wp\/v2\/product\/40505","targetHints":{"allow":["GET"]}}],"collection":[{"href":"https:\/\/www.gasia.com.tr\/en\/wp-json\/wp\/v2\/product"}],"about":[{"href":"https:\/\/www.gasia.com.tr\/en\/wp-json\/wp\/v2\/types\/product"}],"replies":[{"embeddable":true,"href":"https:\/\/www.gasia.com.tr\/en\/wp-json\/wp\/v2\/comments?post=40505"}],"version-history":[{"count":3,"href":"https:\/\/www.gasia.com.tr\/en\/wp-json\/wp\/v2\/product\/40505\/revisions"}],"predecessor-version":[{"id":40705,"href":"https:\/\/www.gasia.com.tr\/en\/wp-json\/wp\/v2\/product\/40505\/revisions\/40705"}],"wp:featuredmedia":[{"embeddable":true,"href":"https:\/\/www.gasia.com.tr\/en\/wp-json\/wp\/v2\/media\/40506"}],"wp:attachment":[{"href":"https:\/\/www.gasia.com.tr\/en\/wp-json\/wp\/v2\/media?parent=40505"}],"wp:term":[{"taxonomy":"product_brand","embeddable":true,"href":"https:\/\/www.gasia.com.tr\/en\/wp-json\/wp\/v2\/product_brand?post=40505"},{"taxonomy":"product_cat","embeddable":true,"href":"https:\/\/www.gasia.com.tr\/en\/wp-json\/wp\/v2\/product_cat?post=40505"},{"taxonomy":"product_tag","embeddable":true,"href":"https:\/\/www.gasia.com.tr\/en\/wp-json\/wp\/v2\/product_tag?post=40505"}],"curies":[{"name":"wp","href":"https:\/\/api.w.org\/{rel}","templated":true}]}}