{"id":40513,"date":"2026-03-23T22:13:23","date_gmt":"2026-03-23T19:13:23","guid":{"rendered":"https:\/\/www.gasia.com.tr\/?post_type=product&#038;p=40513"},"modified":"2026-03-24T14:39:28","modified_gmt":"2026-03-24T11:39:28","slug":"smoky-quartz-tasli-pirlanta-islemeli-altin-kupe","status":"publish","type":"product","link":"https:\/\/www.gasia.com.tr\/en\/collections\/smoky-quartz-tasli-pirlanta-islemeli-altin-kupe\/","title":{"rendered":"Smoky Topaz Ta\u015fl\u0131 P\u0131rlanta \u0130\u015flemeli Alt\u0131n K\u00fcpe"},"content":{"rendered":"<p>Dumanl\u0131 tonlara sahip smoky quartz ta\u015f, ince i\u015f\u00e7ilikle haz\u0131rlanm\u0131\u015f p\u0131rlanta detayl\u0131 \u00e7er\u00e7eveyle birle\u015ferek derinlikli bir g\u00f6r\u00fcn\u00fcm olu\u015fturur. Damla formun i\u00e7indeki k\u0131vr\u0131ml\u0131 hatlar tasar\u0131ma hareket ve karakter katar.<\/p>","protected":false},"excerpt":{"rendered":"<ul>\n<li>18 Ayar Alt\u0131n<\/li>\n<li>1,08ct P\u0131rlanta<\/li>\n<li>8,62ct Smoky Topaz<\/li>\n<\/ul>","protected":false},"featured_media":40514,"comment_status":"open","ping_status":"closed","template":"","meta":[],"product_brand":[],"product_cat":[74],"product_tag":[1713,2364,2015,2489,1574,1573,2511,389,1841,1714,395,1564,2512,375,2510,2509,403,1979],"class_list":{"0":"post-40513","1":"product","2":"type-product","3":"status-publish","4":"has-post-thumbnail","6":"product_cat-kupe-modelleri","7":"product_tag-altin-kupe","8":"product_tag-brown-gemstone-earrings","9":"product_tag-damla-form-kupe","10":"product_tag-degerli-tas-kupe","11":"product_tag-designer-earrings","12":"product_tag-diamond-detail-earrings","13":"product_tag-dumanli-kuvars-kupe","14":"product_tag-fine-jewelry-earrings","15":"product_tag-gemstone-jewelry","16":"product_tag-gold-earrings","17":"product_tag-kadin-kupe","18":"product_tag-luxury-earrings","19":"product_tag-pirlanta-islemeli-kupe","20":"product_tag-sik-kupe","21":"product_tag-smoky-quartz-earrings","22":"product_tag-smoky-quartz-kupe","23":"product_tag-statement-earrings","24":"product_tag-teardrop-earrings","25":"pa_cinsiyet-kadin","27":"first","28":"instock","29":"sale","30":"shipping-taxable","31":"purchasable","32":"product-type-simple"},"_links":{"self":[{"href":"https:\/\/www.gasia.com.tr\/en\/wp-json\/wp\/v2\/product\/40513","targetHints":{"allow":["GET"]}}],"collection":[{"href":"https:\/\/www.gasia.com.tr\/en\/wp-json\/wp\/v2\/product"}],"about":[{"href":"https:\/\/www.gasia.com.tr\/en\/wp-json\/wp\/v2\/types\/product"}],"replies":[{"embeddable":true,"href":"https:\/\/www.gasia.com.tr\/en\/wp-json\/wp\/v2\/comments?post=40513"}],"version-history":[{"count":2,"href":"https:\/\/www.gasia.com.tr\/en\/wp-json\/wp\/v2\/product\/40513\/revisions"}],"predecessor-version":[{"id":40675,"href":"https:\/\/www.gasia.com.tr\/en\/wp-json\/wp\/v2\/product\/40513\/revisions\/40675"}],"wp:featuredmedia":[{"embeddable":true,"href":"https:\/\/www.gasia.com.tr\/en\/wp-json\/wp\/v2\/media\/40514"}],"wp:attachment":[{"href":"https:\/\/www.gasia.com.tr\/en\/wp-json\/wp\/v2\/media?parent=40513"}],"wp:term":[{"taxonomy":"product_brand","embeddable":true,"href":"https:\/\/www.gasia.com.tr\/en\/wp-json\/wp\/v2\/product_brand?post=40513"},{"taxonomy":"product_cat","embeddable":true,"href":"https:\/\/www.gasia.com.tr\/en\/wp-json\/wp\/v2\/product_cat?post=40513"},{"taxonomy":"product_tag","embeddable":true,"href":"https:\/\/www.gasia.com.tr\/en\/wp-json\/wp\/v2\/product_tag?post=40513"}],"curies":[{"name":"wp","href":"https:\/\/api.w.org\/{rel}","templated":true}]}}