{"id":40517,"date":"2025-10-09T00:00:00","date_gmt":"2025-10-08T21:00:00","guid":{"rendered":"https:\/\/www.gasia.com.tr\/?post_type=product&#038;p=40517"},"modified":"2026-03-30T13:47:17","modified_gmt":"2026-03-30T10:47:17","slug":"cicek-motifli-smoky-quartz-ve-pirlanta-detayli-uzun-altin-kupe","status":"publish","type":"product","link":"https:\/\/www.gasia.com.tr\/en\/collections\/cicek-motifli-smoky-quartz-ve-pirlanta-detayli-uzun-altin-kupe\/","title":{"rendered":"\u00c7i\u00e7ek Motifli Smoky Quartz ve P\u0131rlanta Detayl\u0131  Alt\u0131n Tek K\u00fcpe"},"content":{"rendered":"<p>Zarif\u00a0 formuyla uzayan bu tasar\u0131m, u\u00e7 k\u0131sm\u0131ndaki \u00e7i\u00e7ek form kesim smoky quartz ta\u015f\u0131yla dikkat \u00e7eker. Etraf\u0131n\u0131 saran p\u0131rlanta detaylar ve ince i\u015f\u00e7ilikli ba\u011flant\u0131lar, k\u00fcpeye hem \u0131\u015f\u0131lt\u0131 hem de sofistike bir hareket kazand\u0131r\u0131r.<\/p>","protected":false},"excerpt":{"rendered":"<ul>\n<li>18 Ayar Alt\u0131n<\/li>\n<li>0,55ct P\u0131rlanta<\/li>\n<li>4,39t Smoky Topaz<\/li>\n<\/ul>","protected":false},"featured_media":40518,"comment_status":"open","ping_status":"closed","template":"","meta":[],"product_brand":[],"product_cat":[74],"product_tag":[1713,2364,844,1574,1573,1595,389,2030,1714,395,2513,2506,1564,1567,2510,2509,2058,378],"class_list":{"0":"post-40517","1":"product","2":"type-product","3":"status-publish","4":"has-post-thumbnail","6":"product_cat-kupe-modelleri","7":"product_tag-altin-kupe","8":"product_tag-brown-gemstone-earrings","9":"product_tag-cicek-motifli-kupe","10":"product_tag-designer-earrings","11":"product_tag-diamond-detail-earrings","12":"product_tag-elegant-earrings","13":"product_tag-fine-jewelry-earrings","14":"product_tag-flower-earrings","15":"product_tag-gold-earrings","16":"product_tag-kadin-kupe","17":"product_tag-kahverengi-tas-kupe","18":"product_tag-long-drop-earrings","19":"product_tag-luxury-earrings","20":"product_tag-pirlanta-detayli-kupe","21":"product_tag-smoky-quartz-earrings","22":"product_tag-smoky-quartz-kupe","23":"product_tag-uzun-kupe","24":"product_tag-zarif-kupe","25":"pa_cinsiyet-kadin","27":"first","28":"instock","29":"sale","30":"shipping-taxable","31":"purchasable","32":"product-type-simple"},"_links":{"self":[{"href":"https:\/\/www.gasia.com.tr\/en\/wp-json\/wp\/v2\/product\/40517","targetHints":{"allow":["GET"]}}],"collection":[{"href":"https:\/\/www.gasia.com.tr\/en\/wp-json\/wp\/v2\/product"}],"about":[{"href":"https:\/\/www.gasia.com.tr\/en\/wp-json\/wp\/v2\/types\/product"}],"replies":[{"embeddable":true,"href":"https:\/\/www.gasia.com.tr\/en\/wp-json\/wp\/v2\/comments?post=40517"}],"version-history":[{"count":3,"href":"https:\/\/www.gasia.com.tr\/en\/wp-json\/wp\/v2\/product\/40517\/revisions"}],"predecessor-version":[{"id":40673,"href":"https:\/\/www.gasia.com.tr\/en\/wp-json\/wp\/v2\/product\/40517\/revisions\/40673"}],"wp:featuredmedia":[{"embeddable":true,"href":"https:\/\/www.gasia.com.tr\/en\/wp-json\/wp\/v2\/media\/40518"}],"wp:attachment":[{"href":"https:\/\/www.gasia.com.tr\/en\/wp-json\/wp\/v2\/media?parent=40517"}],"wp:term":[{"taxonomy":"product_brand","embeddable":true,"href":"https:\/\/www.gasia.com.tr\/en\/wp-json\/wp\/v2\/product_brand?post=40517"},{"taxonomy":"product_cat","embeddable":true,"href":"https:\/\/www.gasia.com.tr\/en\/wp-json\/wp\/v2\/product_cat?post=40517"},{"taxonomy":"product_tag","embeddable":true,"href":"https:\/\/www.gasia.com.tr\/en\/wp-json\/wp\/v2\/product_tag?post=40517"}],"curies":[{"name":"wp","href":"https:\/\/api.w.org\/{rel}","templated":true}]}}