{"id":40520,"date":"2026-03-23T22:16:06","date_gmt":"2026-03-23T19:16:06","guid":{"rendered":"https:\/\/www.gasia.com.tr\/?post_type=product&#038;p=40520"},"modified":"2026-03-24T14:30:15","modified_gmt":"2026-03-24T11:30:15","slug":"pembe-ametist-tasli-pirlanta-cerceveli-altin-kupe","status":"publish","type":"product","link":"https:\/\/www.gasia.com.tr\/en\/collections\/pembe-ametist-tasli-pirlanta-cerceveli-altin-kupe\/","title":{"rendered":"Pembe Ametist Ta\u015fl\u0131, P\u0131rlanta \u00c7er\u00e7eveli Alt\u0131n K\u00fcpe"},"content":{"rendered":"<p>Yumu\u015fak pembe ametist ta\u015f\u0131n merkezde yer ald\u0131\u011f\u0131 bu tasar\u0131m, etraf\u0131n\u0131 saran p\u0131rlanta detaylarla \u0131\u015f\u0131\u011f\u0131 zarif bir \u015fekilde yans\u0131t\u0131r. Modern kare formu ve ince i\u015f\u00e7ilikli alt\u0131n yap\u0131s\u0131yla hem dikkat \u00e7ekici hem de rafine bir g\u00f6r\u00fcn\u00fcm sunar.<\/p>","protected":false},"excerpt":{"rendered":"<ul>\n<li>18 Ayar Alt\u0131n<\/li>\n<li>0,30ct P\u0131rlanta<\/li>\n<li>4,29ct Ametist<\/li>\n<\/ul>","protected":false},"featured_media":40521,"comment_status":"open","ping_status":"closed","template":"","meta":[],"product_brand":[],"product_cat":[74],"product_tag":[1713,2517,2516,2519,1574,837,389,1714,395,2518,2520,2521,1564,392,2514,2515,2445,403],"class_list":{"0":"post-40520","1":"product","2":"type-product","3":"status-publish","4":"has-post-thumbnail","6":"product_cat-kupe-modelleri","7":"product_tag-altin-kupe","8":"product_tag-amethyst-earrings","9":"product_tag-ametist-tasli-kupe","10":"product_tag-cushion-cut-earrings","11":"product_tag-designer-earrings","12":"product_tag-diamond-halo-earrings","13":"product_tag-fine-jewelry-earrings","14":"product_tag-gold-earrings","15":"product_tag-kadin-kupe","16":"product_tag-kare-tas-kupe","17":"product_tag-lila-tas-kupe","18":"product_tag-lilac-gemstone-earrings","19":"product_tag-luxury-earrings","20":"product_tag-modern-kupe","21":"product_tag-pembe-ametist-kupe","22":"product_tag-pink-amethyst-earrings","23":"product_tag-pirlanta-cerceveli-kupe","24":"product_tag-statement-earrings","25":"pa_cinsiyet-kadin","27":"first","28":"instock","29":"shipping-taxable","30":"purchasable","31":"product-type-simple"},"_links":{"self":[{"href":"https:\/\/www.gasia.com.tr\/en\/wp-json\/wp\/v2\/product\/40520","targetHints":{"allow":["GET"]}}],"collection":[{"href":"https:\/\/www.gasia.com.tr\/en\/wp-json\/wp\/v2\/product"}],"about":[{"href":"https:\/\/www.gasia.com.tr\/en\/wp-json\/wp\/v2\/types\/product"}],"replies":[{"embeddable":true,"href":"https:\/\/www.gasia.com.tr\/en\/wp-json\/wp\/v2\/comments?post=40520"}],"version-history":[{"count":2,"href":"https:\/\/www.gasia.com.tr\/en\/wp-json\/wp\/v2\/product\/40520\/revisions"}],"predecessor-version":[{"id":40670,"href":"https:\/\/www.gasia.com.tr\/en\/wp-json\/wp\/v2\/product\/40520\/revisions\/40670"}],"wp:featuredmedia":[{"embeddable":true,"href":"https:\/\/www.gasia.com.tr\/en\/wp-json\/wp\/v2\/media\/40521"}],"wp:attachment":[{"href":"https:\/\/www.gasia.com.tr\/en\/wp-json\/wp\/v2\/media?parent=40520"}],"wp:term":[{"taxonomy":"product_brand","embeddable":true,"href":"https:\/\/www.gasia.com.tr\/en\/wp-json\/wp\/v2\/product_brand?post=40520"},{"taxonomy":"product_cat","embeddable":true,"href":"https:\/\/www.gasia.com.tr\/en\/wp-json\/wp\/v2\/product_cat?post=40520"},{"taxonomy":"product_tag","embeddable":true,"href":"https:\/\/www.gasia.com.tr\/en\/wp-json\/wp\/v2\/product_tag?post=40520"}],"curies":[{"name":"wp","href":"https:\/\/api.w.org\/{rel}","templated":true}]}}