{"id":40524,"date":"2026-03-23T22:17:21","date_gmt":"2026-03-23T19:17:21","guid":{"rendered":"https:\/\/www.gasia.com.tr\/?post_type=product&#038;p=40524"},"modified":"2026-03-24T14:28:23","modified_gmt":"2026-03-24T11:28:23","slug":"smoky-quartz-tasli-pirlanta-detayli-altin-kupe","status":"publish","type":"product","link":"https:\/\/www.gasia.com.tr\/en\/collections\/smoky-quartz-tasli-pirlanta-detayli-altin-kupe\/","title":{"rendered":"Smoky Quartz Ta\u015fl\u0131, P\u0131rlanta Detayl\u0131 Alt\u0131n K\u00fcpe"},"content":{"rendered":"<p>Do\u011fal smoky quartz ta\u015f\u0131n derin ve s\u0131cak tonlar\u0131, yanlara yerle\u015ftirilen p\u0131rlanta detaylarla dengelenerek g\u00fc\u00e7l\u00fc bir kontrast yarat\u0131r. Oval kesimi ve klasik formu ile dikkat \u00e7eken bu tasar\u0131m, zarif hareketiyle stilinize karakter kazand\u0131r\u0131r.<\/p>","protected":false},"excerpt":{"rendered":"<ul>\n<li>18 Ayar Alt\u0131n<\/li>\n<li>0,20ct P\u0131rlanta<\/li>\n<li>25,38ct Smoky Topaz<\/li>\n<\/ul>","protected":false},"featured_media":40525,"comment_status":"open","ping_status":"closed","template":"","meta":[],"product_brand":[],"product_cat":[74],"product_tag":[1713,2364,1574,2522,833,1595,389,1714,395,2513,1721,1564,2523,2496,1567,814,2510,2509],"class_list":{"0":"post-40524","1":"product","2":"type-product","3":"status-publish","4":"has-post-thumbnail","6":"product_cat-kupe-modelleri","7":"product_tag-altin-kupe","8":"product_tag-brown-gemstone-earrings","9":"product_tag-designer-earrings","10":"product_tag-diamond-accent-earrings","11":"product_tag-drop-earrings","12":"product_tag-elegant-earrings","13":"product_tag-fine-jewelry-earrings","14":"product_tag-gold-earrings","15":"product_tag-kadin-kupe","16":"product_tag-kahverengi-tas-kupe","17":"product_tag-klasik-kupe","18":"product_tag-luxury-earrings","19":"product_tag-oval-cut-earrings","20":"product_tag-oval-tas-kupe","21":"product_tag-pirlanta-detayli-kupe","22":"product_tag-sallantili-kupe","23":"product_tag-smoky-quartz-earrings","24":"product_tag-smoky-quartz-kupe","25":"pa_cinsiyet-kadin","27":"first","28":"instock","29":"shipping-taxable","30":"purchasable","31":"product-type-simple"},"_links":{"self":[{"href":"https:\/\/www.gasia.com.tr\/en\/wp-json\/wp\/v2\/product\/40524","targetHints":{"allow":["GET"]}}],"collection":[{"href":"https:\/\/www.gasia.com.tr\/en\/wp-json\/wp\/v2\/product"}],"about":[{"href":"https:\/\/www.gasia.com.tr\/en\/wp-json\/wp\/v2\/types\/product"}],"replies":[{"embeddable":true,"href":"https:\/\/www.gasia.com.tr\/en\/wp-json\/wp\/v2\/comments?post=40524"}],"version-history":[{"count":2,"href":"https:\/\/www.gasia.com.tr\/en\/wp-json\/wp\/v2\/product\/40524\/revisions"}],"predecessor-version":[{"id":40669,"href":"https:\/\/www.gasia.com.tr\/en\/wp-json\/wp\/v2\/product\/40524\/revisions\/40669"}],"wp:featuredmedia":[{"embeddable":true,"href":"https:\/\/www.gasia.com.tr\/en\/wp-json\/wp\/v2\/media\/40525"}],"wp:attachment":[{"href":"https:\/\/www.gasia.com.tr\/en\/wp-json\/wp\/v2\/media?parent=40524"}],"wp:term":[{"taxonomy":"product_brand","embeddable":true,"href":"https:\/\/www.gasia.com.tr\/en\/wp-json\/wp\/v2\/product_brand?post=40524"},{"taxonomy":"product_cat","embeddable":true,"href":"https:\/\/www.gasia.com.tr\/en\/wp-json\/wp\/v2\/product_cat?post=40524"},{"taxonomy":"product_tag","embeddable":true,"href":"https:\/\/www.gasia.com.tr\/en\/wp-json\/wp\/v2\/product_tag?post=40524"}],"curies":[{"name":"wp","href":"https:\/\/api.w.org\/{rel}","templated":true}]}}