{"id":40528,"date":"2026-03-23T22:18:34","date_gmt":"2026-03-23T19:18:34","guid":{"rendered":"https:\/\/www.gasia.com.tr\/?post_type=product&#038;p=40528"},"modified":"2026-03-24T14:27:01","modified_gmt":"2026-03-24T11:27:01","slug":"london-blue-topaz-tasli-pirlanta-cevreli-altin-kupe","status":"publish","type":"product","link":"https:\/\/www.gasia.com.tr\/en\/collections\/london-blue-topaz-tasli-pirlanta-cevreli-altin-kupe\/","title":{"rendered":"London Blue Topaz Ta\u015fl\u0131, P\u0131rlanta \u00c7evreli Alt\u0131n K\u00fcpe"},"content":{"rendered":"<p>Derin ve \u00e7arp\u0131c\u0131 tonlara sahip London Blue Topaz ta\u015f, etraf\u0131n\u0131 saran p\u0131rlanta detaylarla g\u00fc\u00e7l\u00fc bir \u0131\u015f\u0131lt\u0131 kazan\u0131r. Yuvarlak kesimi ve dengeli tasar\u0131m\u0131 sayesinde hem dikkat \u00e7ekici hem de zarif bir g\u00f6r\u00fcn\u00fcm sunar.<\/p>","protected":false},"excerpt":{"rendered":"<ul>\n<li>18 Ayar Alt\u0131n<\/li>\n<li>0,20ct P\u0131rlanta<\/li>\n<li>12,66ct Blue Topaz<\/li>\n<\/ul>","protected":false},"featured_media":40529,"comment_status":"open","ping_status":"closed","template":"","meta":[],"product_brand":[],"product_cat":[74],"product_tag":[1713,1817,1574,837,833,389,1714,395,2370,2524,1816,1564,2525,2526,2527,2529,814,2528],"class_list":{"0":"post-40528","1":"product","2":"type-product","3":"status-publish","4":"has-post-thumbnail","6":"product_cat-kupe-modelleri","7":"product_tag-altin-kupe","8":"product_tag-blue-topaz-earrings","9":"product_tag-designer-earrings","10":"product_tag-diamond-halo-earrings","11":"product_tag-drop-earrings","12":"product_tag-fine-jewelry-earrings","13":"product_tag-gold-earrings","14":"product_tag-kadin-kupe","15":"product_tag-lacivert-tas-kupe","16":"product_tag-london-blue-topaz-earrings","17":"product_tag-london-blue-topaz-kupe","18":"product_tag-luxury-earrings","19":"product_tag-mavi-topaz-kupe","20":"product_tag-navy-gemstone-earrings","21":"product_tag-pirlanta-cevreli-kupe","22":"product_tag-round-cut-earrings","23":"product_tag-sallantili-kupe","24":"product_tag-yuvarlak-tas-kupe","25":"pa_cinsiyet-kadin","27":"first","28":"instock","29":"sale","30":"shipping-taxable","31":"purchasable","32":"product-type-simple"},"_links":{"self":[{"href":"https:\/\/www.gasia.com.tr\/en\/wp-json\/wp\/v2\/product\/40528","targetHints":{"allow":["GET"]}}],"collection":[{"href":"https:\/\/www.gasia.com.tr\/en\/wp-json\/wp\/v2\/product"}],"about":[{"href":"https:\/\/www.gasia.com.tr\/en\/wp-json\/wp\/v2\/types\/product"}],"replies":[{"embeddable":true,"href":"https:\/\/www.gasia.com.tr\/en\/wp-json\/wp\/v2\/comments?post=40528"}],"version-history":[{"count":2,"href":"https:\/\/www.gasia.com.tr\/en\/wp-json\/wp\/v2\/product\/40528\/revisions"}],"predecessor-version":[{"id":40667,"href":"https:\/\/www.gasia.com.tr\/en\/wp-json\/wp\/v2\/product\/40528\/revisions\/40667"}],"wp:featuredmedia":[{"embeddable":true,"href":"https:\/\/www.gasia.com.tr\/en\/wp-json\/wp\/v2\/media\/40529"}],"wp:attachment":[{"href":"https:\/\/www.gasia.com.tr\/en\/wp-json\/wp\/v2\/media?parent=40528"}],"wp:term":[{"taxonomy":"product_brand","embeddable":true,"href":"https:\/\/www.gasia.com.tr\/en\/wp-json\/wp\/v2\/product_brand?post=40528"},{"taxonomy":"product_cat","embeddable":true,"href":"https:\/\/www.gasia.com.tr\/en\/wp-json\/wp\/v2\/product_cat?post=40528"},{"taxonomy":"product_tag","embeddable":true,"href":"https:\/\/www.gasia.com.tr\/en\/wp-json\/wp\/v2\/product_tag?post=40528"}],"curies":[{"name":"wp","href":"https:\/\/api.w.org\/{rel}","templated":true}]}}