{"id":40536,"date":"2026-03-23T22:22:10","date_gmt":"2026-03-23T19:22:10","guid":{"rendered":"https:\/\/www.gasia.com.tr\/?post_type=product&#038;p=40536"},"modified":"2026-03-24T22:12:00","modified_gmt":"2026-03-24T19:12:00","slug":"siyah-pirlanta-tasli-halka-kupe","status":"publish","type":"product","link":"https:\/\/www.gasia.com.tr\/en\/collections\/siyah-pirlanta-tasli-halka-kupe\/","title":{"rendered":"Siyah P\u0131rlanta Ta\u015fl\u0131 Halka K\u00fcpe"},"content":{"rendered":"<p>Modern ve sofistike tasar\u0131m\u0131yla \u00f6ne \u00e7\u0131kan bu halka k\u00fcpe, siyah p\u0131rlantalar\u0131n \u0131\u015f\u0131lt\u0131s\u0131yla g\u00fc\u00e7l\u00fc bir stil sunar. Yo\u011fun ta\u015f dizilimi sayesinde derin ve etkileyici bir g\u00f6r\u00fcn\u00fcm kazanan bu par\u00e7a, gece ve \u00f6zel davet kombinlerinin vazge\u00e7ilmez tamamlay\u0131c\u0131s\u0131d\u0131r.<\/p>","protected":false},"excerpt":{"rendered":"<ul>\n<li>18 Ayar Alt\u0131n<\/li>\n<li>0,08ct Beyaz P\u0131rlanta<\/li>\n<li>2,28ct Siyah P\u0131rlanta<\/li>\n<\/ul>","protected":false},"featured_media":40537,"comment_status":"open","ping_status":"closed","template":"","meta":[],"product_brand":[],"product_cat":[74],"product_tag":[1712,1574,1595,1594,1768,1769,395,379,1564,2535,1711,375,403,813,2534],"class_list":{"0":"post-40536","1":"product","2":"type-product","3":"status-publish","4":"has-post-thumbnail","6":"product_cat-kupe-modelleri","7":"product_tag-black-diamond-earrings","8":"product_tag-designer-earrings","9":"product_tag-elegant-earrings","10":"product_tag-gemstone-earrings","11":"product_tag-halka-kupe","12":"product_tag-hoop-earrings","13":"product_tag-kadin-kupe","14":"product_tag-luks-kupe","15":"product_tag-luxury-earrings","16":"product_tag-pave-diamond-earrings","17":"product_tag-siyah-pirlanta-kupe","18":"product_tag-sik-kupe","19":"product_tag-statement-earrings","20":"product_tag-tasli-kupe","21":"product_tag-womens-earrings","22":"pa_cinsiyet-kadin","24":"first","25":"instock","26":"sale","27":"shipping-taxable","28":"purchasable","29":"product-type-simple"},"_links":{"self":[{"href":"https:\/\/www.gasia.com.tr\/en\/wp-json\/wp\/v2\/product\/40536","targetHints":{"allow":["GET"]}}],"collection":[{"href":"https:\/\/www.gasia.com.tr\/en\/wp-json\/wp\/v2\/product"}],"about":[{"href":"https:\/\/www.gasia.com.tr\/en\/wp-json\/wp\/v2\/types\/product"}],"replies":[{"embeddable":true,"href":"https:\/\/www.gasia.com.tr\/en\/wp-json\/wp\/v2\/comments?post=40536"}],"version-history":[{"count":2,"href":"https:\/\/www.gasia.com.tr\/en\/wp-json\/wp\/v2\/product\/40536\/revisions"}],"predecessor-version":[{"id":40664,"href":"https:\/\/www.gasia.com.tr\/en\/wp-json\/wp\/v2\/product\/40536\/revisions\/40664"}],"wp:featuredmedia":[{"embeddable":true,"href":"https:\/\/www.gasia.com.tr\/en\/wp-json\/wp\/v2\/media\/40537"}],"wp:attachment":[{"href":"https:\/\/www.gasia.com.tr\/en\/wp-json\/wp\/v2\/media?parent=40536"}],"wp:term":[{"taxonomy":"product_brand","embeddable":true,"href":"https:\/\/www.gasia.com.tr\/en\/wp-json\/wp\/v2\/product_brand?post=40536"},{"taxonomy":"product_cat","embeddable":true,"href":"https:\/\/www.gasia.com.tr\/en\/wp-json\/wp\/v2\/product_cat?post=40536"},{"taxonomy":"product_tag","embeddable":true,"href":"https:\/\/www.gasia.com.tr\/en\/wp-json\/wp\/v2\/product_tag?post=40536"}],"curies":[{"name":"wp","href":"https:\/\/api.w.org\/{rel}","templated":true}]}}