{"id":40540,"date":"2025-10-09T00:00:00","date_gmt":"2025-10-08T21:00:00","guid":{"rendered":"https:\/\/www.gasia.com.tr\/?post_type=product&#038;p=40540"},"modified":"2026-03-30T13:47:16","modified_gmt":"2026-03-30T10:47:16","slug":"tek-kupe-altin-halka-ve-elmas-detayli-sallantili-kupe","status":"publish","type":"product","link":"https:\/\/www.gasia.com.tr\/en\/collections\/tek-kupe-altin-halka-ve-elmas-detayli-sallantili-kupe\/","title":{"rendered":"Ham Elmas ve P\u0131rlanta Sallant\u0131l\u0131 Tek K\u00fcpe"},"content":{"rendered":"<p>Minimal ve modern tasar\u0131m\u0131yla \u00f6ne \u00e7\u0131kan bu tek k\u00fcpe, alt\u0131n halka formu ve elmas detayl\u0131 sallant\u0131 ucu ile zarif bir \u0131\u015f\u0131lt\u0131 sunar. G\u00fcnl\u00fck stilinize sofistike bir dokunu\u015f katarken, tekli kullan\u0131m trendine g\u00fc\u00e7l\u00fc bir uyum sa\u011flar<\/p>","protected":false},"excerpt":{"rendered":"<ul>\n<li>18 Ayar Alt\u0131n<\/li>\n<li>0,13ct Elmas<\/li>\n<li>0,04ct P\u0131rlanta<\/li>\n<\/ul>","protected":false},"featured_media":40541,"comment_status":"open","ping_status":"closed","template":"","meta":[],"product_brand":[],"product_cat":[74],"product_tag":[1519,1751,1752,1750,2536,2484,2171,1537,2537,742,392,814,1747,2538,1746,2406],"class_list":{"0":"post-40540","1":"product","2":"type-product","3":"status-publish","4":"has-post-thumbnail","6":"product_cat-kupe-modelleri","7":"product_tag-altin-halka-kupe","8":"product_tag-dangle-earring","9":"product_tag-designer-earring","10":"product_tag-diamond-earring","11":"product_tag-elmas-kupe","12":"product_tag-fine-jewelry-earring","13":"product_tag-gold-hoop-earring","14":"product_tag-minimal-kupe","15":"product_tag-minimalist-earring","16":"product_tag-modern-jewelry","17":"product_tag-modern-kupe","18":"product_tag-sallantili-kupe","19":"product_tag-single-earring","20":"product_tag-stacking-earring","21":"product_tag-tek-kupe","22":"product_tag-unisex-kupe","23":"pa_cinsiyet-kadin","25":"first","26":"instock","27":"sale","28":"shipping-taxable","29":"purchasable","30":"product-type-simple"},"_links":{"self":[{"href":"https:\/\/www.gasia.com.tr\/en\/wp-json\/wp\/v2\/product\/40540","targetHints":{"allow":["GET"]}}],"collection":[{"href":"https:\/\/www.gasia.com.tr\/en\/wp-json\/wp\/v2\/product"}],"about":[{"href":"https:\/\/www.gasia.com.tr\/en\/wp-json\/wp\/v2\/types\/product"}],"replies":[{"embeddable":true,"href":"https:\/\/www.gasia.com.tr\/en\/wp-json\/wp\/v2\/comments?post=40540"}],"version-history":[{"count":2,"href":"https:\/\/www.gasia.com.tr\/en\/wp-json\/wp\/v2\/product\/40540\/revisions"}],"predecessor-version":[{"id":40657,"href":"https:\/\/www.gasia.com.tr\/en\/wp-json\/wp\/v2\/product\/40540\/revisions\/40657"}],"wp:featuredmedia":[{"embeddable":true,"href":"https:\/\/www.gasia.com.tr\/en\/wp-json\/wp\/v2\/media\/40541"}],"wp:attachment":[{"href":"https:\/\/www.gasia.com.tr\/en\/wp-json\/wp\/v2\/media?parent=40540"}],"wp:term":[{"taxonomy":"product_brand","embeddable":true,"href":"https:\/\/www.gasia.com.tr\/en\/wp-json\/wp\/v2\/product_brand?post=40540"},{"taxonomy":"product_cat","embeddable":true,"href":"https:\/\/www.gasia.com.tr\/en\/wp-json\/wp\/v2\/product_cat?post=40540"},{"taxonomy":"product_tag","embeddable":true,"href":"https:\/\/www.gasia.com.tr\/en\/wp-json\/wp\/v2\/product_tag?post=40540"}],"curies":[{"name":"wp","href":"https:\/\/api.w.org\/{rel}","templated":true}]}}