{"id":40543,"date":"2025-10-09T00:00:00","date_gmt":"2025-10-08T21:00:00","guid":{"rendered":"https:\/\/www.gasia.com.tr\/?post_type=product&#038;p=40543"},"modified":"2026-03-30T13:47:16","modified_gmt":"2026-03-30T10:47:16","slug":"altin-halka-ve-siyah-pirlanta-cicek-detayli-tek-kupe","status":"publish","type":"product","link":"https:\/\/www.gasia.com.tr\/en\/collections\/altin-halka-ve-siyah-pirlanta-cicek-detayli-tek-kupe\/","title":{"rendered":"\u00c7i\u00e7ek Sallant\u0131l\u0131 Tek Halka K\u00fcpe"},"content":{"rendered":"<p>Zarif \u00e7i\u00e7ek formu ve siyah p\u0131rlanta \u0131\u015f\u0131lt\u0131s\u0131yla \u00f6ne \u00e7\u0131kan bu tek k\u00fcpe, alt\u0131n halka detay\u0131yla modern ve \u015f\u0131k bir g\u00f6r\u00fcn\u00fcm sunar. Minimal ama dikkat \u00e7ekici tasar\u0131m\u0131 sayesinde hem g\u00fcnl\u00fck kombinlerde hem de \u00f6zel anlarda stilinizi tamamlar.<\/p>","protected":false},"excerpt":{"rendered":"<ul>\n<li>14 Ayar Alt\u0131n<\/li>\n<li>0,13ct P\u0131rlanta<\/li>\n<\/ul>","protected":false},"featured_media":40561,"comment_status":"open","ping_status":"closed","template":"","meta":[],"product_brand":[],"product_cat":[74],"product_tag":[1519,2539,843,1751,1752,2484,1806,2171,1537,1639,392,814,1747,1711,1746,2540],"class_list":{"0":"post-40543","1":"product","2":"type-product","3":"status-publish","4":"has-post-thumbnail","6":"product_cat-kupe-modelleri","7":"product_tag-altin-halka-kupe","8":"product_tag-black-diamond-earring","9":"product_tag-cicek-kupe","10":"product_tag-dangle-earring","11":"product_tag-designer-earring","12":"product_tag-fine-jewelry-earring","13":"product_tag-flower-earring","14":"product_tag-gold-hoop-earring","15":"product_tag-minimal-kupe","16":"product_tag-minimalist-jewelry","17":"product_tag-modern-kupe","18":"product_tag-sallantili-kupe","19":"product_tag-single-earring","20":"product_tag-siyah-pirlanta-kupe","21":"product_tag-tek-kupe","22":"product_tag-unisex-earring","23":"pa_cinsiyet-kadin","25":"first","26":"instock","27":"sale","28":"shipping-taxable","29":"purchasable","30":"product-type-simple"},"_links":{"self":[{"href":"https:\/\/www.gasia.com.tr\/en\/wp-json\/wp\/v2\/product\/40543","targetHints":{"allow":["GET"]}}],"collection":[{"href":"https:\/\/www.gasia.com.tr\/en\/wp-json\/wp\/v2\/product"}],"about":[{"href":"https:\/\/www.gasia.com.tr\/en\/wp-json\/wp\/v2\/types\/product"}],"replies":[{"embeddable":true,"href":"https:\/\/www.gasia.com.tr\/en\/wp-json\/wp\/v2\/comments?post=40543"}],"version-history":[{"count":3,"href":"https:\/\/www.gasia.com.tr\/en\/wp-json\/wp\/v2\/product\/40543\/revisions"}],"predecessor-version":[{"id":40634,"href":"https:\/\/www.gasia.com.tr\/en\/wp-json\/wp\/v2\/product\/40543\/revisions\/40634"}],"wp:featuredmedia":[{"embeddable":true,"href":"https:\/\/www.gasia.com.tr\/en\/wp-json\/wp\/v2\/media\/40561"}],"wp:attachment":[{"href":"https:\/\/www.gasia.com.tr\/en\/wp-json\/wp\/v2\/media?parent=40543"}],"wp:term":[{"taxonomy":"product_brand","embeddable":true,"href":"https:\/\/www.gasia.com.tr\/en\/wp-json\/wp\/v2\/product_brand?post=40543"},{"taxonomy":"product_cat","embeddable":true,"href":"https:\/\/www.gasia.com.tr\/en\/wp-json\/wp\/v2\/product_cat?post=40543"},{"taxonomy":"product_tag","embeddable":true,"href":"https:\/\/www.gasia.com.tr\/en\/wp-json\/wp\/v2\/product_tag?post=40543"}],"curies":[{"name":"wp","href":"https:\/\/api.w.org\/{rel}","templated":true}]}}