{"id":40547,"date":"2025-10-09T00:00:00","date_gmt":"2025-10-08T21:00:00","guid":{"rendered":"https:\/\/www.gasia.com.tr\/?post_type=product&#038;p=40547"},"modified":"2026-03-30T13:47:16","modified_gmt":"2026-03-30T10:47:16","slug":"tek-kupe-altin-halka-ve-kahverengi-pirlanta-baget-kupe","status":"publish","type":"product","link":"https:\/\/www.gasia.com.tr\/en\/collections\/tek-kupe-altin-halka-ve-kahverengi-pirlanta-baget-kupe\/","title":{"rendered":"P\u0131rlanta Sallant\u0131l\u0131   Tek Halka K\u00fcpe"},"content":{"rendered":"<p>Zarif baget kesim kahverengi p\u0131rlanta detay\u0131yla tasarlanan bu tek k\u00fcpe, alt\u0131n halka formuyla modern ve sofistike bir stil sunar. Minimal tasar\u0131m\u0131 sayesinde tekli kullan\u0131m trendine uyum sa\u011flarken, do\u011fal tonlar\u0131n s\u0131cak \u0131\u015f\u0131lt\u0131s\u0131n\u0131 stilinize ta\u015f\u0131r.<\/p>","protected":false},"excerpt":{"rendered":"<ul>\n<li>14 Ayar Alt\u0131n<\/li>\n<li>0,31ct Baget Kesim Kahve P\u0131rlanta<\/li>\n<\/ul>","protected":false},"featured_media":40548,"comment_status":"open","ping_status":"closed","template":"","meta":[],"product_brand":[],"product_cat":[74],"product_tag":[1519,2169,2170,2542,1751,1752,2484,2171,2541,1537,1639,392,814,1747,1746],"class_list":{"0":"post-40547","1":"product","2":"type-product","3":"status-publish","4":"has-post-thumbnail","6":"product_cat-kupe-modelleri","7":"product_tag-altin-halka-kupe","8":"product_tag-baget-pirlanta-kupe","9":"product_tag-baguette-diamond-earring","10":"product_tag-brown-diamond-earring","11":"product_tag-dangle-earring","12":"product_tag-designer-earring","13":"product_tag-fine-jewelry-earring","14":"product_tag-gold-hoop-earring","15":"product_tag-kahverengi-pirlanta-kupe","16":"product_tag-minimal-kupe","17":"product_tag-minimalist-jewelry","18":"product_tag-modern-kupe","19":"product_tag-sallantili-kupe","20":"product_tag-single-earring","21":"product_tag-tek-kupe","22":"pa_cinsiyet-kadin","24":"first","25":"instock","26":"sale","27":"shipping-taxable","28":"purchasable","29":"product-type-simple"},"_links":{"self":[{"href":"https:\/\/www.gasia.com.tr\/en\/wp-json\/wp\/v2\/product\/40547","targetHints":{"allow":["GET"]}}],"collection":[{"href":"https:\/\/www.gasia.com.tr\/en\/wp-json\/wp\/v2\/product"}],"about":[{"href":"https:\/\/www.gasia.com.tr\/en\/wp-json\/wp\/v2\/types\/product"}],"replies":[{"embeddable":true,"href":"https:\/\/www.gasia.com.tr\/en\/wp-json\/wp\/v2\/comments?post=40547"}],"version-history":[{"count":3,"href":"https:\/\/www.gasia.com.tr\/en\/wp-json\/wp\/v2\/product\/40547\/revisions"}],"predecessor-version":[{"id":40629,"href":"https:\/\/www.gasia.com.tr\/en\/wp-json\/wp\/v2\/product\/40547\/revisions\/40629"}],"wp:featuredmedia":[{"embeddable":true,"href":"https:\/\/www.gasia.com.tr\/en\/wp-json\/wp\/v2\/media\/40548"}],"wp:attachment":[{"href":"https:\/\/www.gasia.com.tr\/en\/wp-json\/wp\/v2\/media?parent=40547"}],"wp:term":[{"taxonomy":"product_brand","embeddable":true,"href":"https:\/\/www.gasia.com.tr\/en\/wp-json\/wp\/v2\/product_brand?post=40547"},{"taxonomy":"product_cat","embeddable":true,"href":"https:\/\/www.gasia.com.tr\/en\/wp-json\/wp\/v2\/product_cat?post=40547"},{"taxonomy":"product_tag","embeddable":true,"href":"https:\/\/www.gasia.com.tr\/en\/wp-json\/wp\/v2\/product_tag?post=40547"}],"curies":[{"name":"wp","href":"https:\/\/api.w.org\/{rel}","templated":true}]}}