{"id":40551,"date":"2025-09-30T00:00:00","date_gmt":"2025-09-29T21:00:00","guid":{"rendered":"https:\/\/www.gasia.com.tr\/?post_type=product&#038;p=40551"},"modified":"2026-03-24T21:59:00","modified_gmt":"2026-03-24T18:59:00","slug":"tek-kupe-altin-halka-ve-elmas-kesim-avustralya-safir-tasli-kupe","status":"publish","type":"product","link":"https:\/\/www.gasia.com.tr\/en\/collections\/tek-kupe-altin-halka-ve-elmas-kesim-avustralya-safir-tasli-kupe\/","title":{"rendered":"Safir ve P\u0131rlanta Ta\u015fl\u0131 Sallant\u0131l\u0131  Tek Halka K\u00fcpe"},"content":{"rendered":"<p>Derin mavi tonlar\u0131yla b\u00fcy\u00fcleyen elmas kesim Avustralya safir ta\u015flar\u0131yla tasarlanan bu tek k\u00fcpe, alt\u0131n halka detay\u0131yla modern ve l\u00fcks bir g\u00f6r\u00fcn\u00fcm sunar. I\u015f\u0131lt\u0131l\u0131 dizilimi sayesinde g\u00fc\u00e7l\u00fc ve sofistike bir stil yarat\u0131rken, tekli kullan\u0131m trendine zarif bir dokunu\u015f katar.<\/p>","protected":false},"excerpt":{"rendered":"<ul>\n<li>925 Ayar Okside G\u00fcm\u00fc\u015f<\/li>\n<li>0,04ct P\u0131rlanta<\/li>\n<li>1,17ct Safir<\/li>\n<\/ul>","protected":false},"featured_media":40552,"comment_status":"open","ping_status":"closed","template":"","meta":[],"product_brand":[],"product_cat":[74],"product_tag":[1519,2544,2543,2546,1752,1735,1734,2484,2171,379,2547,1820,2494,2545,1747,1746],"class_list":{"0":"post-40551","1":"product","2":"type-product","3":"status-publish","4":"has-post-thumbnail","6":"product_cat-kupe-modelleri","7":"product_tag-altin-halka-kupe","8":"product_tag-australian-sapphire-earring","9":"product_tag-avustralya-safir-kupe","10":"product_tag-blue-stone-earring","11":"product_tag-designer-earring","12":"product_tag-diamond-cut-sapphire","13":"product_tag-elmas-kesim-safir","14":"product_tag-fine-jewelry-earring","15":"product_tag-gold-hoop-earring","16":"product_tag-luks-kupe","17":"product_tag-luxury-earring","18":"product_tag-mavi-tasli-kupe","19":"product_tag-safir-tasli-kupe","20":"product_tag-sapphire-gemstone-earring","21":"product_tag-single-earring","22":"product_tag-tek-kupe","23":"pa_cinsiyet-kadin","25":"first","26":"instock","27":"sale","28":"shipping-taxable","29":"purchasable","30":"product-type-simple"},"_links":{"self":[{"href":"https:\/\/www.gasia.com.tr\/en\/wp-json\/wp\/v2\/product\/40551","targetHints":{"allow":["GET"]}}],"collection":[{"href":"https:\/\/www.gasia.com.tr\/en\/wp-json\/wp\/v2\/product"}],"about":[{"href":"https:\/\/www.gasia.com.tr\/en\/wp-json\/wp\/v2\/types\/product"}],"replies":[{"embeddable":true,"href":"https:\/\/www.gasia.com.tr\/en\/wp-json\/wp\/v2\/comments?post=40551"}],"version-history":[{"count":2,"href":"https:\/\/www.gasia.com.tr\/en\/wp-json\/wp\/v2\/product\/40551\/revisions"}],"predecessor-version":[{"id":40635,"href":"https:\/\/www.gasia.com.tr\/en\/wp-json\/wp\/v2\/product\/40551\/revisions\/40635"}],"wp:featuredmedia":[{"embeddable":true,"href":"https:\/\/www.gasia.com.tr\/en\/wp-json\/wp\/v2\/media\/40552"}],"wp:attachment":[{"href":"https:\/\/www.gasia.com.tr\/en\/wp-json\/wp\/v2\/media?parent=40551"}],"wp:term":[{"taxonomy":"product_brand","embeddable":true,"href":"https:\/\/www.gasia.com.tr\/en\/wp-json\/wp\/v2\/product_brand?post=40551"},{"taxonomy":"product_cat","embeddable":true,"href":"https:\/\/www.gasia.com.tr\/en\/wp-json\/wp\/v2\/product_cat?post=40551"},{"taxonomy":"product_tag","embeddable":true,"href":"https:\/\/www.gasia.com.tr\/en\/wp-json\/wp\/v2\/product_tag?post=40551"}],"curies":[{"name":"wp","href":"https:\/\/api.w.org\/{rel}","templated":true}]}}