{"id":40555,"date":"2025-09-30T00:00:00","date_gmt":"2025-09-29T21:00:00","guid":{"rendered":"https:\/\/www.gasia.com.tr\/?post_type=product&#038;p=40555"},"modified":"2026-03-24T21:57:42","modified_gmt":"2026-03-24T18:57:42","slug":"tek-kupe-zincirli-kuru-kafa-ve-kemik-detayli-tasli-kupe","status":"publish","type":"product","link":"https:\/\/www.gasia.com.tr\/en\/collections\/tek-kupe-zincirli-kuru-kafa-ve-kemik-detayli-tasli-kupe\/","title":{"rendered":"Kurukafa Detayl\u0131 P\u0131rlanta Tek K\u00fcpe"},"content":{"rendered":"<p>Asi ve g\u00fc\u00e7l\u00fc bir stilin simgesi olan bu tek k\u00fcpe, zincir detay\u0131yla tamamlanan kuru kafa ve kemik formuyla dikkat \u00e7eker. Oksitli y\u00fczey ve ta\u015fl\u0131 kemik detaylar\u0131 sayesinde gotik ve l\u00fcks dokunu\u015fu bir araya getirerek \u00e7arp\u0131c\u0131 bir g\u00f6r\u00fcn\u00fcm sunar.<\/p>","protected":false},"excerpt":{"rendered":"<ul>\n<li>14 Ayar Alt\u0131n<\/li>\n<li>925 Ayar Okside G\u00fcm\u00fc\u015f<\/li>\n<li>0,15ct Kahve P\u0131rlanta<\/li>\n<li>0,08ct Beyaz P\u0131rlanta<\/li>\n<\/ul>","protected":false},"featured_media":40556,"comment_status":"open","ping_status":"closed","template":"","meta":[],"product_brand":[],"product_cat":[74],"product_tag":[2550,2025,1752,2404,465,2402,2549,2548,2552,2551,1747,2401,2023,1746,2406,2024],"class_list":{"0":"post-40555","1":"product","2":"type-product","3":"status-publish","4":"has-post-thumbnail","6":"product_cat-kupe-modelleri","7":"product_tag-bone-earring","8":"product_tag-chain-earring","9":"product_tag-designer-earring","10":"product_tag-erkek-kupe","11":"product_tag-gothic-jewelry","12":"product_tag-gotik-kupe","13":"product_tag-kemik-detayli-kupe","14":"product_tag-kuru-kafa-kupe","15":"product_tag-mens-earring","16":"product_tag-rocker-style-earring","17":"product_tag-single-earring","18":"product_tag-skull-earring","19":"product_tag-statement-earring","20":"product_tag-tek-kupe","21":"product_tag-unisex-kupe","22":"product_tag-zincirli-kupe","23":"pa_cinsiyet-kadin","25":"first","26":"instock","27":"sale","28":"shipping-taxable","29":"purchasable","30":"product-type-simple"},"_links":{"self":[{"href":"https:\/\/www.gasia.com.tr\/en\/wp-json\/wp\/v2\/product\/40555","targetHints":{"allow":["GET"]}}],"collection":[{"href":"https:\/\/www.gasia.com.tr\/en\/wp-json\/wp\/v2\/product"}],"about":[{"href":"https:\/\/www.gasia.com.tr\/en\/wp-json\/wp\/v2\/types\/product"}],"replies":[{"embeddable":true,"href":"https:\/\/www.gasia.com.tr\/en\/wp-json\/wp\/v2\/comments?post=40555"}],"version-history":[{"count":3,"href":"https:\/\/www.gasia.com.tr\/en\/wp-json\/wp\/v2\/product\/40555\/revisions"}],"predecessor-version":[{"id":40662,"href":"https:\/\/www.gasia.com.tr\/en\/wp-json\/wp\/v2\/product\/40555\/revisions\/40662"}],"wp:featuredmedia":[{"embeddable":true,"href":"https:\/\/www.gasia.com.tr\/en\/wp-json\/wp\/v2\/media\/40556"}],"wp:attachment":[{"href":"https:\/\/www.gasia.com.tr\/en\/wp-json\/wp\/v2\/media?parent=40555"}],"wp:term":[{"taxonomy":"product_brand","embeddable":true,"href":"https:\/\/www.gasia.com.tr\/en\/wp-json\/wp\/v2\/product_brand?post=40555"},{"taxonomy":"product_cat","embeddable":true,"href":"https:\/\/www.gasia.com.tr\/en\/wp-json\/wp\/v2\/product_cat?post=40555"},{"taxonomy":"product_tag","embeddable":true,"href":"https:\/\/www.gasia.com.tr\/en\/wp-json\/wp\/v2\/product_tag?post=40555"}],"curies":[{"name":"wp","href":"https:\/\/api.w.org\/{rel}","templated":true}]}}