{"id":40558,"date":"2025-09-30T00:00:00","date_gmt":"2025-09-29T21:00:00","guid":{"rendered":"https:\/\/www.gasia.com.tr\/?post_type=product&#038;p=40558"},"modified":"2026-03-24T21:56:37","modified_gmt":"2026-03-24T18:56:37","slug":"kahverengi-pirlanta-tasli-minimal-sallantili-tek-kupe","status":"publish","type":"product","link":"https:\/\/www.gasia.com.tr\/en\/collections\/kahverengi-pirlanta-tasli-minimal-sallantili-tek-kupe\/","title":{"rendered":"P\u0131rlanta  Sallant\u0131l\u0131 Tek K\u00fcpe"},"content":{"rendered":"<p>Zarif ve modern tasar\u0131m\u0131yla \u00f6ne \u00e7\u0131kan bu tek k\u00fcpe, s\u0131cak tonlardaki kahverengi p\u0131rlanta ta\u015f\u0131yla sofistike bir \u0131\u015f\u0131lt\u0131 sunar. Minimal formu sayesinde g\u00fcnl\u00fck kullan\u0131mda \u015f\u0131kl\u0131\u011f\u0131 tamamlayan, zamans\u0131z bir par\u00e7a olarak stilinize ince bir dokunu\u015f katar.<\/p>","protected":false},"excerpt":{"rendered":"<ul>\n<li>14 Ayar Alt\u0131n<\/li>\n<li>0,51ct Oval Kesim Kahve P\u0131rlanta<\/li>\n<\/ul>","protected":false},"featured_media":40559,"comment_status":"open","ping_status":"closed","template":"","meta":[],"product_brand":[],"product_cat":[74],"product_tag":[1713,2542,1750,2553,1655,2158,2554,2541,1537,2537,1792,814,1747,1746,2406],"class_list":{"0":"post-40558","1":"product","2":"type-product","3":"status-publish","4":"has-post-thumbnail","6":"product_cat-kupe-modelleri","7":"product_tag-altin-kupe","8":"product_tag-brown-diamond-earring","9":"product_tag-diamond-earring","10":"product_tag-drop-earring","11":"product_tag-fine-jewelry","12":"product_tag-gold-earring","13":"product_tag-gunluk-sik-kupe","14":"product_tag-kahverengi-pirlanta-kupe","15":"product_tag-minimal-kupe","16":"product_tag-minimalist-earring","17":"product_tag-modern-taki","18":"product_tag-sallantili-kupe","19":"product_tag-single-earring","20":"product_tag-tek-kupe","21":"product_tag-unisex-kupe","22":"pa_cinsiyet-kadin","24":"first","25":"instock","26":"sale","27":"shipping-taxable","28":"purchasable","29":"product-type-simple"},"_links":{"self":[{"href":"https:\/\/www.gasia.com.tr\/en\/wp-json\/wp\/v2\/product\/40558","targetHints":{"allow":["GET"]}}],"collection":[{"href":"https:\/\/www.gasia.com.tr\/en\/wp-json\/wp\/v2\/product"}],"about":[{"href":"https:\/\/www.gasia.com.tr\/en\/wp-json\/wp\/v2\/types\/product"}],"replies":[{"embeddable":true,"href":"https:\/\/www.gasia.com.tr\/en\/wp-json\/wp\/v2\/comments?post=40558"}],"version-history":[{"count":3,"href":"https:\/\/www.gasia.com.tr\/en\/wp-json\/wp\/v2\/product\/40558\/revisions"}],"predecessor-version":[{"id":40641,"href":"https:\/\/www.gasia.com.tr\/en\/wp-json\/wp\/v2\/product\/40558\/revisions\/40641"}],"wp:featuredmedia":[{"embeddable":true,"href":"https:\/\/www.gasia.com.tr\/en\/wp-json\/wp\/v2\/media\/40559"}],"wp:attachment":[{"href":"https:\/\/www.gasia.com.tr\/en\/wp-json\/wp\/v2\/media?parent=40558"}],"wp:term":[{"taxonomy":"product_brand","embeddable":true,"href":"https:\/\/www.gasia.com.tr\/en\/wp-json\/wp\/v2\/product_brand?post=40558"},{"taxonomy":"product_cat","embeddable":true,"href":"https:\/\/www.gasia.com.tr\/en\/wp-json\/wp\/v2\/product_cat?post=40558"},{"taxonomy":"product_tag","embeddable":true,"href":"https:\/\/www.gasia.com.tr\/en\/wp-json\/wp\/v2\/product_tag?post=40558"}],"curies":[{"name":"wp","href":"https:\/\/api.w.org\/{rel}","templated":true}]}}