{"id":40564,"date":"2026-02-04T23:00:00","date_gmt":"2026-02-04T20:00:00","guid":{"rendered":"https:\/\/www.gasia.com.tr\/?post_type=product&#038;p=40564"},"modified":"2026-04-13T21:43:23","modified_gmt":"2026-04-13T18:43:23","slug":"turkuaz-damla-tasli-pirlanta-detayli-uzun-sallantili-kupe","status":"publish","type":"product","link":"https:\/\/www.gasia.com.tr\/en\/collections\/turkuaz-damla-tasli-pirlanta-detayli-uzun-sallantili-kupe\/","title":{"rendered":"Turkuaz Ta\u015fl\u0131 P\u0131rlanta  K\u00fcpe"},"content":{"rendered":"<p>Zarif ve dikkat \u00e7ekici tasar\u0131m\u0131yla \u00f6ne \u00e7\u0131kan bu k\u00fcpe, p\u0131rlanta detayl\u0131 ince zincir formunun ucunda yer alan turkuaz damla ta\u015f\u0131yla e\u015fsiz bir stil sunar. Canl\u0131 rengiyle enerjik, uzun siluetiyle ise sofistike bir g\u00f6r\u00fcn\u00fcm yaratarak \u00f6zel ve g\u00fcnl\u00fck kombinlere modern bir dokunu\u015f katar.<\/p>","protected":false},"excerpt":{"rendered":"<ul>\n<li>18 Ayar Beyaz Alt\u0131n<\/li>\n<li>0,41ct P\u0131rlanta<\/li>\n<li>3,20ct Firuze<\/li>\n<\/ul>","protected":false},"featured_media":40610,"comment_status":"open","ping_status":"closed","template":"","meta":[],"product_brand":[77],"product_cat":[74],"product_tag":[1713,2558,2559,1978,2557,2560,2158,2556,392,1567,1747,2023,1746,842,2555,869],"class_list":{"0":"post-40564","1":"product","2":"type-product","3":"status-publish","4":"has-post-thumbnail","6":"product_brand-gasia","7":"product_cat-kupe-modelleri","8":"product_tag-altin-kupe","9":"product_tag-bohem-taki","10":"product_tag-bohemian-jewelry","11":"product_tag-damla-tas-kupe","12":"product_tag-diamond-detail-earring","13":"product_tag-drop-stone-earring","14":"product_tag-gold-earring","15":"product_tag-long-drop-earring","16":"product_tag-modern-kupe","17":"product_tag-pirlanta-detayli-kupe","18":"product_tag-single-earring","19":"product_tag-statement-earring","20":"product_tag-tek-kupe","21":"product_tag-turkuaz-kupe","22":"product_tag-turquoise-earring","23":"product_tag-uzun-sallantili-kupe","24":"pa_cinsiyet-kadin","26":"first","27":"instock","28":"shipping-taxable","29":"purchasable","30":"product-type-simple"},"_links":{"self":[{"href":"https:\/\/www.gasia.com.tr\/en\/wp-json\/wp\/v2\/product\/40564","targetHints":{"allow":["GET"]}}],"collection":[{"href":"https:\/\/www.gasia.com.tr\/en\/wp-json\/wp\/v2\/product"}],"about":[{"href":"https:\/\/www.gasia.com.tr\/en\/wp-json\/wp\/v2\/types\/product"}],"replies":[{"embeddable":true,"href":"https:\/\/www.gasia.com.tr\/en\/wp-json\/wp\/v2\/comments?post=40564"}],"version-history":[{"count":3,"href":"https:\/\/www.gasia.com.tr\/en\/wp-json\/wp\/v2\/product\/40564\/revisions"}],"predecessor-version":[{"id":40631,"href":"https:\/\/www.gasia.com.tr\/en\/wp-json\/wp\/v2\/product\/40564\/revisions\/40631"}],"wp:featuredmedia":[{"embeddable":true,"href":"https:\/\/www.gasia.com.tr\/en\/wp-json\/wp\/v2\/media\/40610"}],"wp:attachment":[{"href":"https:\/\/www.gasia.com.tr\/en\/wp-json\/wp\/v2\/media?parent=40564"}],"wp:term":[{"taxonomy":"product_brand","embeddable":true,"href":"https:\/\/www.gasia.com.tr\/en\/wp-json\/wp\/v2\/product_brand?post=40564"},{"taxonomy":"product_cat","embeddable":true,"href":"https:\/\/www.gasia.com.tr\/en\/wp-json\/wp\/v2\/product_cat?post=40564"},{"taxonomy":"product_tag","embeddable":true,"href":"https:\/\/www.gasia.com.tr\/en\/wp-json\/wp\/v2\/product_tag?post=40564"}],"curies":[{"name":"wp","href":"https:\/\/api.w.org\/{rel}","templated":true}]}}