{"id":40571,"date":"2026-02-03T11:00:00","date_gmt":"2026-02-03T08:00:00","guid":{"rendered":"https:\/\/www.gasia.com.tr\/?post_type=product&#038;p=40571"},"modified":"2026-03-30T17:53:01","modified_gmt":"2026-03-30T14:53:01","slug":"mineli-nazar-goz-kupe-altin-cerceveli-minimal-goz-kupe","status":"publish","type":"product","link":"https:\/\/www.gasia.com.tr\/en\/collections\/mineli-nazar-goz-kupe-altin-cerceveli-minimal-goz-kupe\/","title":{"rendered":"Mineli Nazar G\u00f6z K\u00fcpe \u2013 Alt\u0131n \u00c7er\u00e7eveli Minimal G\u00f6z K\u00fcpe"},"content":{"rendered":"<p>\u015eans ve korumay\u0131 simgeleyen nazar g\u00f6z motifi, bu minimal k\u00fcpe tasar\u0131m\u0131nda modern bir yorumla hayat buluyor. Canl\u0131 turkuaz mine detay\u0131 ve alt\u0131n \u00e7er\u00e7evesiyle hem enerjik hem zarif bir g\u00f6r\u00fcn\u00fcm sunan bu k\u00fcpe, g\u00fcnl\u00fck stilinize anlaml\u0131 ve \u015f\u0131k bir dokunu\u015f katar.<\/p>","protected":false},"excerpt":{"rendered":"<ul>\n<li>14 Ayar Alt\u0131n<\/li>\n<\/ul>","protected":false},"featured_media":40572,"comment_status":"open","ping_status":"closed","template":"","meta":[],"product_brand":[],"product_cat":[74,198],"product_tag":[1713,2571,2568,2564,2566,2158,2565,1543,2570,2567,1537,1639,2569,2393,2396],"class_list":{"0":"post-40571","1":"product","2":"type-product","3":"status-publish","4":"has-post-thumbnail","6":"product_cat-kupe-modelleri","7":"product_cat-eye-collection","8":"product_tag-altin-kupe","9":"product_tag-dainty-earrings","10":"product_tag-enamel-earring","11":"product_tag-evil-eye-earring","12":"product_tag-eye-earring","13":"product_tag-gold-earring","14":"product_tag-goz-kupe","15":"product_tag-gunluk-kupe","16":"product_tag-lucky-charm-earring","17":"product_tag-mineli-kupe","18":"product_tag-minimal-kupe","19":"product_tag-minimalist-jewelry","20":"product_tag-nazar-boncugu-kupe","21":"product_tag-nazar-kupe","22":"product_tag-protection-jewelry","23":"pa_cinsiyet-kadin","25":"first","26":"instock","27":"sale","28":"shipping-taxable","29":"purchasable","30":"product-type-simple"},"_links":{"self":[{"href":"https:\/\/www.gasia.com.tr\/en\/wp-json\/wp\/v2\/product\/40571","targetHints":{"allow":["GET"]}}],"collection":[{"href":"https:\/\/www.gasia.com.tr\/en\/wp-json\/wp\/v2\/product"}],"about":[{"href":"https:\/\/www.gasia.com.tr\/en\/wp-json\/wp\/v2\/types\/product"}],"replies":[{"embeddable":true,"href":"https:\/\/www.gasia.com.tr\/en\/wp-json\/wp\/v2\/comments?post=40571"}],"version-history":[{"count":2,"href":"https:\/\/www.gasia.com.tr\/en\/wp-json\/wp\/v2\/product\/40571\/revisions"}],"predecessor-version":[{"id":40618,"href":"https:\/\/www.gasia.com.tr\/en\/wp-json\/wp\/v2\/product\/40571\/revisions\/40618"}],"wp:featuredmedia":[{"embeddable":true,"href":"https:\/\/www.gasia.com.tr\/en\/wp-json\/wp\/v2\/media\/40572"}],"wp:attachment":[{"href":"https:\/\/www.gasia.com.tr\/en\/wp-json\/wp\/v2\/media?parent=40571"}],"wp:term":[{"taxonomy":"product_brand","embeddable":true,"href":"https:\/\/www.gasia.com.tr\/en\/wp-json\/wp\/v2\/product_brand?post=40571"},{"taxonomy":"product_cat","embeddable":true,"href":"https:\/\/www.gasia.com.tr\/en\/wp-json\/wp\/v2\/product_cat?post=40571"},{"taxonomy":"product_tag","embeddable":true,"href":"https:\/\/www.gasia.com.tr\/en\/wp-json\/wp\/v2\/product_tag?post=40571"}],"curies":[{"name":"wp","href":"https:\/\/api.w.org\/{rel}","templated":true}]}}