{"id":40575,"date":"2026-03-23T23:31:21","date_gmt":"2026-03-23T20:31:21","guid":{"rendered":"https:\/\/www.gasia.com.tr\/?post_type=product&#038;p=40575"},"modified":"2026-03-24T14:09:01","modified_gmt":"2026-03-24T11:09:01","slug":"smoky-topaz-tasli-pirlanta-detayli-damla-kupe","status":"publish","type":"product","link":"https:\/\/www.gasia.com.tr\/en\/collections\/smoky-topaz-tasli-pirlanta-detayli-damla-kupe\/","title":{"rendered":"Smoky Topaz ve P\u0131rlanta Ta\u015fl\u0131 K\u00fcpe"},"content":{"rendered":"<p>Do\u011fal ve sofistike tonlar\u0131yla \u00f6ne \u00e7\u0131kan smoky topaz ta\u015f\u0131, p\u0131rlanta detayl\u0131 zarif \u00fcst form ile bulu\u015farak g\u00fc\u00e7l\u00fc ve \u015f\u0131k bir g\u00f6r\u00fcn\u00fcm sunar. Alt\u0131n mont\u00fcr\u00fcyle tamamlanan bu tasar\u0131m, hem g\u00fcnd\u00fcz hem gece stiline zarif bir \u0131\u015f\u0131lt\u0131 katar.<\/p>","protected":false},"excerpt":{"rendered":"<ul>\n<li>18 Ayar alt\u0131n<\/li>\n<li>0,40 ct P\u0131rlanta<\/li>\n<li>20,52ct Smoky Topaz<\/li>\n<\/ul>","protected":false},"featured_media":40576,"comment_status":"open","ping_status":"closed","template":"","meta":[],"product_brand":[],"product_cat":[74],"product_tag":[1713,2573,893,1684,2557,2553,1595,389,2158,2513,1567,814,375,2572,2361],"class_list":{"0":"post-40575","1":"product","2":"type-product","3":"status-publish","4":"has-post-thumbnail","6":"product_cat-kupe-modelleri","7":"product_tag-altin-kupe","8":"product_tag-brown-gemstone-earring","9":"product_tag-damla-kupe","10":"product_tag-dangle-earrings","11":"product_tag-diamond-detail-earring","12":"product_tag-drop-earring","13":"product_tag-elegant-earrings","14":"product_tag-fine-jewelry-earrings","15":"product_tag-gold-earring","16":"product_tag-kahverengi-tas-kupe","17":"product_tag-pirlanta-detayli-kupe","18":"product_tag-sallantili-kupe","19":"product_tag-sik-kupe","20":"product_tag-smoky-quartz-earring","21":"product_tag-smoky-topaz-kupe","22":"pa_cinsiyet-kadin","24":"first","25":"instock","26":"sale","27":"shipping-taxable","28":"purchasable","29":"product-type-simple"},"_links":{"self":[{"href":"https:\/\/www.gasia.com.tr\/en\/wp-json\/wp\/v2\/product\/40575","targetHints":{"allow":["GET"]}}],"collection":[{"href":"https:\/\/www.gasia.com.tr\/en\/wp-json\/wp\/v2\/product"}],"about":[{"href":"https:\/\/www.gasia.com.tr\/en\/wp-json\/wp\/v2\/types\/product"}],"replies":[{"embeddable":true,"href":"https:\/\/www.gasia.com.tr\/en\/wp-json\/wp\/v2\/comments?post=40575"}],"version-history":[{"count":3,"href":"https:\/\/www.gasia.com.tr\/en\/wp-json\/wp\/v2\/product\/40575\/revisions"}],"predecessor-version":[{"id":40652,"href":"https:\/\/www.gasia.com.tr\/en\/wp-json\/wp\/v2\/product\/40575\/revisions\/40652"}],"wp:featuredmedia":[{"embeddable":true,"href":"https:\/\/www.gasia.com.tr\/en\/wp-json\/wp\/v2\/media\/40576"}],"wp:attachment":[{"href":"https:\/\/www.gasia.com.tr\/en\/wp-json\/wp\/v2\/media?parent=40575"}],"wp:term":[{"taxonomy":"product_brand","embeddable":true,"href":"https:\/\/www.gasia.com.tr\/en\/wp-json\/wp\/v2\/product_brand?post=40575"},{"taxonomy":"product_cat","embeddable":true,"href":"https:\/\/www.gasia.com.tr\/en\/wp-json\/wp\/v2\/product_cat?post=40575"},{"taxonomy":"product_tag","embeddable":true,"href":"https:\/\/www.gasia.com.tr\/en\/wp-json\/wp\/v2\/product_tag?post=40575"}],"curies":[{"name":"wp","href":"https:\/\/api.w.org\/{rel}","templated":true}]}}