{"id":40580,"date":"2026-03-23T23:41:25","date_gmt":"2026-03-23T20:41:25","guid":{"rendered":"https:\/\/www.gasia.com.tr\/?post_type=product&#038;p=40580"},"modified":"2026-03-24T12:06:24","modified_gmt":"2026-03-24T09:06:24","slug":"bodrum-celik-ve-rose-altin-detayli-hasir-bileklik","status":"publish","type":"product","link":"https:\/\/www.gasia.com.tr\/en\/collections\/bodrum-celik-ve-rose-altin-detayli-hasir-bileklik\/","title":{"rendered":"Bodrum \u00c7elik ve Rose Alt\u0131n Detayl\u0131 Has\u0131r Bileklik"},"content":{"rendered":"<p>Dayan\u0131kl\u0131 \u00e7elik g\u00f6vde ve s\u0131cak alt\u0131n detaylar\u0131n uyumuyla tasarlanan bu has\u0131r bileklik, modern ve zamans\u0131z bir stil sunar. Minimal formu sayesinde hem g\u00fcnl\u00fck kullan\u0131ma hem de \u015f\u0131k kombinlere kolayca uyum sa\u011flayan, g\u00fc\u00e7l\u00fc ve zarif bir aksesuard\u0131r.<\/p>","protected":false},"excerpt":{"rendered":"<ul>\n<li>14 Ayar Alt\u0131n<\/li>\n<\/ul>","protected":false},"featured_media":40581,"comment_status":"open","ping_status":"closed","template":"","meta":[],"product_brand":[],"product_cat":[254],"product_tag":[2580,352,2223,2576,2561,2577,2578,426,1792,2582,2581,2243,2236],"class_list":{"0":"post-40580","1":"product","2":"type-product","3":"status-publish","4":"has-post-thumbnail","6":"product_cat-celik-altin-bileklik","7":"product_tag-celik-altin-bileklik","8":"product_tag-contemporary-jewelry","9":"product_tag-gunluk-bileklik","10":"product_tag-hasir-bileklik","11":"product_tag-iki-renkli-bileklik","12":"product_tag-mesh-bracelet","13":"product_tag-minimal-bilezik","14":"product_tag-minimalist-bracelet","15":"product_tag-modern-taki","16":"product_tag-stackable-bracelet","17":"product_tag-steel-gold-bracelet","18":"product_tag-two-tone-bracelet","19":"product_tag-unisex-bileklik","20":"pa_cinsiyet-erkek","22":"first","23":"instock","24":"sale","25":"shipping-taxable","26":"purchasable","27":"product-type-simple"},"_links":{"self":[{"href":"https:\/\/www.gasia.com.tr\/en\/wp-json\/wp\/v2\/product\/40580","targetHints":{"allow":["GET"]}}],"collection":[{"href":"https:\/\/www.gasia.com.tr\/en\/wp-json\/wp\/v2\/product"}],"about":[{"href":"https:\/\/www.gasia.com.tr\/en\/wp-json\/wp\/v2\/types\/product"}],"replies":[{"embeddable":true,"href":"https:\/\/www.gasia.com.tr\/en\/wp-json\/wp\/v2\/comments?post=40580"}],"version-history":[{"count":2,"href":"https:\/\/www.gasia.com.tr\/en\/wp-json\/wp\/v2\/product\/40580\/revisions"}],"predecessor-version":[{"id":40614,"href":"https:\/\/www.gasia.com.tr\/en\/wp-json\/wp\/v2\/product\/40580\/revisions\/40614"}],"wp:featuredmedia":[{"embeddable":true,"href":"https:\/\/www.gasia.com.tr\/en\/wp-json\/wp\/v2\/media\/40581"}],"wp:attachment":[{"href":"https:\/\/www.gasia.com.tr\/en\/wp-json\/wp\/v2\/media?parent=40580"}],"wp:term":[{"taxonomy":"product_brand","embeddable":true,"href":"https:\/\/www.gasia.com.tr\/en\/wp-json\/wp\/v2\/product_brand?post=40580"},{"taxonomy":"product_cat","embeddable":true,"href":"https:\/\/www.gasia.com.tr\/en\/wp-json\/wp\/v2\/product_cat?post=40580"},{"taxonomy":"product_tag","embeddable":true,"href":"https:\/\/www.gasia.com.tr\/en\/wp-json\/wp\/v2\/product_tag?post=40580"}],"curies":[{"name":"wp","href":"https:\/\/api.w.org\/{rel}","templated":true}]}}