{"id":40599,"date":"2026-03-19T00:00:00","date_gmt":"2026-03-18T21:00:00","guid":{"rendered":"https:\/\/www.gasia.com.tr\/?post_type=product&#038;p=40599"},"modified":"2026-04-02T11:42:22","modified_gmt":"2026-04-02T08:42:22","slug":"kahverengi-orgu-deri-erkek-bileklik-gumus-detayli-sik-ve-maskulen-tasarim-bileklik","status":"publish","type":"product","link":"https:\/\/www.gasia.com.tr\/en\/collections\/kahverengi-orgu-deri-erkek-bileklik-gumus-detayli-sik-ve-maskulen-tasarim-bileklik\/","title":{"rendered":"Kahverengi \u00d6rg\u00fc Deri Erkek Bileklik \u2013 G\u00fcm\u00fc\u015f Detayl\u0131, \u015e\u0131k ve Mask\u00fclen Tasar\u0131m Bileklik"},"content":{"rendered":"<p>S\u0131cak kahverengi tonlar\u0131yla \u00f6ne \u00e7\u0131kan bu \u00f6rg\u00fc deri erkek bileklik, g\u00fcm\u00fc\u015f detaylar\u0131yla klasik ve modern tarz\u0131 bir araya getirir. G\u00fcnl\u00fck kullan\u0131mda rahatl\u0131kla tercih edilebilen bu \u015f\u0131k tasar\u0131m, g\u00fc\u00e7l\u00fc ve karizmatik bir stil sunar. Kaliteli i\u015f\u00e7ili\u011fi ve zamans\u0131z g\u00f6r\u00fcn\u00fcm\u00fcyle erkek aksesuarlar\u0131nda vazge\u00e7ilmez bir par\u00e7ad\u0131r.<\/p>","protected":false},"excerpt":{"rendered":"<ul>\n<li>925 Ayar Okside G\u00fcm\u00fc\u015f<\/li>\n<li>0,14ct P\u0131rlanta<\/li>\n<\/ul>","protected":false},"featured_media":40600,"comment_status":"open","ping_status":"closed","template":"","meta":[],"product_brand":[],"product_cat":[253,168],"product_tag":[2633,2629,551,2638,2631,2635,2603,2613,2267,2610,617,543,2601,540,2600,2599,1861,2620,541,2625,544,2636,2628,2606,2595,2609,556,548,1778,620,2605,2423,559,1873,546,2621,2626,2622,2602,2632,547,2612,545,2639,2637],"class_list":{"0":"post-40599","1":"product","2":"type-product","3":"status-publish","4":"has-post-thumbnail","6":"product_cat-deri-bileklikler","7":"product_cat-for-men","8":"product_tag-braided-bracelet-men","9":"product_tag-braided-leather-bracelet","10":"product_tag-brown-leather-bracelet","11":"product_tag-brown-men-bracelet","12":"product_tag-casual-men-bracelet","13":"product_tag-classic-men-bracelet","14":"product_tag-cool-erkek-bileklik","15":"product_tag-cool-men-bracelet","16":"product_tag-deri-bileklik-erkek","17":"product_tag-designer-men-bracelet","18":"product_tag-erkek-aksesuar","19":"product_tag-erkek-bileklik","20":"product_tag-erkek-bileklik-modelleri","21":"product_tag-erkek-deri-bileklik","22":"product_tag-erkek-hediye-bileklik","23":"product_tag-erkek-stil-bileklik","24":"product_tag-erkek-taki","25":"product_tag-gift-for-men-bracelet","26":"product_tag-gumus-detayli-bileklik","27":"product_tag-gunluk-erkek-bileklik","28":"product_tag-kahverengi-deri-bileklik","29":"product_tag-kahverengi-erkek-bileklik","30":"product_tag-klasik-erkek-bileklik","31":"product_tag-leather-bracelet-men","32":"product_tag-luks-erkek-bileklik","33":"product_tag-luxury-men-bracelet","34":"product_tag-masculine-bracelet","35":"product_tag-maskulen-bileklik","36":"product_tag-men-accessories","37":"product_tag-men-bracelet","38":"product_tag-men-leather-bracelet","39":"product_tag-mens-bracelet","40":"product_tag-mens-fashion-bracelet","41":"product_tag-mens-jewelry","42":"product_tag-modern-erkek-bileklik","43":"product_tag-modern-men-bracelet","44":"product_tag-orgu-bileklik-erkek","45":"product_tag-orgu-deri-bileklik","46":"product_tag-premium-erkek-bileklik","47":"product_tag-premium-men-bracelet","48":"product_tag-sik-erkek-bileklik","49":"product_tag-stylish-men-bracelet","50":"product_tag-tasarim-erkek-bileklik","51":"product_tag-timeless-men-bracelet","52":"product_tag-zamansiz-erkek-bileklik","53":"pa_cinsiyet-erkek","55":"first","56":"instock","57":"sale","58":"shipping-taxable","59":"purchasable","60":"product-type-simple"},"_links":{"self":[{"href":"https:\/\/www.gasia.com.tr\/en\/wp-json\/wp\/v2\/product\/40599","targetHints":{"allow":["GET"]}}],"collection":[{"href":"https:\/\/www.gasia.com.tr\/en\/wp-json\/wp\/v2\/product"}],"about":[{"href":"https:\/\/www.gasia.com.tr\/en\/wp-json\/wp\/v2\/types\/product"}],"replies":[{"embeddable":true,"href":"https:\/\/www.gasia.com.tr\/en\/wp-json\/wp\/v2\/comments?post=40599"}],"version-history":[{"count":2,"href":"https:\/\/www.gasia.com.tr\/en\/wp-json\/wp\/v2\/product\/40599\/revisions"}],"predecessor-version":[{"id":40612,"href":"https:\/\/www.gasia.com.tr\/en\/wp-json\/wp\/v2\/product\/40599\/revisions\/40612"}],"wp:featuredmedia":[{"embeddable":true,"href":"https:\/\/www.gasia.com.tr\/en\/wp-json\/wp\/v2\/media\/40600"}],"wp:attachment":[{"href":"https:\/\/www.gasia.com.tr\/en\/wp-json\/wp\/v2\/media?parent=40599"}],"wp:term":[{"taxonomy":"product_brand","embeddable":true,"href":"https:\/\/www.gasia.com.tr\/en\/wp-json\/wp\/v2\/product_brand?post=40599"},{"taxonomy":"product_cat","embeddable":true,"href":"https:\/\/www.gasia.com.tr\/en\/wp-json\/wp\/v2\/product_cat?post=40599"},{"taxonomy":"product_tag","embeddable":true,"href":"https:\/\/www.gasia.com.tr\/en\/wp-json\/wp\/v2\/product_tag?post=40599"}],"curies":[{"name":"wp","href":"https:\/\/api.w.org\/{rel}","templated":true}]}}